{"id":7121,"date":"2024-11-06T16:39:44","date_gmt":"2024-11-06T16:39:44","guid":{"rendered":"https:\/\/unicasa.co\/?post_type=product&#038;p=7121"},"modified":"2025-01-21T10:05:45","modified_gmt":"2025-01-21T10:05:45","slug":"colina-body-fly-con-salpicaduras-de-burbujas","status":"publish","type":"product","link":"https:\/\/unicasa.co\/fr\/product\/colina-body-fly-con-salpicaduras-de-burbujas\/","title":{"rendered":"Colina Body FLY con salpicaduras de burbujas"},"content":{"rendered":"<div id=\"libelle\">\n<div class=\"mb-2\">botella de 150ml<\/div>\n<\/div>\n<div id=\"mini-shop\" class=\"row mb-3\">\n<div class=\"col-lg-9 col-7\">\n<div class=\"text-muted small mb-2\">72 piezas en la caja<\/div>\n<\/div>\n<\/div>","protected":false},"excerpt":{"rendered":"<div class=\"text-justify mb-4\">FLY Bubble es una fragancia que te aporta una sensaci\u00f3n de frescor y una eficacia infalible. Ha sido cuidadosamente desarrollado para garantizar una fijaci\u00f3n duradera en la piel.<\/div>\n<h6 class=\"titre\">Modo de uso<\/h6>\n<div class=\"text-justify mb-4\">Pulveriza el perfume a unos cent\u00edmetros de tu piel, centr\u00e1ndote en el cuello, interior de las mu\u00f1ecas, etc.<\/div>\n<h6 class=\"titre\">Pir\u00e1mide olfativa<\/h6>\n<div class=\"text-justify mb-3\">Mezcla de frutas<\/div>\n<div class=\"text-justify mb-1\">Nota alta: notas frutales<\/div>\n<div class=\"text-justify mb-1\">Nota de coraz\u00f3n: C\u00edtricos<\/div>\n<div class=\"text-justify mb-1\">Nota de fondo: Vainilla-bals\u00e1mica<\/div>","protected":false},"featured_media":7123,"comment_status":"closed","ping_status":"closed","template":"","meta":{"site-sidebar-layout":"default","site-content-layout":"","ast-site-content-layout":"default","site-content-style":"default","site-sidebar-style":"default","ast-global-header-display":"","ast-banner-title-visibility":"","ast-main-header-display":"","ast-hfb-above-header-display":"","ast-hfb-below-header-display":"","ast-hfb-mobile-header-display":"","site-post-title":"","ast-breadcrumbs-content":"","ast-featured-img":"","footer-sml-layout":"","ast-disable-related-posts":"","theme-transparent-header-meta":"default","adv-header-id-meta":"","stick-header-meta":"","header-above-stick-meta":"","header-main-stick-meta":"","header-below-stick-meta":"","astra-migrate-meta-layouts":"set","ast-page-background-enabled":"default","ast-page-background-meta":{"desktop":{"background-color":"","background-image":"","background-repeat":"repeat","background-position":"center center","background-size":"auto","background-attachment":"scroll","background-type":"","background-media":"","overlay-type":"","overlay-color":"","overlay-opacity":"","overlay-gradient":""},"tablet":{"background-color":"","background-image":"","background-repeat":"repeat","background-position":"center center","background-size":"auto","background-attachment":"scroll","background-type":"","background-media":"","overlay-type":"","overlay-color":"","overlay-opacity":"","overlay-gradient":""},"mobile":{"background-color":"","background-image":"","background-repeat":"repeat","background-position":"center center","background-size":"auto","background-attachment":"scroll","background-type":"","background-media":"","overlay-type":"","overlay-color":"","overlay-opacity":"","overlay-gradient":""}},"ast-content-background-meta":{"desktop":{"background-color":"var(--ast-global-color-5)","background-image":"","background-repeat":"repeat","background-position":"center center","background-size":"auto","background-attachment":"scroll","background-type":"","background-media":"","overlay-type":"","overlay-color":"","overlay-opacity":"","overlay-gradient":""},"tablet":{"background-color":"var(--ast-global-color-5)","background-image":"","background-repeat":"repeat","background-position":"center center","background-size":"auto","background-attachment":"scroll","background-type":"","background-media":"","overlay-type":"","overlay-color":"","overlay-opacity":"","overlay-gradient":""},"mobile":{"background-color":"var(--ast-global-color-5)","background-image":"","background-repeat":"repeat","background-position":"center center","background-size":"auto","background-attachment":"scroll","background-type":"","background-media":"","overlay-type":"","overlay-color":"","overlay-opacity":"","overlay-gradient":""}}},"product_cat":[62,59],"product_tag":[],"class_list":{"0":"post-7121","1":"product","2":"type-product","3":"status-publish","4":"has-post-thumbnail","6":"product_cat-bebe","7":"product_cat-personal","8":"desktop-align-left","9":"tablet-align-left","10":"mobile-align-left","12":"first","13":"instock","14":"shipping-taxable","15":"purchasable","16":"product-type-simple"},"_links":{"self":[{"href":"https:\/\/unicasa.co\/fr\/wp-json\/wp\/v2\/product\/7121"}],"collection":[{"href":"https:\/\/unicasa.co\/fr\/wp-json\/wp\/v2\/product"}],"about":[{"href":"https:\/\/unicasa.co\/fr\/wp-json\/wp\/v2\/types\/product"}],"replies":[{"embeddable":true,"href":"https:\/\/unicasa.co\/fr\/wp-json\/wp\/v2\/comments?post=7121"}],"version-history":[{"count":2,"href":"https:\/\/unicasa.co\/fr\/wp-json\/wp\/v2\/product\/7121\/revisions"}],"predecessor-version":[{"id":7125,"href":"https:\/\/unicasa.co\/fr\/wp-json\/wp\/v2\/product\/7121\/revisions\/7125"}],"wp:featuredmedia":[{"embeddable":true,"href":"https:\/\/unicasa.co\/fr\/wp-json\/wp\/v2\/media\/7123"}],"wp:attachment":[{"href":"https:\/\/unicasa.co\/fr\/wp-json\/wp\/v2\/media?parent=7121"}],"wp:term":[{"taxonomy":"product_cat","embeddable":true,"href":"https:\/\/unicasa.co\/fr\/wp-json\/wp\/v2\/product_cat?post=7121"},{"taxonomy":"product_tag","embeddable":true,"href":"https:\/\/unicasa.co\/fr\/wp-json\/wp\/v2\/product_tag?post=7121"}],"curies":[{"name":"wp","href":"https:\/\/api.w.org\/{rel}","templated":true}]}}