{"id":6958,"date":"2024-10-07T11:47:40","date_gmt":"2024-10-07T10:47:40","guid":{"rendered":"https:\/\/unicasa.co\/?post_type=product&#038;p=6958"},"modified":"2024-10-08T10:30:57","modified_gmt":"2024-10-08T09:30:57","slug":"gel-de-bano-tulipan-negro-besitos-de-fresa-650-ml","status":"publish","type":"product","link":"https:\/\/unicasa.co\/fr\/product\/gel-de-bano-tulipan-negro-besitos-de-fresa-650-ml\/","title":{"rendered":"Gel de Ba\u00f1o Tulip\u00e1n Negro Besitos de Fresa 650 ML"},"content":{"rendered":"<p>\u00bfTe apetece un Besito de Fresa?<\/p>\n<p>El Gel de Ba\u00f1o Tulip\u00e1n Negro Besitos de Fresas convierte tu ba\u00f1o diario en una golosa experiencia, teletransport\u00e1ndote a una dimensi\u00f3n fascinante de olores, sensaciones y recuerdos de la infancia.<\/p>\n<p>Limpia y aromatiza la piel.<\/p>","protected":false},"excerpt":{"rendered":"<p><strong>Los geles de ba\u00f1o que no querr\u00e1s dejar de usar\u2026\u00a0<\/strong>Si buscas un efecto Yummy, cremoso, hidratante y que te transporte al verano\u2026<\/p>\n<p>Te presentamos nuestra nueva linea de gel de ba\u00f1o Yummy Cream Edition. Despertar\u00e1n tus sentidos y perfumar\u00e1n todos tus d\u00edas.<\/p>","protected":false},"featured_media":6920,"comment_status":"closed","ping_status":"closed","template":"","meta":{"site-sidebar-layout":"default","site-content-layout":"","ast-site-content-layout":"default","site-content-style":"default","site-sidebar-style":"default","ast-global-header-display":"","ast-banner-title-visibility":"","ast-main-header-display":"","ast-hfb-above-header-display":"","ast-hfb-below-header-display":"","ast-hfb-mobile-header-display":"","site-post-title":"","ast-breadcrumbs-content":"","ast-featured-img":"","footer-sml-layout":"","ast-disable-related-posts":"","theme-transparent-header-meta":"default","adv-header-id-meta":"","stick-header-meta":"","header-above-stick-meta":"","header-main-stick-meta":"","header-below-stick-meta":"","astra-migrate-meta-layouts":"set","ast-page-background-enabled":"default","ast-page-background-meta":{"desktop":{"background-color":"","background-image":"","background-repeat":"repeat","background-position":"center center","background-size":"auto","background-attachment":"scroll","background-type":"","background-media":"","overlay-type":"","overlay-color":"","overlay-opacity":"","overlay-gradient":""},"tablet":{"background-color":"","background-image":"","background-repeat":"repeat","background-position":"center center","background-size":"auto","background-attachment":"scroll","background-type":"","background-media":"","overlay-type":"","overlay-color":"","overlay-opacity":"","overlay-gradient":""},"mobile":{"background-color":"","background-image":"","background-repeat":"repeat","background-position":"center center","background-size":"auto","background-attachment":"scroll","background-type":"","background-media":"","overlay-type":"","overlay-color":"","overlay-opacity":"","overlay-gradient":""}},"ast-content-background-meta":{"desktop":{"background-color":"var(--ast-global-color-5)","background-image":"","background-repeat":"repeat","background-position":"center center","background-size":"auto","background-attachment":"scroll","background-type":"","background-media":"","overlay-type":"","overlay-color":"","overlay-opacity":"","overlay-gradient":""},"tablet":{"background-color":"var(--ast-global-color-5)","background-image":"","background-repeat":"repeat","background-position":"center center","background-size":"auto","background-attachment":"scroll","background-type":"","background-media":"","overlay-type":"","overlay-color":"","overlay-opacity":"","overlay-gradient":""},"mobile":{"background-color":"var(--ast-global-color-5)","background-image":"","background-repeat":"repeat","background-position":"center center","background-size":"auto","background-attachment":"scroll","background-type":"","background-media":"","overlay-type":"","overlay-color":"","overlay-opacity":"","overlay-gradient":""}}},"product_cat":[59],"product_tag":[94],"class_list":{"0":"post-6958","1":"product","2":"type-product","3":"status-publish","4":"has-post-thumbnail","6":"product_cat-personal","7":"product_tag-tulipan-negro","8":"desktop-align-left","9":"tablet-align-left","10":"mobile-align-left","12":"first","13":"instock","14":"shipping-taxable","15":"purchasable","16":"product-type-simple"},"_links":{"self":[{"href":"https:\/\/unicasa.co\/fr\/wp-json\/wp\/v2\/product\/6958"}],"collection":[{"href":"https:\/\/unicasa.co\/fr\/wp-json\/wp\/v2\/product"}],"about":[{"href":"https:\/\/unicasa.co\/fr\/wp-json\/wp\/v2\/types\/product"}],"replies":[{"embeddable":true,"href":"https:\/\/unicasa.co\/fr\/wp-json\/wp\/v2\/comments?post=6958"}],"version-history":[{"count":1,"href":"https:\/\/unicasa.co\/fr\/wp-json\/wp\/v2\/product\/6958\/revisions"}],"predecessor-version":[{"id":6959,"href":"https:\/\/unicasa.co\/fr\/wp-json\/wp\/v2\/product\/6958\/revisions\/6959"}],"wp:featuredmedia":[{"embeddable":true,"href":"https:\/\/unicasa.co\/fr\/wp-json\/wp\/v2\/media\/6920"}],"wp:attachment":[{"href":"https:\/\/unicasa.co\/fr\/wp-json\/wp\/v2\/media?parent=6958"}],"wp:term":[{"taxonomy":"product_cat","embeddable":true,"href":"https:\/\/unicasa.co\/fr\/wp-json\/wp\/v2\/product_cat?post=6958"},{"taxonomy":"product_tag","embeddable":true,"href":"https:\/\/unicasa.co\/fr\/wp-json\/wp\/v2\/product_tag?post=6958"}],"curies":[{"name":"wp","href":"https:\/\/api.w.org\/{rel}","templated":true}]}}