{"id":6877,"date":"2024-05-03T14:15:49","date_gmt":"2024-05-03T13:15:49","guid":{"rendered":"https:\/\/unicasa.co\/?post_type=product&#038;p=6877"},"modified":"2024-10-08T10:34:02","modified_gmt":"2024-10-08T09:34:02","slug":"spray-acondicionador-shiny-soft-johnsons-baby","status":"publish","type":"product","link":"https:\/\/unicasa.co\/fr\/product\/spray-acondicionador-shiny-soft-johnsons-baby\/","title":{"rendered":"Spray acondicionador Shiny &#038; Soft Johnson&#8217;s Baby"},"content":{"rendered":"<p>\u00a1Chuf, chuf! Aqu\u00ed llega una dosis extra de brillo natural y frescura para el cabello de tu hijo. Enriquecido con aceite de arg\u00e1n y prote\u00ednas de seda, este spray acondicionador sin enjuague para ni\u00f1os dejar\u00e1 el cabello de tu hijo supersedoso y resplandeciente. Tambi\u00e9n ha sido formulado para que sea m\u00e1s suave que los productos para adultos, pero igualmente har\u00e1 que el cabello de tu hijo brille m\u00e1s que cualquier estrella.<\/p>\n<ul>\n<li>Probado por oftalm\u00f3logos y pediatras<\/li>\n<li>F\u00f3rmula NO MORE TEARS<strong><sup>\u00ae<\/sup><\/strong><\/li>\n<li>Hipoalerg\u00e9nico<\/li>\n<li>No contiene\u00a0parabenos, ftalatos, sulfatos ni\u00a0colorantes<\/li>\n<\/ul>","protected":false},"excerpt":{"rendered":"<p>\u00a1Chuf, chuf! Aqu\u00ed llega una dosis extra de brillo natural y frescura para el cabello de tu hijo. Enriquecido con aceite de arg\u00e1n y prote\u00ednas de seda, este spray acondicionador sin enjuague para ni\u00f1os dejar\u00e1 el cabello de tu hijo supersedoso y resplandeciente. Tambi\u00e9n ha sido formulado para que sea m\u00e1s suave que los productos [&hellip;]<\/p>","protected":false},"featured_media":6852,"comment_status":"open","ping_status":"closed","template":"","meta":{"site-sidebar-layout":"default","site-content-layout":"default","ast-site-content-layout":"default","site-content-style":"default","site-sidebar-style":"default","ast-global-header-display":"","ast-banner-title-visibility":"","ast-main-header-display":"","ast-hfb-above-header-display":"","ast-hfb-below-header-display":"","ast-hfb-mobile-header-display":"","site-post-title":"","ast-breadcrumbs-content":"","ast-featured-img":"","footer-sml-layout":"","ast-disable-related-posts":"","theme-transparent-header-meta":"default","adv-header-id-meta":"","stick-header-meta":"","header-above-stick-meta":"","header-main-stick-meta":"","header-below-stick-meta":"","astra-migrate-meta-layouts":"set","ast-page-background-enabled":"default","ast-page-background-meta":{"desktop":{"background-color":"","background-image":"","background-repeat":"repeat","background-position":"center center","background-size":"auto","background-attachment":"scroll","background-type":"","background-media":"","overlay-type":"","overlay-color":"","overlay-opacity":"","overlay-gradient":""},"tablet":{"background-color":"","background-image":"","background-repeat":"repeat","background-position":"center center","background-size":"auto","background-attachment":"scroll","background-type":"","background-media":"","overlay-type":"","overlay-color":"","overlay-opacity":"","overlay-gradient":""},"mobile":{"background-color":"","background-image":"","background-repeat":"repeat","background-position":"center center","background-size":"auto","background-attachment":"scroll","background-type":"","background-media":"","overlay-type":"","overlay-color":"","overlay-opacity":"","overlay-gradient":""}},"ast-content-background-meta":{"desktop":{"background-color":"var(--ast-global-color-5)","background-image":"","background-repeat":"repeat","background-position":"center center","background-size":"auto","background-attachment":"scroll","background-type":"","background-media":"","overlay-type":"","overlay-color":"","overlay-opacity":"","overlay-gradient":""},"tablet":{"background-color":"var(--ast-global-color-5)","background-image":"","background-repeat":"repeat","background-position":"center center","background-size":"auto","background-attachment":"scroll","background-type":"","background-media":"","overlay-type":"","overlay-color":"","overlay-opacity":"","overlay-gradient":""},"mobile":{"background-color":"var(--ast-global-color-5)","background-image":"","background-repeat":"repeat","background-position":"center center","background-size":"auto","background-attachment":"scroll","background-type":"","background-media":"","overlay-type":"","overlay-color":"","overlay-opacity":"","overlay-gradient":""}}},"product_cat":[62],"product_tag":[131],"class_list":{"0":"post-6877","1":"product","2":"type-product","3":"status-publish","4":"has-post-thumbnail","6":"product_cat-bebe","7":"product_tag-jhonsons","8":"desktop-align-left","9":"tablet-align-left","10":"mobile-align-left","12":"first","13":"instock","14":"shipping-taxable","15":"purchasable","16":"product-type-simple"},"_links":{"self":[{"href":"https:\/\/unicasa.co\/fr\/wp-json\/wp\/v2\/product\/6877"}],"collection":[{"href":"https:\/\/unicasa.co\/fr\/wp-json\/wp\/v2\/product"}],"about":[{"href":"https:\/\/unicasa.co\/fr\/wp-json\/wp\/v2\/types\/product"}],"replies":[{"embeddable":true,"href":"https:\/\/unicasa.co\/fr\/wp-json\/wp\/v2\/comments?post=6877"}],"version-history":[{"count":1,"href":"https:\/\/unicasa.co\/fr\/wp-json\/wp\/v2\/product\/6877\/revisions"}],"predecessor-version":[{"id":6878,"href":"https:\/\/unicasa.co\/fr\/wp-json\/wp\/v2\/product\/6877\/revisions\/6878"}],"wp:featuredmedia":[{"embeddable":true,"href":"https:\/\/unicasa.co\/fr\/wp-json\/wp\/v2\/media\/6852"}],"wp:attachment":[{"href":"https:\/\/unicasa.co\/fr\/wp-json\/wp\/v2\/media?parent=6877"}],"wp:term":[{"taxonomy":"product_cat","embeddable":true,"href":"https:\/\/unicasa.co\/fr\/wp-json\/wp\/v2\/product_cat?post=6877"},{"taxonomy":"product_tag","embeddable":true,"href":"https:\/\/unicasa.co\/fr\/wp-json\/wp\/v2\/product_tag?post=6877"}],"curies":[{"name":"wp","href":"https:\/\/api.w.org\/{rel}","templated":true}]}}