{"id":6875,"date":"2024-05-03T14:14:40","date_gmt":"2024-05-03T13:14:40","guid":{"rendered":"https:\/\/unicasa.co\/?post_type=product&#038;p=6875"},"modified":"2024-10-08T10:34:09","modified_gmt":"2024-10-08T09:34:09","slug":"spray-desenredante-no-more-tangles-johnsons-baby","status":"publish","type":"product","link":"https:\/\/unicasa.co\/fr\/product\/spray-desenredante-no-more-tangles-johnsons-baby\/","title":{"rendered":"Spray desenredante No More Tangles Johnson&#8217;s Baby"},"content":{"rendered":"<p>La l\u00ednea de cuidado del cabello para ni\u00f1os JOHNSON&#8217;S<sup>\u00ae<\/sup>\u00a0est\u00e1 especialmente formulada para nutrir el cabello y el cuero cabelludo de beb\u00e9s y ni\u00f1os, con beneficios acondicionadores* para ayudar a los padres a controlar el cabello de los beb\u00e9s y ni\u00f1os peque\u00f1os. El spray desenredante No More Tangles<sup>\u00ae<\/sup>\u00a0permite peinar y modelar f\u00e1cilmente tanto el cabello h\u00famedo o seco como el cabello largo o rizado. Si quieres obtener los mejores resultados, incorp\u00f3ralo a la rutina capilar JOHNSON&#8217;S<sup>\u00ae<\/sup>\u00a0para desenredar m\u00e1s nudos**. Ayuda a mantener el cabello de tu hijo suave, sedoso y menos enredado.\u200b<\/p>\n<ul>\n<li>\u200b\u200bF\u00f3rmula triplemente probada por pediatras, dermat\u00f3logos y oftalm\u00f3logos. \u200b<\/li>\n<li>Sin parabenos, ftalatos, sulfatos, colorantes ni jabones.\u200b<\/li>\n<li>Nuestra f\u00f3rmula NO MORE TEARS<sup>\u00ae<\/sup>\u00a0es tan delicada para los ojos como el agua pura.\u200b<\/li>\n<li>Producto hipoalerg\u00e9nico; formulado para ser delicado, nunca agresivo.\u200b<\/li>\n<\/ul>","protected":false},"excerpt":{"rendered":"<p>La l\u00ednea de cuidado del cabello para ni\u00f1os JOHNSON&#8217;S\u00ae\u00a0est\u00e1 especialmente formulada para nutrir el cabello y el cuero cabelludo de beb\u00e9s y ni\u00f1os, con beneficios acondicionadores* para ayudar a los padres a controlar el cabello de los beb\u00e9s y ni\u00f1os peque\u00f1os. El spray desenredante No More Tangles\u00ae\u00a0permite peinar y modelar f\u00e1cilmente tanto el cabello h\u00famedo [&hellip;]<\/p>","protected":false},"featured_media":6851,"comment_status":"open","ping_status":"closed","template":"","meta":{"site-sidebar-layout":"default","site-content-layout":"default","ast-site-content-layout":"default","site-content-style":"default","site-sidebar-style":"default","ast-global-header-display":"","ast-banner-title-visibility":"","ast-main-header-display":"","ast-hfb-above-header-display":"","ast-hfb-below-header-display":"","ast-hfb-mobile-header-display":"","site-post-title":"","ast-breadcrumbs-content":"","ast-featured-img":"","footer-sml-layout":"","ast-disable-related-posts":"","theme-transparent-header-meta":"default","adv-header-id-meta":"","stick-header-meta":"","header-above-stick-meta":"","header-main-stick-meta":"","header-below-stick-meta":"","astra-migrate-meta-layouts":"set","ast-page-background-enabled":"default","ast-page-background-meta":{"desktop":{"background-color":"","background-image":"","background-repeat":"repeat","background-position":"center center","background-size":"auto","background-attachment":"scroll","background-type":"","background-media":"","overlay-type":"","overlay-color":"","overlay-opacity":"","overlay-gradient":""},"tablet":{"background-color":"","background-image":"","background-repeat":"repeat","background-position":"center center","background-size":"auto","background-attachment":"scroll","background-type":"","background-media":"","overlay-type":"","overlay-color":"","overlay-opacity":"","overlay-gradient":""},"mobile":{"background-color":"","background-image":"","background-repeat":"repeat","background-position":"center center","background-size":"auto","background-attachment":"scroll","background-type":"","background-media":"","overlay-type":"","overlay-color":"","overlay-opacity":"","overlay-gradient":""}},"ast-content-background-meta":{"desktop":{"background-color":"var(--ast-global-color-5)","background-image":"","background-repeat":"repeat","background-position":"center center","background-size":"auto","background-attachment":"scroll","background-type":"","background-media":"","overlay-type":"","overlay-color":"","overlay-opacity":"","overlay-gradient":""},"tablet":{"background-color":"var(--ast-global-color-5)","background-image":"","background-repeat":"repeat","background-position":"center center","background-size":"auto","background-attachment":"scroll","background-type":"","background-media":"","overlay-type":"","overlay-color":"","overlay-opacity":"","overlay-gradient":""},"mobile":{"background-color":"var(--ast-global-color-5)","background-image":"","background-repeat":"repeat","background-position":"center center","background-size":"auto","background-attachment":"scroll","background-type":"","background-media":"","overlay-type":"","overlay-color":"","overlay-opacity":"","overlay-gradient":""}}},"product_cat":[62],"product_tag":[131],"class_list":{"0":"post-6875","1":"product","2":"type-product","3":"status-publish","4":"has-post-thumbnail","6":"product_cat-bebe","7":"product_tag-jhonsons","8":"desktop-align-left","9":"tablet-align-left","10":"mobile-align-left","12":"first","13":"instock","14":"shipping-taxable","15":"purchasable","16":"product-type-simple"},"_links":{"self":[{"href":"https:\/\/unicasa.co\/fr\/wp-json\/wp\/v2\/product\/6875"}],"collection":[{"href":"https:\/\/unicasa.co\/fr\/wp-json\/wp\/v2\/product"}],"about":[{"href":"https:\/\/unicasa.co\/fr\/wp-json\/wp\/v2\/types\/product"}],"replies":[{"embeddable":true,"href":"https:\/\/unicasa.co\/fr\/wp-json\/wp\/v2\/comments?post=6875"}],"version-history":[{"count":1,"href":"https:\/\/unicasa.co\/fr\/wp-json\/wp\/v2\/product\/6875\/revisions"}],"predecessor-version":[{"id":6876,"href":"https:\/\/unicasa.co\/fr\/wp-json\/wp\/v2\/product\/6875\/revisions\/6876"}],"wp:featuredmedia":[{"embeddable":true,"href":"https:\/\/unicasa.co\/fr\/wp-json\/wp\/v2\/media\/6851"}],"wp:attachment":[{"href":"https:\/\/unicasa.co\/fr\/wp-json\/wp\/v2\/media?parent=6875"}],"wp:term":[{"taxonomy":"product_cat","embeddable":true,"href":"https:\/\/unicasa.co\/fr\/wp-json\/wp\/v2\/product_cat?post=6875"},{"taxonomy":"product_tag","embeddable":true,"href":"https:\/\/unicasa.co\/fr\/wp-json\/wp\/v2\/product_tag?post=6875"}],"curies":[{"name":"wp","href":"https:\/\/api.w.org\/{rel}","templated":true}]}}