{"id":6873,"date":"2024-05-03T14:11:59","date_gmt":"2024-05-03T13:11:59","guid":{"rendered":"https:\/\/unicasa.co\/?post_type=product&#038;p=6873"},"modified":"2024-10-08T10:34:17","modified_gmt":"2024-10-08T09:34:17","slug":"champu-para-bebe-johnsons-baby","status":"publish","type":"product","link":"https:\/\/unicasa.co\/fr\/product\/champu-para-bebe-johnsons-baby\/","title":{"rendered":"Champ\u00fa para beb\u00e9 Johnson&#8217;s Baby"},"content":{"rendered":"<p>El champ\u00fa para beb\u00e9 JOHNSON&#8217;S<sup>\u00ae<\/sup>\u00a0es tan delicado para los ojos como el agua pura y est\u00e1 especialmente dise\u00f1ado para limpiar suavemente el delicado cabello y cuero cabelludo de tu beb\u00e9. Enseguida hace espuma y se enjuaga con facilidad, a la vez que deja el cabello del beb\u00e9 suave, brillante y limpio.<\/p>\n<ul>\n<li>F\u00f3rmula triplemente probada por pediatras, dermat\u00f3logos y oftalm\u00f3logos.<\/li>\n<li>Sin parabenos, ftalatos, sulfatos, colorantes ni jabones.<\/li>\n<li>Nuestra f\u00f3rmula NO MORE TEARS<sup>\u00ae<\/sup>\u00a0es tan delicada para los ojos como el agua pura.<\/li>\n<li>Delicado, hipoalarg\u00e9nico y con pH balanceado.<\/li>\n<\/ul>","protected":false},"excerpt":{"rendered":"<p>El champ\u00fa para beb\u00e9 JOHNSON&#8217;S\u00ae\u00a0es tan delicado para los ojos como el agua pura y est\u00e1 especialmente dise\u00f1ado para limpiar suavemente el delicado cabello y cuero cabelludo de tu beb\u00e9. Enseguida hace espuma y se enjuaga con facilidad, a la vez que deja el cabello del beb\u00e9 suave, brillante y limpio. F\u00f3rmula triplemente probada por [&hellip;]<\/p>","protected":false},"featured_media":6850,"comment_status":"open","ping_status":"closed","template":"","meta":{"site-sidebar-layout":"default","site-content-layout":"default","ast-site-content-layout":"default","site-content-style":"default","site-sidebar-style":"default","ast-global-header-display":"","ast-banner-title-visibility":"","ast-main-header-display":"","ast-hfb-above-header-display":"","ast-hfb-below-header-display":"","ast-hfb-mobile-header-display":"","site-post-title":"","ast-breadcrumbs-content":"","ast-featured-img":"","footer-sml-layout":"","ast-disable-related-posts":"","theme-transparent-header-meta":"default","adv-header-id-meta":"","stick-header-meta":"","header-above-stick-meta":"","header-main-stick-meta":"","header-below-stick-meta":"","astra-migrate-meta-layouts":"set","ast-page-background-enabled":"default","ast-page-background-meta":{"desktop":{"background-color":"","background-image":"","background-repeat":"repeat","background-position":"center center","background-size":"auto","background-attachment":"scroll","background-type":"","background-media":"","overlay-type":"","overlay-color":"","overlay-opacity":"","overlay-gradient":""},"tablet":{"background-color":"","background-image":"","background-repeat":"repeat","background-position":"center center","background-size":"auto","background-attachment":"scroll","background-type":"","background-media":"","overlay-type":"","overlay-color":"","overlay-opacity":"","overlay-gradient":""},"mobile":{"background-color":"","background-image":"","background-repeat":"repeat","background-position":"center center","background-size":"auto","background-attachment":"scroll","background-type":"","background-media":"","overlay-type":"","overlay-color":"","overlay-opacity":"","overlay-gradient":""}},"ast-content-background-meta":{"desktop":{"background-color":"var(--ast-global-color-5)","background-image":"","background-repeat":"repeat","background-position":"center center","background-size":"auto","background-attachment":"scroll","background-type":"","background-media":"","overlay-type":"","overlay-color":"","overlay-opacity":"","overlay-gradient":""},"tablet":{"background-color":"var(--ast-global-color-5)","background-image":"","background-repeat":"repeat","background-position":"center center","background-size":"auto","background-attachment":"scroll","background-type":"","background-media":"","overlay-type":"","overlay-color":"","overlay-opacity":"","overlay-gradient":""},"mobile":{"background-color":"var(--ast-global-color-5)","background-image":"","background-repeat":"repeat","background-position":"center center","background-size":"auto","background-attachment":"scroll","background-type":"","background-media":"","overlay-type":"","overlay-color":"","overlay-opacity":"","overlay-gradient":""}}},"product_cat":[62],"product_tag":[131],"class_list":{"0":"post-6873","1":"product","2":"type-product","3":"status-publish","4":"has-post-thumbnail","6":"product_cat-bebe","7":"product_tag-jhonsons","8":"desktop-align-left","9":"tablet-align-left","10":"mobile-align-left","12":"first","13":"instock","14":"shipping-taxable","15":"purchasable","16":"product-type-simple"},"_links":{"self":[{"href":"https:\/\/unicasa.co\/fr\/wp-json\/wp\/v2\/product\/6873"}],"collection":[{"href":"https:\/\/unicasa.co\/fr\/wp-json\/wp\/v2\/product"}],"about":[{"href":"https:\/\/unicasa.co\/fr\/wp-json\/wp\/v2\/types\/product"}],"replies":[{"embeddable":true,"href":"https:\/\/unicasa.co\/fr\/wp-json\/wp\/v2\/comments?post=6873"}],"version-history":[{"count":1,"href":"https:\/\/unicasa.co\/fr\/wp-json\/wp\/v2\/product\/6873\/revisions"}],"predecessor-version":[{"id":6874,"href":"https:\/\/unicasa.co\/fr\/wp-json\/wp\/v2\/product\/6873\/revisions\/6874"}],"wp:featuredmedia":[{"embeddable":true,"href":"https:\/\/unicasa.co\/fr\/wp-json\/wp\/v2\/media\/6850"}],"wp:attachment":[{"href":"https:\/\/unicasa.co\/fr\/wp-json\/wp\/v2\/media?parent=6873"}],"wp:term":[{"taxonomy":"product_cat","embeddable":true,"href":"https:\/\/unicasa.co\/fr\/wp-json\/wp\/v2\/product_cat?post=6873"},{"taxonomy":"product_tag","embeddable":true,"href":"https:\/\/unicasa.co\/fr\/wp-json\/wp\/v2\/product_tag?post=6873"}],"curies":[{"name":"wp","href":"https:\/\/api.w.org\/{rel}","templated":true}]}}