{"id":6870,"date":"2024-05-03T14:10:15","date_gmt":"2024-05-03T13:10:15","guid":{"rendered":"https:\/\/unicasa.co\/?post_type=product&#038;p=6870"},"modified":"2024-10-08T10:34:26","modified_gmt":"2024-10-08T09:34:26","slug":"aceite-para-bebe-johnsons","status":"publish","type":"product","link":"https:\/\/unicasa.co\/fr\/product\/aceite-para-bebe-johnsons\/","title":{"rendered":"Aceite para beb\u00e9 Johnson&#8217;s"},"content":{"rendered":"<p>Usa el aceite para beb\u00e9 JOHNSON&#8217;S<sup>\u00ae<\/sup>\u00a0cuando le hagas masajes a tu hijo y ambos disfrutar\u00e1n de una experiencia de conexi\u00f3n relajante. El aceite para beb\u00e9 JOHNSON&#8217;S<sup>\u00ae<\/sup>\u00a0retiene hasta 10 veces m\u00e1s humedad sobre la piel h\u00fameda que una loci\u00f3n com\u00fan sobre la piel seca, dejando tu piel y la de tu beb\u00e9 suave y tersa. \u200b\u200b<\/p>\n<ul>\n<li>Deja la piel suave como la de un beb\u00e9.\u200b<\/li>\n<li>Producto probado dermatol\u00f3gicamente.\u200b<\/li>\n<li>F\u00f3rmula Clinically Proven Mildness, dise\u00f1ada para la piel delicada del beb\u00e9.\u200b<\/li>\n<li>Sin parabenos, ftalatos ni colorantes.\u200b<\/li>\n<li>Humectaci\u00f3n eficaz para toda la familia<\/li>\n<\/ul>","protected":false},"excerpt":{"rendered":"<p>Usa el aceite para beb\u00e9 JOHNSON&#8217;S\u00ae\u00a0cuando le hagas masajes a tu hijo y ambos disfrutar\u00e1n de una experiencia de conexi\u00f3n relajante. El aceite para beb\u00e9 JOHNSON&#8217;S\u00ae\u00a0retiene hasta 10 veces m\u00e1s humedad sobre la piel h\u00fameda que una loci\u00f3n com\u00fan sobre la piel seca, dejando tu piel y la de tu beb\u00e9 suave y tersa. \u200b\u200b [&hellip;]<\/p>","protected":false},"featured_media":6854,"comment_status":"open","ping_status":"closed","template":"","meta":{"site-sidebar-layout":"default","site-content-layout":"default","ast-site-content-layout":"default","site-content-style":"default","site-sidebar-style":"default","ast-global-header-display":"","ast-banner-title-visibility":"","ast-main-header-display":"","ast-hfb-above-header-display":"","ast-hfb-below-header-display":"","ast-hfb-mobile-header-display":"","site-post-title":"","ast-breadcrumbs-content":"","ast-featured-img":"","footer-sml-layout":"","ast-disable-related-posts":"","theme-transparent-header-meta":"default","adv-header-id-meta":"","stick-header-meta":"","header-above-stick-meta":"","header-main-stick-meta":"","header-below-stick-meta":"","astra-migrate-meta-layouts":"set","ast-page-background-enabled":"default","ast-page-background-meta":{"desktop":{"background-color":"","background-image":"","background-repeat":"repeat","background-position":"center center","background-size":"auto","background-attachment":"scroll","background-type":"","background-media":"","overlay-type":"","overlay-color":"","overlay-opacity":"","overlay-gradient":""},"tablet":{"background-color":"","background-image":"","background-repeat":"repeat","background-position":"center center","background-size":"auto","background-attachment":"scroll","background-type":"","background-media":"","overlay-type":"","overlay-color":"","overlay-opacity":"","overlay-gradient":""},"mobile":{"background-color":"","background-image":"","background-repeat":"repeat","background-position":"center center","background-size":"auto","background-attachment":"scroll","background-type":"","background-media":"","overlay-type":"","overlay-color":"","overlay-opacity":"","overlay-gradient":""}},"ast-content-background-meta":{"desktop":{"background-color":"var(--ast-global-color-5)","background-image":"","background-repeat":"repeat","background-position":"center center","background-size":"auto","background-attachment":"scroll","background-type":"","background-media":"","overlay-type":"","overlay-color":"","overlay-opacity":"","overlay-gradient":""},"tablet":{"background-color":"var(--ast-global-color-5)","background-image":"","background-repeat":"repeat","background-position":"center center","background-size":"auto","background-attachment":"scroll","background-type":"","background-media":"","overlay-type":"","overlay-color":"","overlay-opacity":"","overlay-gradient":""},"mobile":{"background-color":"var(--ast-global-color-5)","background-image":"","background-repeat":"repeat","background-position":"center center","background-size":"auto","background-attachment":"scroll","background-type":"","background-media":"","overlay-type":"","overlay-color":"","overlay-opacity":"","overlay-gradient":""}}},"product_cat":[62],"product_tag":[131],"class_list":{"0":"post-6870","1":"product","2":"type-product","3":"status-publish","4":"has-post-thumbnail","6":"product_cat-bebe","7":"product_tag-jhonsons","8":"desktop-align-left","9":"tablet-align-left","10":"mobile-align-left","12":"first","13":"instock","14":"shipping-taxable","15":"purchasable","16":"product-type-simple"},"_links":{"self":[{"href":"https:\/\/unicasa.co\/fr\/wp-json\/wp\/v2\/product\/6870"}],"collection":[{"href":"https:\/\/unicasa.co\/fr\/wp-json\/wp\/v2\/product"}],"about":[{"href":"https:\/\/unicasa.co\/fr\/wp-json\/wp\/v2\/types\/product"}],"replies":[{"embeddable":true,"href":"https:\/\/unicasa.co\/fr\/wp-json\/wp\/v2\/comments?post=6870"}],"version-history":[{"count":2,"href":"https:\/\/unicasa.co\/fr\/wp-json\/wp\/v2\/product\/6870\/revisions"}],"predecessor-version":[{"id":6872,"href":"https:\/\/unicasa.co\/fr\/wp-json\/wp\/v2\/product\/6870\/revisions\/6872"}],"wp:featuredmedia":[{"embeddable":true,"href":"https:\/\/unicasa.co\/fr\/wp-json\/wp\/v2\/media\/6854"}],"wp:attachment":[{"href":"https:\/\/unicasa.co\/fr\/wp-json\/wp\/v2\/media?parent=6870"}],"wp:term":[{"taxonomy":"product_cat","embeddable":true,"href":"https:\/\/unicasa.co\/fr\/wp-json\/wp\/v2\/product_cat?post=6870"},{"taxonomy":"product_tag","embeddable":true,"href":"https:\/\/unicasa.co\/fr\/wp-json\/wp\/v2\/product_tag?post=6870"}],"curies":[{"name":"wp","href":"https:\/\/api.w.org\/{rel}","templated":true}]}}