{"id":6868,"date":"2024-05-03T14:08:40","date_gmt":"2024-05-03T13:08:40","guid":{"rendered":"https:\/\/unicasa.co\/?post_type=product&#038;p=6868"},"modified":"2024-10-08T10:35:04","modified_gmt":"2024-10-08T09:35:04","slug":"desodorante-en-spray-lactovit-extra-eficaz","status":"publish","type":"product","link":"https:\/\/unicasa.co\/fr\/product\/desodorante-en-spray-lactovit-extra-eficaz\/","title":{"rendered":"Desodorante en Spray Lactovit Extra Eficaz"},"content":{"rendered":"<p>Descubre el desodorante EXTRA EFICAZ, m\u00e1xima protecci\u00f3n contra la transpiraci\u00f3n. Sin alcohol y sin irritaciones.<\/p>\n<p>&nbsp;<\/p>\n<p>Lactovit, el equilibrio perfecto entre eficacia y cuidado. Los desodorantes Lactovit\u00ae cuidan y protegen tu axila. Su tecnolog\u00eda patentada se activa cuando m\u00e1s lo necesitas para combatir el sudor y el mal olor y su f\u00f3rmula con PROTEIN CALCIUM aporta la dosis diaria de fuerza a tu piel para mantenerla fuerte y joven.<\/p>\n<p>&nbsp;<\/p>\n<p>Lactovit\u00ae cuida y protege la piel.<\/p>\n<p>&nbsp;<\/p>\n<p>La dosis diaria de fuerza para tu piel.<\/p>\n<p>&nbsp;<\/p>\n<p><strong>Piel fuerte, piel joven.<\/strong><\/p>","protected":false},"excerpt":{"rendered":"<p>Descubre el desodorante EXTRA EFICAZ, m\u00e1xima protecci\u00f3n contra la transpiraci\u00f3n. Sin alcohol y sin irritaciones. &nbsp; Lactovit, el equilibrio perfecto entre eficacia y cuidado. Los desodorantes Lactovit\u00ae cuidan y protegen tu axila. Su tecnolog\u00eda patentada se activa cuando m\u00e1s lo necesitas para combatir el sudor y el mal olor y su f\u00f3rmula con PROTEIN CALCIUM [&hellip;]<\/p>","protected":false},"featured_media":6855,"comment_status":"open","ping_status":"closed","template":"","meta":{"site-sidebar-layout":"default","site-content-layout":"default","ast-site-content-layout":"default","site-content-style":"default","site-sidebar-style":"default","ast-global-header-display":"","ast-banner-title-visibility":"","ast-main-header-display":"","ast-hfb-above-header-display":"","ast-hfb-below-header-display":"","ast-hfb-mobile-header-display":"","site-post-title":"","ast-breadcrumbs-content":"","ast-featured-img":"","footer-sml-layout":"","ast-disable-related-posts":"","theme-transparent-header-meta":"default","adv-header-id-meta":"","stick-header-meta":"","header-above-stick-meta":"","header-main-stick-meta":"","header-below-stick-meta":"","astra-migrate-meta-layouts":"set","ast-page-background-enabled":"default","ast-page-background-meta":{"desktop":{"background-color":"","background-image":"","background-repeat":"repeat","background-position":"center center","background-size":"auto","background-attachment":"scroll","background-type":"","background-media":"","overlay-type":"","overlay-color":"","overlay-opacity":"","overlay-gradient":""},"tablet":{"background-color":"","background-image":"","background-repeat":"repeat","background-position":"center center","background-size":"auto","background-attachment":"scroll","background-type":"","background-media":"","overlay-type":"","overlay-color":"","overlay-opacity":"","overlay-gradient":""},"mobile":{"background-color":"","background-image":"","background-repeat":"repeat","background-position":"center center","background-size":"auto","background-attachment":"scroll","background-type":"","background-media":"","overlay-type":"","overlay-color":"","overlay-opacity":"","overlay-gradient":""}},"ast-content-background-meta":{"desktop":{"background-color":"var(--ast-global-color-5)","background-image":"","background-repeat":"repeat","background-position":"center center","background-size":"auto","background-attachment":"scroll","background-type":"","background-media":"","overlay-type":"","overlay-color":"","overlay-opacity":"","overlay-gradient":""},"tablet":{"background-color":"var(--ast-global-color-5)","background-image":"","background-repeat":"repeat","background-position":"center center","background-size":"auto","background-attachment":"scroll","background-type":"","background-media":"","overlay-type":"","overlay-color":"","overlay-opacity":"","overlay-gradient":""},"mobile":{"background-color":"var(--ast-global-color-5)","background-image":"","background-repeat":"repeat","background-position":"center center","background-size":"auto","background-attachment":"scroll","background-type":"","background-media":"","overlay-type":"","overlay-color":"","overlay-opacity":"","overlay-gradient":""}}},"product_cat":[59],"product_tag":[129],"class_list":{"0":"post-6868","1":"product","2":"type-product","3":"status-publish","4":"has-post-thumbnail","6":"product_cat-personal","7":"product_tag-lactovit","8":"desktop-align-left","9":"tablet-align-left","10":"mobile-align-left","12":"first","13":"instock","14":"shipping-taxable","15":"purchasable","16":"product-type-simple"},"_links":{"self":[{"href":"https:\/\/unicasa.co\/fr\/wp-json\/wp\/v2\/product\/6868"}],"collection":[{"href":"https:\/\/unicasa.co\/fr\/wp-json\/wp\/v2\/product"}],"about":[{"href":"https:\/\/unicasa.co\/fr\/wp-json\/wp\/v2\/types\/product"}],"replies":[{"embeddable":true,"href":"https:\/\/unicasa.co\/fr\/wp-json\/wp\/v2\/comments?post=6868"}],"version-history":[{"count":1,"href":"https:\/\/unicasa.co\/fr\/wp-json\/wp\/v2\/product\/6868\/revisions"}],"predecessor-version":[{"id":6869,"href":"https:\/\/unicasa.co\/fr\/wp-json\/wp\/v2\/product\/6868\/revisions\/6869"}],"wp:featuredmedia":[{"embeddable":true,"href":"https:\/\/unicasa.co\/fr\/wp-json\/wp\/v2\/media\/6855"}],"wp:attachment":[{"href":"https:\/\/unicasa.co\/fr\/wp-json\/wp\/v2\/media?parent=6868"}],"wp:term":[{"taxonomy":"product_cat","embeddable":true,"href":"https:\/\/unicasa.co\/fr\/wp-json\/wp\/v2\/product_cat?post=6868"},{"taxonomy":"product_tag","embeddable":true,"href":"https:\/\/unicasa.co\/fr\/wp-json\/wp\/v2\/product_tag?post=6868"}],"curies":[{"name":"wp","href":"https:\/\/api.w.org\/{rel}","templated":true}]}}