{"id":6866,"date":"2024-05-03T14:07:07","date_gmt":"2024-05-03T13:07:07","guid":{"rendered":"https:\/\/unicasa.co\/?post_type=product&#038;p=6866"},"modified":"2024-10-08T10:35:12","modified_gmt":"2024-10-08T09:35:12","slug":"leche-corporal-lactovit-urea","status":"publish","type":"product","link":"https:\/\/unicasa.co\/fr\/product\/leche-corporal-lactovit-urea\/","title":{"rendered":"Leche Corporal Lactovit Urea"},"content":{"rendered":"<p>Descubre c\u00f3mo cuidar cada d\u00eda la piel seca y extra seca con la loci\u00f3n corporal Lactovit\u00ae LACTOUREA, N\u00ba1* en Urea.<\/p>\n<p>&nbsp;<\/p>\n<p>Lactourea es la dosis diaria que repara tu piel y con su doble acci\u00f3n, aporta una hidrataci\u00f3n intensiva y repara la barrera cut\u00e1nea aumentado un +60% la producci\u00f3n de ceramidas, ofreciendo as\u00ed una reparaci\u00f3n superior otros productos solo con urea.<\/p>\n<p>&nbsp;<\/p>\n<p>Para piel seca \u2013 extra seca<\/p>\n<p>&nbsp;<\/p>\n<p>Y, adem\u00e1s, con PROTEIN CALCIUM, para mantener tu piel siempre joven<\/p>","protected":false},"excerpt":{"rendered":"<p>Descubre c\u00f3mo cuidar cada d\u00eda la piel seca y extra seca con la loci\u00f3n corporal Lactovit\u00ae LACTOUREA, N\u00ba1* en Urea. &nbsp; Lactourea es la dosis diaria que repara tu piel y con su doble acci\u00f3n, aporta una hidrataci\u00f3n intensiva y repara la barrera cut\u00e1nea aumentado un +60% la producci\u00f3n de ceramidas, ofreciendo as\u00ed una reparaci\u00f3n [&hellip;]<\/p>","protected":false},"featured_media":6856,"comment_status":"open","ping_status":"closed","template":"","meta":{"site-sidebar-layout":"default","site-content-layout":"default","ast-site-content-layout":"default","site-content-style":"default","site-sidebar-style":"default","ast-global-header-display":"","ast-banner-title-visibility":"","ast-main-header-display":"","ast-hfb-above-header-display":"","ast-hfb-below-header-display":"","ast-hfb-mobile-header-display":"","site-post-title":"","ast-breadcrumbs-content":"","ast-featured-img":"","footer-sml-layout":"","ast-disable-related-posts":"","theme-transparent-header-meta":"default","adv-header-id-meta":"","stick-header-meta":"","header-above-stick-meta":"","header-main-stick-meta":"","header-below-stick-meta":"","astra-migrate-meta-layouts":"set","ast-page-background-enabled":"default","ast-page-background-meta":{"desktop":{"background-color":"","background-image":"","background-repeat":"repeat","background-position":"center center","background-size":"auto","background-attachment":"scroll","background-type":"","background-media":"","overlay-type":"","overlay-color":"","overlay-opacity":"","overlay-gradient":""},"tablet":{"background-color":"","background-image":"","background-repeat":"repeat","background-position":"center center","background-size":"auto","background-attachment":"scroll","background-type":"","background-media":"","overlay-type":"","overlay-color":"","overlay-opacity":"","overlay-gradient":""},"mobile":{"background-color":"","background-image":"","background-repeat":"repeat","background-position":"center center","background-size":"auto","background-attachment":"scroll","background-type":"","background-media":"","overlay-type":"","overlay-color":"","overlay-opacity":"","overlay-gradient":""}},"ast-content-background-meta":{"desktop":{"background-color":"var(--ast-global-color-5)","background-image":"","background-repeat":"repeat","background-position":"center center","background-size":"auto","background-attachment":"scroll","background-type":"","background-media":"","overlay-type":"","overlay-color":"","overlay-opacity":"","overlay-gradient":""},"tablet":{"background-color":"var(--ast-global-color-5)","background-image":"","background-repeat":"repeat","background-position":"center center","background-size":"auto","background-attachment":"scroll","background-type":"","background-media":"","overlay-type":"","overlay-color":"","overlay-opacity":"","overlay-gradient":""},"mobile":{"background-color":"var(--ast-global-color-5)","background-image":"","background-repeat":"repeat","background-position":"center center","background-size":"auto","background-attachment":"scroll","background-type":"","background-media":"","overlay-type":"","overlay-color":"","overlay-opacity":"","overlay-gradient":""}}},"product_cat":[60],"product_tag":[129],"class_list":{"0":"post-6866","1":"product","2":"type-product","3":"status-publish","4":"has-post-thumbnail","6":"product_cat-corporal","7":"product_tag-lactovit","8":"desktop-align-left","9":"tablet-align-left","10":"mobile-align-left","12":"first","13":"instock","14":"shipping-taxable","15":"purchasable","16":"product-type-simple"},"_links":{"self":[{"href":"https:\/\/unicasa.co\/fr\/wp-json\/wp\/v2\/product\/6866"}],"collection":[{"href":"https:\/\/unicasa.co\/fr\/wp-json\/wp\/v2\/product"}],"about":[{"href":"https:\/\/unicasa.co\/fr\/wp-json\/wp\/v2\/types\/product"}],"replies":[{"embeddable":true,"href":"https:\/\/unicasa.co\/fr\/wp-json\/wp\/v2\/comments?post=6866"}],"version-history":[{"count":1,"href":"https:\/\/unicasa.co\/fr\/wp-json\/wp\/v2\/product\/6866\/revisions"}],"predecessor-version":[{"id":6867,"href":"https:\/\/unicasa.co\/fr\/wp-json\/wp\/v2\/product\/6866\/revisions\/6867"}],"wp:featuredmedia":[{"embeddable":true,"href":"https:\/\/unicasa.co\/fr\/wp-json\/wp\/v2\/media\/6856"}],"wp:attachment":[{"href":"https:\/\/unicasa.co\/fr\/wp-json\/wp\/v2\/media?parent=6866"}],"wp:term":[{"taxonomy":"product_cat","embeddable":true,"href":"https:\/\/unicasa.co\/fr\/wp-json\/wp\/v2\/product_cat?post=6866"},{"taxonomy":"product_tag","embeddable":true,"href":"https:\/\/unicasa.co\/fr\/wp-json\/wp\/v2\/product_tag?post=6866"}],"curies":[{"name":"wp","href":"https:\/\/api.w.org\/{rel}","templated":true}]}}