{"id":6864,"date":"2024-05-03T13:57:56","date_gmt":"2024-05-03T12:57:56","guid":{"rendered":"https:\/\/unicasa.co\/?post_type=product&#038;p=6864"},"modified":"2024-10-08T10:35:24","modified_gmt":"2024-10-08T09:35:24","slug":"leche-corporal-nutritiva-lactovit","status":"publish","type":"product","link":"https:\/\/unicasa.co\/fr\/product\/leche-corporal-nutritiva-lactovit\/","title":{"rendered":"Leche Corporal Nutritiva Lactovit"},"content":{"rendered":"<p>Descubre c\u00f3mo nutrir tu piel a diario con la marca.<\/p>\n<p>&nbsp;<\/p>\n<p>La loci\u00f3n corporal NUTRITIVA, nutre la piel intensamente y recupera la suavidad incluso de las pieles m\u00e1s secas. Formulada con PROTEIN CALCIUM, tecnolog\u00eda exclusiva que aporta la dosis diaria de fuerza a tu piel para mantenerla joven.<\/p>\n<p>&nbsp;<\/p>\n<p>Gracias a su f\u00f3rmula con activos l\u00e1cteos altamente nutritivos, estimula y refuerza la s\u00edntesis de col\u00e1geno y elastina para lucir una piel m\u00e1s joven de manera natural. Para piel normal y seca.<\/p>\n<p>&nbsp;<\/p>\n<p>Para piel normal \u2013 seca<\/p>\n<p>&nbsp;<\/p>\n<p><strong>Piel fuerte, piel joven<\/strong><\/p>","protected":false},"excerpt":{"rendered":"<p>Descubre c\u00f3mo nutrir tu piel a diario con la marca. &nbsp; La loci\u00f3n corporal NUTRITIVA, nutre la piel intensamente y recupera la suavidad incluso de las pieles m\u00e1s secas. Formulada con PROTEIN CALCIUM, tecnolog\u00eda exclusiva que aporta la dosis diaria de fuerza a tu piel para mantenerla joven. &nbsp; Gracias a su f\u00f3rmula con activos [&hellip;]<\/p>","protected":false},"featured_media":6857,"comment_status":"open","ping_status":"closed","template":"","meta":{"site-sidebar-layout":"default","site-content-layout":"default","ast-site-content-layout":"default","site-content-style":"default","site-sidebar-style":"default","ast-global-header-display":"","ast-banner-title-visibility":"","ast-main-header-display":"","ast-hfb-above-header-display":"","ast-hfb-below-header-display":"","ast-hfb-mobile-header-display":"","site-post-title":"","ast-breadcrumbs-content":"","ast-featured-img":"","footer-sml-layout":"","ast-disable-related-posts":"","theme-transparent-header-meta":"default","adv-header-id-meta":"","stick-header-meta":"","header-above-stick-meta":"","header-main-stick-meta":"","header-below-stick-meta":"","astra-migrate-meta-layouts":"set","ast-page-background-enabled":"default","ast-page-background-meta":{"desktop":{"background-color":"","background-image":"","background-repeat":"repeat","background-position":"center center","background-size":"auto","background-attachment":"scroll","background-type":"","background-media":"","overlay-type":"","overlay-color":"","overlay-opacity":"","overlay-gradient":""},"tablet":{"background-color":"","background-image":"","background-repeat":"repeat","background-position":"center center","background-size":"auto","background-attachment":"scroll","background-type":"","background-media":"","overlay-type":"","overlay-color":"","overlay-opacity":"","overlay-gradient":""},"mobile":{"background-color":"","background-image":"","background-repeat":"repeat","background-position":"center center","background-size":"auto","background-attachment":"scroll","background-type":"","background-media":"","overlay-type":"","overlay-color":"","overlay-opacity":"","overlay-gradient":""}},"ast-content-background-meta":{"desktop":{"background-color":"var(--ast-global-color-5)","background-image":"","background-repeat":"repeat","background-position":"center center","background-size":"auto","background-attachment":"scroll","background-type":"","background-media":"","overlay-type":"","overlay-color":"","overlay-opacity":"","overlay-gradient":""},"tablet":{"background-color":"var(--ast-global-color-5)","background-image":"","background-repeat":"repeat","background-position":"center center","background-size":"auto","background-attachment":"scroll","background-type":"","background-media":"","overlay-type":"","overlay-color":"","overlay-opacity":"","overlay-gradient":""},"mobile":{"background-color":"var(--ast-global-color-5)","background-image":"","background-repeat":"repeat","background-position":"center center","background-size":"auto","background-attachment":"scroll","background-type":"","background-media":"","overlay-type":"","overlay-color":"","overlay-opacity":"","overlay-gradient":""}}},"product_cat":[60],"product_tag":[129],"class_list":{"0":"post-6864","1":"product","2":"type-product","3":"status-publish","4":"has-post-thumbnail","6":"product_cat-corporal","7":"product_tag-lactovit","8":"desktop-align-left","9":"tablet-align-left","10":"mobile-align-left","12":"first","13":"instock","14":"shipping-taxable","15":"purchasable","16":"product-type-simple"},"_links":{"self":[{"href":"https:\/\/unicasa.co\/fr\/wp-json\/wp\/v2\/product\/6864"}],"collection":[{"href":"https:\/\/unicasa.co\/fr\/wp-json\/wp\/v2\/product"}],"about":[{"href":"https:\/\/unicasa.co\/fr\/wp-json\/wp\/v2\/types\/product"}],"replies":[{"embeddable":true,"href":"https:\/\/unicasa.co\/fr\/wp-json\/wp\/v2\/comments?post=6864"}],"version-history":[{"count":1,"href":"https:\/\/unicasa.co\/fr\/wp-json\/wp\/v2\/product\/6864\/revisions"}],"predecessor-version":[{"id":6865,"href":"https:\/\/unicasa.co\/fr\/wp-json\/wp\/v2\/product\/6864\/revisions\/6865"}],"wp:featuredmedia":[{"embeddable":true,"href":"https:\/\/unicasa.co\/fr\/wp-json\/wp\/v2\/media\/6857"}],"wp:attachment":[{"href":"https:\/\/unicasa.co\/fr\/wp-json\/wp\/v2\/media?parent=6864"}],"wp:term":[{"taxonomy":"product_cat","embeddable":true,"href":"https:\/\/unicasa.co\/fr\/wp-json\/wp\/v2\/product_cat?post=6864"},{"taxonomy":"product_tag","embeddable":true,"href":"https:\/\/unicasa.co\/fr\/wp-json\/wp\/v2\/product_tag?post=6864"}],"curies":[{"name":"wp","href":"https:\/\/api.w.org\/{rel}","templated":true}]}}