{"id":6849,"date":"2024-05-03T13:54:29","date_gmt":"2024-05-03T12:54:29","guid":{"rendered":"https:\/\/unicasa.co\/?post_type=product&#038;p=6849"},"modified":"2024-10-08T10:35:41","modified_gmt":"2024-10-08T09:35:41","slug":"gel-de-ducha-nutritivo-lactovit","status":"publish","type":"product","link":"https:\/\/unicasa.co\/fr\/product\/gel-de-ducha-nutritivo-lactovit\/","title":{"rendered":"Gel de Ducha Nutritivo Lactovit"},"content":{"rendered":"<p>El gel de ducha Lactovit\u00ae NUTRITIVO est\u00e1 formulado con PROTEIN CALCIUM, tecnolog\u00eda exclusiva que aporta la dosis diaria de fuerza a tu piel para mantenerla joven.<\/p>\n<p>&nbsp;<\/p>\n<p>Gracias a su f\u00f3rmula con activos l\u00e1cteos altamente nutritivos, estimula y refuerza la s\u00edntesis de col\u00e1geno y elastina para lucir una piel m\u00e1s joven de manera natural. Para piel normal y seca.<\/p>\n<p>&nbsp;<\/p>\n<p><strong>Piel fuerte, piel joven<\/strong><\/p>","protected":false},"excerpt":{"rendered":"<p>El gel de ducha Lactovit\u00ae NUTRITIVO est\u00e1 formulado con PROTEIN CALCIUM, tecnolog\u00eda exclusiva que aporta la dosis diaria de fuerza a tu piel para mantenerla joven. &nbsp; Gracias a su f\u00f3rmula con activos l\u00e1cteos altamente nutritivos, estimula y refuerza la s\u00edntesis de col\u00e1geno y elastina para lucir una piel m\u00e1s joven de manera natural. Para [&hellip;]<\/p>","protected":false},"featured_media":6859,"comment_status":"open","ping_status":"closed","template":"","meta":{"site-sidebar-layout":"default","site-content-layout":"default","ast-site-content-layout":"default","site-content-style":"default","site-sidebar-style":"default","ast-global-header-display":"","ast-banner-title-visibility":"","ast-main-header-display":"","ast-hfb-above-header-display":"","ast-hfb-below-header-display":"","ast-hfb-mobile-header-display":"","site-post-title":"","ast-breadcrumbs-content":"","ast-featured-img":"","footer-sml-layout":"","ast-disable-related-posts":"","theme-transparent-header-meta":"default","adv-header-id-meta":"","stick-header-meta":"","header-above-stick-meta":"","header-main-stick-meta":"","header-below-stick-meta":"","astra-migrate-meta-layouts":"set","ast-page-background-enabled":"default","ast-page-background-meta":{"desktop":{"background-color":"","background-image":"","background-repeat":"repeat","background-position":"center center","background-size":"auto","background-attachment":"scroll","background-type":"","background-media":"","overlay-type":"","overlay-color":"","overlay-opacity":"","overlay-gradient":""},"tablet":{"background-color":"","background-image":"","background-repeat":"repeat","background-position":"center center","background-size":"auto","background-attachment":"scroll","background-type":"","background-media":"","overlay-type":"","overlay-color":"","overlay-opacity":"","overlay-gradient":""},"mobile":{"background-color":"","background-image":"","background-repeat":"repeat","background-position":"center center","background-size":"auto","background-attachment":"scroll","background-type":"","background-media":"","overlay-type":"","overlay-color":"","overlay-opacity":"","overlay-gradient":""}},"ast-content-background-meta":{"desktop":{"background-color":"var(--ast-global-color-5)","background-image":"","background-repeat":"repeat","background-position":"center center","background-size":"auto","background-attachment":"scroll","background-type":"","background-media":"","overlay-type":"","overlay-color":"","overlay-opacity":"","overlay-gradient":""},"tablet":{"background-color":"var(--ast-global-color-5)","background-image":"","background-repeat":"repeat","background-position":"center center","background-size":"auto","background-attachment":"scroll","background-type":"","background-media":"","overlay-type":"","overlay-color":"","overlay-opacity":"","overlay-gradient":""},"mobile":{"background-color":"var(--ast-global-color-5)","background-image":"","background-repeat":"repeat","background-position":"center center","background-size":"auto","background-attachment":"scroll","background-type":"","background-media":"","overlay-type":"","overlay-color":"","overlay-opacity":"","overlay-gradient":""}}},"product_cat":[59],"product_tag":[129],"class_list":{"0":"post-6849","1":"product","2":"type-product","3":"status-publish","4":"has-post-thumbnail","6":"product_cat-personal","7":"product_tag-lactovit","8":"desktop-align-left","9":"tablet-align-left","10":"mobile-align-left","12":"first","13":"instock","14":"shipping-taxable","15":"purchasable","16":"product-type-simple"},"_links":{"self":[{"href":"https:\/\/unicasa.co\/fr\/wp-json\/wp\/v2\/product\/6849"}],"collection":[{"href":"https:\/\/unicasa.co\/fr\/wp-json\/wp\/v2\/product"}],"about":[{"href":"https:\/\/unicasa.co\/fr\/wp-json\/wp\/v2\/types\/product"}],"replies":[{"embeddable":true,"href":"https:\/\/unicasa.co\/fr\/wp-json\/wp\/v2\/comments?post=6849"}],"version-history":[{"count":1,"href":"https:\/\/unicasa.co\/fr\/wp-json\/wp\/v2\/product\/6849\/revisions"}],"predecessor-version":[{"id":6860,"href":"https:\/\/unicasa.co\/fr\/wp-json\/wp\/v2\/product\/6849\/revisions\/6860"}],"wp:featuredmedia":[{"embeddable":true,"href":"https:\/\/unicasa.co\/fr\/wp-json\/wp\/v2\/media\/6859"}],"wp:attachment":[{"href":"https:\/\/unicasa.co\/fr\/wp-json\/wp\/v2\/media?parent=6849"}],"wp:term":[{"taxonomy":"product_cat","embeddable":true,"href":"https:\/\/unicasa.co\/fr\/wp-json\/wp\/v2\/product_cat?post=6849"},{"taxonomy":"product_tag","embeddable":true,"href":"https:\/\/unicasa.co\/fr\/wp-json\/wp\/v2\/product_tag?post=6849"}],"curies":[{"name":"wp","href":"https:\/\/api.w.org\/{rel}","templated":true}]}}