{"id":6845,"date":"2024-05-03T13:27:08","date_gmt":"2024-05-03T12:27:08","guid":{"rendered":"https:\/\/unicasa.co\/?post_type=product&#038;p=6845"},"modified":"2024-10-08T10:35:58","modified_gmt":"2024-10-08T09:35:58","slug":"crema-corporal-lactovit-mousse-crema-lactourea","status":"publish","type":"product","link":"https:\/\/unicasa.co\/fr\/product\/crema-corporal-lactovit-mousse-crema-lactourea\/","title":{"rendered":"Crema Corporal LACTOVIT \u2013 Mousse Crema Lactourea"},"content":{"rendered":"<p>Descubre la nueva Mousse Crema Lactourea de Lactovit. Su exclusiva formula repara y refuerza la piel intensamente. Y su textura mousse, ligera como el aire, aporta una absorci\u00f3n inmediata y un tacto sedoso.<\/p>\n<p>&nbsp;<\/p>\n<p>Lactourea es la dosis diaria que repara tu piel y con su doble acci\u00f3n, aporta una hidrataci\u00f3n intensiva y repara la barrera cut\u00e1nea aumentado un +60% la producci\u00f3n de ceramidas, ofreciendo as\u00ed una reparaci\u00f3n superior otros productos solo con urea.<\/p>\n<p>&nbsp;<\/p>\n<p>Para piel seca \u2013 muy seca<\/p>\n<p>&nbsp;<\/p>\n<p>Y, adem\u00e1s, con PROTEIN CALCIUM, para mantener tu piel siempre joven<\/p>\n<p>&nbsp;<\/p>\n<p><strong>Piel reparada, piel joven<\/strong><\/p>","protected":false},"excerpt":{"rendered":"<p>Descubre la nueva Mousse Crema Lactourea de Lactovit. Su exclusiva formula repara y refuerza la piel intensamente. Y su textura mousse, ligera como el aire, aporta una absorci\u00f3n inmediata y un tacto sedoso. &nbsp; Lactourea es la dosis diaria que repara tu piel y con su doble acci\u00f3n, aporta una hidrataci\u00f3n intensiva y repara la [&hellip;]<\/p>","protected":false},"featured_media":6827,"comment_status":"open","ping_status":"closed","template":"","meta":{"site-sidebar-layout":"default","site-content-layout":"default","ast-site-content-layout":"default","site-content-style":"default","site-sidebar-style":"default","ast-global-header-display":"","ast-banner-title-visibility":"","ast-main-header-display":"","ast-hfb-above-header-display":"","ast-hfb-below-header-display":"","ast-hfb-mobile-header-display":"","site-post-title":"","ast-breadcrumbs-content":"","ast-featured-img":"","footer-sml-layout":"","ast-disable-related-posts":"","theme-transparent-header-meta":"default","adv-header-id-meta":"","stick-header-meta":"","header-above-stick-meta":"","header-main-stick-meta":"","header-below-stick-meta":"","astra-migrate-meta-layouts":"set","ast-page-background-enabled":"default","ast-page-background-meta":{"desktop":{"background-color":"","background-image":"","background-repeat":"repeat","background-position":"center center","background-size":"auto","background-attachment":"scroll","background-type":"","background-media":"","overlay-type":"","overlay-color":"","overlay-opacity":"","overlay-gradient":""},"tablet":{"background-color":"","background-image":"","background-repeat":"repeat","background-position":"center center","background-size":"auto","background-attachment":"scroll","background-type":"","background-media":"","overlay-type":"","overlay-color":"","overlay-opacity":"","overlay-gradient":""},"mobile":{"background-color":"","background-image":"","background-repeat":"repeat","background-position":"center center","background-size":"auto","background-attachment":"scroll","background-type":"","background-media":"","overlay-type":"","overlay-color":"","overlay-opacity":"","overlay-gradient":""}},"ast-content-background-meta":{"desktop":{"background-color":"var(--ast-global-color-5)","background-image":"","background-repeat":"repeat","background-position":"center center","background-size":"auto","background-attachment":"scroll","background-type":"","background-media":"","overlay-type":"","overlay-color":"","overlay-opacity":"","overlay-gradient":""},"tablet":{"background-color":"var(--ast-global-color-5)","background-image":"","background-repeat":"repeat","background-position":"center center","background-size":"auto","background-attachment":"scroll","background-type":"","background-media":"","overlay-type":"","overlay-color":"","overlay-opacity":"","overlay-gradient":""},"mobile":{"background-color":"var(--ast-global-color-5)","background-image":"","background-repeat":"repeat","background-position":"center center","background-size":"auto","background-attachment":"scroll","background-type":"","background-media":"","overlay-type":"","overlay-color":"","overlay-opacity":"","overlay-gradient":""}}},"product_cat":[60],"product_tag":[129],"class_list":{"0":"post-6845","1":"product","2":"type-product","3":"status-publish","4":"has-post-thumbnail","6":"product_cat-corporal","7":"product_tag-lactovit","8":"desktop-align-left","9":"tablet-align-left","10":"mobile-align-left","12":"first","13":"instock","14":"shipping-taxable","15":"purchasable","16":"product-type-simple"},"_links":{"self":[{"href":"https:\/\/unicasa.co\/fr\/wp-json\/wp\/v2\/product\/6845"}],"collection":[{"href":"https:\/\/unicasa.co\/fr\/wp-json\/wp\/v2\/product"}],"about":[{"href":"https:\/\/unicasa.co\/fr\/wp-json\/wp\/v2\/types\/product"}],"replies":[{"embeddable":true,"href":"https:\/\/unicasa.co\/fr\/wp-json\/wp\/v2\/comments?post=6845"}],"version-history":[{"count":1,"href":"https:\/\/unicasa.co\/fr\/wp-json\/wp\/v2\/product\/6845\/revisions"}],"predecessor-version":[{"id":6846,"href":"https:\/\/unicasa.co\/fr\/wp-json\/wp\/v2\/product\/6845\/revisions\/6846"}],"wp:featuredmedia":[{"embeddable":true,"href":"https:\/\/unicasa.co\/fr\/wp-json\/wp\/v2\/media\/6827"}],"wp:attachment":[{"href":"https:\/\/unicasa.co\/fr\/wp-json\/wp\/v2\/media?parent=6845"}],"wp:term":[{"taxonomy":"product_cat","embeddable":true,"href":"https:\/\/unicasa.co\/fr\/wp-json\/wp\/v2\/product_cat?post=6845"},{"taxonomy":"product_tag","embeddable":true,"href":"https:\/\/unicasa.co\/fr\/wp-json\/wp\/v2\/product_tag?post=6845"}],"curies":[{"name":"wp","href":"https:\/\/api.w.org\/{rel}","templated":true}]}}