{"id":6789,"date":"2024-04-24T17:59:30","date_gmt":"2024-04-24T16:59:30","guid":{"rendered":"https:\/\/unicasa.co\/?post_type=product&#038;p=6789"},"modified":"2024-10-08T12:47:23","modified_gmt":"2024-10-08T11:47:23","slug":"dagmar-eau-de-parfum-para-mujer-100ml","status":"publish","type":"product","link":"https:\/\/unicasa.co\/fr\/product\/dagmar-eau-de-parfum-para-mujer-100ml\/","title":{"rendered":"DAGMAR Eau de Parfum para mujer 100ml"},"content":{"rendered":"<div class=\"text-justify mb-4\">\n<p>Una fragancia muy femenina que combina maravillosamente el acorde floral afrutado con la sensualidad del \u00e1mbar amaderado.<\/p>\n<p>La apertura es un vuelo l\u00edrico de notas verdes, afrutadas, chispeantes y sutilmente especiadas: hojas de grosella negra, papaya y canela.<br \/>\nEl coraz\u00f3n gira en torno a un ramo de notas florales: frescas como la fresia y el ciclamen, refinadas y plenamente femeninas como la rosa y la gardenia.<br \/>\nLa base semioriental es una armon\u00eda voluptuosa de vainilla, haba tonka, maderas preciosas y almizcle.<\/p>\n<\/div>\n<h6 class=\"titre\">Modo de empleo<\/h6>\n<div class=\"text-justify mb-4\">Roc\u00eda el perfume a unos cent\u00edmetros de tu piel, centr\u00e1ndote en los puntos calientes (el cuello, el interior de las mu\u00f1ecas y los codos, y detr\u00e1s del l\u00f3bulo de la oreja) para exhalar una fragancia \u00fanica.<\/div>\n<h6 class=\"titre\">Pir\u00e1mide olfativa<\/h6>\n<div class=\"text-justify mb-3\">Floral Frutal<\/div>\n<div class=\"text-justify mb-1\">Nota alta: hojas de grosella negra, papaya, canela<\/div>\n<div class=\"text-justify mb-1\">Nota de coraz\u00f3n: Fresia, Ciclamen, Rosa, Gardenia<\/div>\n<div class=\"text-justify mb-1\">Nota de fondo: vainilla, haba tonka, madera preciosa, almizcle.<\/div>","protected":false},"excerpt":{"rendered":"<p>botella de spray de 100 ml<\/p>","protected":false},"featured_media":6750,"comment_status":"open","ping_status":"closed","template":"","meta":{"site-sidebar-layout":"default","site-content-layout":"default","ast-site-content-layout":"default","site-content-style":"default","site-sidebar-style":"default","ast-global-header-display":"","ast-banner-title-visibility":"","ast-main-header-display":"","ast-hfb-above-header-display":"","ast-hfb-below-header-display":"","ast-hfb-mobile-header-display":"","site-post-title":"","ast-breadcrumbs-content":"","ast-featured-img":"","footer-sml-layout":"","ast-disable-related-posts":"","theme-transparent-header-meta":"default","adv-header-id-meta":"","stick-header-meta":"","header-above-stick-meta":"","header-main-stick-meta":"","header-below-stick-meta":"","astra-migrate-meta-layouts":"set","ast-page-background-enabled":"default","ast-page-background-meta":{"desktop":{"background-color":"","background-image":"","background-repeat":"repeat","background-position":"center center","background-size":"auto","background-attachment":"scroll","background-type":"","background-media":"","overlay-type":"","overlay-color":"","overlay-opacity":"","overlay-gradient":""},"tablet":{"background-color":"","background-image":"","background-repeat":"repeat","background-position":"center center","background-size":"auto","background-attachment":"scroll","background-type":"","background-media":"","overlay-type":"","overlay-color":"","overlay-opacity":"","overlay-gradient":""},"mobile":{"background-color":"","background-image":"","background-repeat":"repeat","background-position":"center center","background-size":"auto","background-attachment":"scroll","background-type":"","background-media":"","overlay-type":"","overlay-color":"","overlay-opacity":"","overlay-gradient":""}},"ast-content-background-meta":{"desktop":{"background-color":"var(--ast-global-color-5)","background-image":"","background-repeat":"repeat","background-position":"center center","background-size":"auto","background-attachment":"scroll","background-type":"","background-media":"","overlay-type":"","overlay-color":"","overlay-opacity":"","overlay-gradient":""},"tablet":{"background-color":"var(--ast-global-color-5)","background-image":"","background-repeat":"repeat","background-position":"center center","background-size":"auto","background-attachment":"scroll","background-type":"","background-media":"","overlay-type":"","overlay-color":"","overlay-opacity":"","overlay-gradient":""},"mobile":{"background-color":"var(--ast-global-color-5)","background-image":"","background-repeat":"repeat","background-position":"center center","background-size":"auto","background-attachment":"scroll","background-type":"","background-media":"","overlay-type":"","overlay-color":"","overlay-opacity":"","overlay-gradient":""}}},"product_cat":[61],"product_tag":[125],"class_list":{"0":"post-6789","1":"product","2":"type-product","3":"status-publish","4":"has-post-thumbnail","6":"product_cat-perfumeria","7":"product_tag-dagmar","8":"desktop-align-left","9":"tablet-align-left","10":"mobile-align-left","12":"first","13":"instock","14":"shipping-taxable","15":"purchasable","16":"product-type-simple"},"_links":{"self":[{"href":"https:\/\/unicasa.co\/fr\/wp-json\/wp\/v2\/product\/6789"}],"collection":[{"href":"https:\/\/unicasa.co\/fr\/wp-json\/wp\/v2\/product"}],"about":[{"href":"https:\/\/unicasa.co\/fr\/wp-json\/wp\/v2\/types\/product"}],"replies":[{"embeddable":true,"href":"https:\/\/unicasa.co\/fr\/wp-json\/wp\/v2\/comments?post=6789"}],"version-history":[{"count":2,"href":"https:\/\/unicasa.co\/fr\/wp-json\/wp\/v2\/product\/6789\/revisions"}],"predecessor-version":[{"id":7000,"href":"https:\/\/unicasa.co\/fr\/wp-json\/wp\/v2\/product\/6789\/revisions\/7000"}],"wp:featuredmedia":[{"embeddable":true,"href":"https:\/\/unicasa.co\/fr\/wp-json\/wp\/v2\/media\/6750"}],"wp:attachment":[{"href":"https:\/\/unicasa.co\/fr\/wp-json\/wp\/v2\/media?parent=6789"}],"wp:term":[{"taxonomy":"product_cat","embeddable":true,"href":"https:\/\/unicasa.co\/fr\/wp-json\/wp\/v2\/product_cat?post=6789"},{"taxonomy":"product_tag","embeddable":true,"href":"https:\/\/unicasa.co\/fr\/wp-json\/wp\/v2\/product_tag?post=6789"}],"curies":[{"name":"wp","href":"https:\/\/api.w.org\/{rel}","templated":true}]}}