{"id":6784,"date":"2024-04-24T17:54:25","date_gmt":"2024-04-24T16:54:25","guid":{"rendered":"https:\/\/unicasa.co\/?post_type=product&#038;p=6784"},"modified":"2024-10-08T12:48:58","modified_gmt":"2024-10-08T11:48:58","slug":"colonia-femenina-dagmar","status":"publish","type":"product","link":"https:\/\/unicasa.co\/fr\/product\/colonia-femenina-dagmar\/","title":{"rendered":"Colonia femenina DAGMAR"},"content":{"rendered":"<div class=\"text-justify mb-4\">Una fragancia equilibrada con notas sensuales y melosas de la que emerge un aura cautivadora.<br \/>\nUn Jard\u00edn del Ed\u00e9n en una botella que armoniza en una melod\u00eda de esencias opulentas y voluptuosas.<br \/>\nSu estela oriental es deliciosamente sublime y revela una fragancia suave y apasionada. DAGMAR agua de Colonia proporciona bienestar y placer.<br \/>\nDagmar, un escape gourmet para una mujer liberada y sensual.<\/div>\n<h6 class=\"titre\">Modo de empleo<\/h6>\n<div class=\"text-justify mb-4\">Roc\u00edate con agua de colonia DAGMAR nada m\u00e1s salir de la ducha o del ba\u00f1o.<\/div>\n<h6 class=\"titre\">Pir\u00e1mide olfativa<\/h6>\n<div class=\"text-justify mb-3\">Floral Frutal<\/div>\n<div class=\"text-justify mb-1\">Nota alta: hojas de grosella negra, papaya, canela<\/div>\n<div class=\"text-justify mb-1\">Nota de coraz\u00f3n: Fresia, Ciclamen, Rosa, Gardenia<\/div>\n<div class=\"text-justify mb-1\">Nota de fondo: vainilla, haba tonka, madera preciosa, almizcle.<\/div>","protected":false},"excerpt":{"rendered":"<p>botella de 500ml<\/p>","protected":false},"featured_media":6785,"comment_status":"open","ping_status":"closed","template":"","meta":{"site-sidebar-layout":"default","site-content-layout":"default","ast-site-content-layout":"default","site-content-style":"default","site-sidebar-style":"default","ast-global-header-display":"","ast-banner-title-visibility":"","ast-main-header-display":"","ast-hfb-above-header-display":"","ast-hfb-below-header-display":"","ast-hfb-mobile-header-display":"","site-post-title":"","ast-breadcrumbs-content":"","ast-featured-img":"","footer-sml-layout":"","ast-disable-related-posts":"","theme-transparent-header-meta":"default","adv-header-id-meta":"","stick-header-meta":"","header-above-stick-meta":"","header-main-stick-meta":"","header-below-stick-meta":"","astra-migrate-meta-layouts":"set","ast-page-background-enabled":"default","ast-page-background-meta":{"desktop":{"background-color":"","background-image":"","background-repeat":"repeat","background-position":"center center","background-size":"auto","background-attachment":"scroll","background-type":"","background-media":"","overlay-type":"","overlay-color":"","overlay-opacity":"","overlay-gradient":""},"tablet":{"background-color":"","background-image":"","background-repeat":"repeat","background-position":"center center","background-size":"auto","background-attachment":"scroll","background-type":"","background-media":"","overlay-type":"","overlay-color":"","overlay-opacity":"","overlay-gradient":""},"mobile":{"background-color":"","background-image":"","background-repeat":"repeat","background-position":"center center","background-size":"auto","background-attachment":"scroll","background-type":"","background-media":"","overlay-type":"","overlay-color":"","overlay-opacity":"","overlay-gradient":""}},"ast-content-background-meta":{"desktop":{"background-color":"var(--ast-global-color-5)","background-image":"","background-repeat":"repeat","background-position":"center center","background-size":"auto","background-attachment":"scroll","background-type":"","background-media":"","overlay-type":"","overlay-color":"","overlay-opacity":"","overlay-gradient":""},"tablet":{"background-color":"var(--ast-global-color-5)","background-image":"","background-repeat":"repeat","background-position":"center center","background-size":"auto","background-attachment":"scroll","background-type":"","background-media":"","overlay-type":"","overlay-color":"","overlay-opacity":"","overlay-gradient":""},"mobile":{"background-color":"var(--ast-global-color-5)","background-image":"","background-repeat":"repeat","background-position":"center center","background-size":"auto","background-attachment":"scroll","background-type":"","background-media":"","overlay-type":"","overlay-color":"","overlay-opacity":"","overlay-gradient":""}}},"product_cat":[59],"product_tag":[125],"class_list":{"0":"post-6784","1":"product","2":"type-product","3":"status-publish","4":"has-post-thumbnail","6":"product_cat-personal","7":"product_tag-dagmar","8":"desktop-align-left","9":"tablet-align-left","10":"mobile-align-left","12":"first","13":"instock","14":"shipping-taxable","15":"purchasable","16":"product-type-simple"},"_links":{"self":[{"href":"https:\/\/unicasa.co\/fr\/wp-json\/wp\/v2\/product\/6784"}],"collection":[{"href":"https:\/\/unicasa.co\/fr\/wp-json\/wp\/v2\/product"}],"about":[{"href":"https:\/\/unicasa.co\/fr\/wp-json\/wp\/v2\/types\/product"}],"replies":[{"embeddable":true,"href":"https:\/\/unicasa.co\/fr\/wp-json\/wp\/v2\/comments?post=6784"}],"version-history":[{"count":2,"href":"https:\/\/unicasa.co\/fr\/wp-json\/wp\/v2\/product\/6784\/revisions"}],"predecessor-version":[{"id":7001,"href":"https:\/\/unicasa.co\/fr\/wp-json\/wp\/v2\/product\/6784\/revisions\/7001"}],"wp:featuredmedia":[{"embeddable":true,"href":"https:\/\/unicasa.co\/fr\/wp-json\/wp\/v2\/media\/6785"}],"wp:attachment":[{"href":"https:\/\/unicasa.co\/fr\/wp-json\/wp\/v2\/media?parent=6784"}],"wp:term":[{"taxonomy":"product_cat","embeddable":true,"href":"https:\/\/unicasa.co\/fr\/wp-json\/wp\/v2\/product_cat?post=6784"},{"taxonomy":"product_tag","embeddable":true,"href":"https:\/\/unicasa.co\/fr\/wp-json\/wp\/v2\/product_tag?post=6784"}],"curies":[{"name":"wp","href":"https:\/\/api.w.org\/{rel}","templated":true}]}}