{"id":6781,"date":"2024-04-24T17:51:04","date_gmt":"2024-04-24T16:51:04","guid":{"rendered":"https:\/\/unicasa.co\/?post_type=product&#038;p=6781"},"modified":"2024-10-08T12:49:13","modified_gmt":"2024-10-08T11:49:13","slug":"mascarilla-natural-beauty-con-manteca-de-karite-y-proteina-de-trigo","status":"publish","type":"product","link":"https:\/\/unicasa.co\/fr\/product\/mascarilla-natural-beauty-con-manteca-de-karite-y-proteina-de-trigo\/","title":{"rendered":"Mascarilla NATURAL BEAUTY con manteca de karit\u00e9 y prote\u00edna de trigo"},"content":{"rendered":"<div class=\"text-justify mb-4\">Un verdadero b\u00e1lsamo de cuidado, la mascarilla de nutrici\u00f3n profunda VITAL NATURAL BEAUTY enriquecida con prote\u00edna de trigo y manteca de karit\u00e9, nutre, hidrata y protege el cabello en profundidad. Su textura flexible y ligera permite utilizarlo como mascarilla o como acondicionador para facilitar el desenredado y aportar brillo, flexibilidad y suavidad al cabello. Para obtener resultados \u00f3ptimos, utilice adem\u00e1s la loci\u00f3n hidratante en spray VITAL NATURAL BEAUTY.<\/div>\n<h6 class=\"titre\">Beneficios del producto<\/h6>\n<div class=\"text-justify mb-4\">\u2022 Nutre e hidrata el cabello<br \/>\n\u2022 Protege el cabello<br \/>\n\u2022 Suaviza y suaviza el cabello<br \/>\n\u2022 Facilita el desenredado<br \/>\n\u2022 Aporta brillo al cabello<\/div>\n<h6 class=\"titre\">Modo de empleo<\/h6>\n<div class=\"text-justify mb-4\">Aplicar mech\u00f3n a mech\u00f3n sobre el cabello aclarado y secado con toalla. Dejar actuar de 5 a 30 minutos dependiendo del estado de tu cabello y luego enjuagar abundantemente.<\/div>","protected":false},"excerpt":{"rendered":"<p>tarro de 300ml<\/p>","protected":false},"featured_media":6747,"comment_status":"open","ping_status":"closed","template":"","meta":{"site-sidebar-layout":"default","site-content-layout":"default","ast-site-content-layout":"default","site-content-style":"default","site-sidebar-style":"default","ast-global-header-display":"","ast-banner-title-visibility":"","ast-main-header-display":"","ast-hfb-above-header-display":"","ast-hfb-below-header-display":"","ast-hfb-mobile-header-display":"","site-post-title":"","ast-breadcrumbs-content":"","ast-featured-img":"","footer-sml-layout":"","ast-disable-related-posts":"","theme-transparent-header-meta":"default","adv-header-id-meta":"","stick-header-meta":"","header-above-stick-meta":"","header-main-stick-meta":"","header-below-stick-meta":"","astra-migrate-meta-layouts":"set","ast-page-background-enabled":"default","ast-page-background-meta":{"desktop":{"background-color":"","background-image":"","background-repeat":"repeat","background-position":"center center","background-size":"auto","background-attachment":"scroll","background-type":"","background-media":"","overlay-type":"","overlay-color":"","overlay-opacity":"","overlay-gradient":""},"tablet":{"background-color":"","background-image":"","background-repeat":"repeat","background-position":"center center","background-size":"auto","background-attachment":"scroll","background-type":"","background-media":"","overlay-type":"","overlay-color":"","overlay-opacity":"","overlay-gradient":""},"mobile":{"background-color":"","background-image":"","background-repeat":"repeat","background-position":"center center","background-size":"auto","background-attachment":"scroll","background-type":"","background-media":"","overlay-type":"","overlay-color":"","overlay-opacity":"","overlay-gradient":""}},"ast-content-background-meta":{"desktop":{"background-color":"var(--ast-global-color-5)","background-image":"","background-repeat":"repeat","background-position":"center center","background-size":"auto","background-attachment":"scroll","background-type":"","background-media":"","overlay-type":"","overlay-color":"","overlay-opacity":"","overlay-gradient":""},"tablet":{"background-color":"var(--ast-global-color-5)","background-image":"","background-repeat":"repeat","background-position":"center center","background-size":"auto","background-attachment":"scroll","background-type":"","background-media":"","overlay-type":"","overlay-color":"","overlay-opacity":"","overlay-gradient":""},"mobile":{"background-color":"var(--ast-global-color-5)","background-image":"","background-repeat":"repeat","background-position":"center center","background-size":"auto","background-attachment":"scroll","background-type":"","background-media":"","overlay-type":"","overlay-color":"","overlay-opacity":"","overlay-gradient":""}}},"product_cat":[57],"product_tag":[123,124],"class_list":{"0":"post-6781","1":"product","2":"type-product","3":"status-publish","4":"has-post-thumbnail","6":"product_cat-capilar","7":"product_tag-natural-beauty","8":"product_tag-vital","9":"desktop-align-left","10":"tablet-align-left","11":"mobile-align-left","13":"first","14":"instock","15":"shipping-taxable","16":"purchasable","17":"product-type-simple"},"_links":{"self":[{"href":"https:\/\/unicasa.co\/fr\/wp-json\/wp\/v2\/product\/6781"}],"collection":[{"href":"https:\/\/unicasa.co\/fr\/wp-json\/wp\/v2\/product"}],"about":[{"href":"https:\/\/unicasa.co\/fr\/wp-json\/wp\/v2\/types\/product"}],"replies":[{"embeddable":true,"href":"https:\/\/unicasa.co\/fr\/wp-json\/wp\/v2\/comments?post=6781"}],"version-history":[{"count":2,"href":"https:\/\/unicasa.co\/fr\/wp-json\/wp\/v2\/product\/6781\/revisions"}],"predecessor-version":[{"id":6783,"href":"https:\/\/unicasa.co\/fr\/wp-json\/wp\/v2\/product\/6781\/revisions\/6783"}],"wp:featuredmedia":[{"embeddable":true,"href":"https:\/\/unicasa.co\/fr\/wp-json\/wp\/v2\/media\/6747"}],"wp:attachment":[{"href":"https:\/\/unicasa.co\/fr\/wp-json\/wp\/v2\/media?parent=6781"}],"wp:term":[{"taxonomy":"product_cat","embeddable":true,"href":"https:\/\/unicasa.co\/fr\/wp-json\/wp\/v2\/product_cat?post=6781"},{"taxonomy":"product_tag","embeddable":true,"href":"https:\/\/unicasa.co\/fr\/wp-json\/wp\/v2\/product_tag?post=6781"}],"curies":[{"name":"wp","href":"https:\/\/api.w.org\/{rel}","templated":true}]}}