{"id":6779,"date":"2024-04-24T17:48:28","date_gmt":"2024-04-24T16:48:28","guid":{"rendered":"https:\/\/unicasa.co\/?post_type=product&#038;p=6779"},"modified":"2024-10-08T12:50:43","modified_gmt":"2024-10-08T11:50:43","slug":"crema-de-cuidado-antiedad-jouvence-con-colageno-y-acidos-de-frutas","status":"publish","type":"product","link":"https:\/\/unicasa.co\/fr\/product\/crema-de-cuidado-antiedad-jouvence-con-colageno-y-acidos-de-frutas\/","title":{"rendered":"Crema de cuidado antiedad JOUVENCE con col\u00e1geno y \u00e1cidos de frutas"},"content":{"rendered":"<p>Devuelve la flexibilidad y juventud a tu piel con la crema JOUVENCE con concentrado de col\u00e1geno y \u00e1cidos de frutas. Gracias a su efecto exfoliante y lifting se reducen los signos del envejecimiento cut\u00e1neo y se regeneran las c\u00e9lulas. Su tez estar\u00e1 preservada y significativamente m\u00e1s radiante.<\/p>\n<p><strong>Beneficios del producto<\/strong><br \/>\nHidrata y aclara la piel.<br \/>\nDa luminosidad a la piel.<br \/>\nSuaviza y reduce los signos de la edad.<\/p>\n<p><strong>Modo de empleo<\/strong><br \/>\nAplicar la crema JOUVENCE ma\u00f1ana y noche sobre el cuerpo y el rostro perfectamente limpios. Aplicar mediante ligeros masajes.<\/p>","protected":false},"excerpt":{"rendered":"<p>Devuelve la flexibilidad y juventud a tu piel con la crema JOUVENCE con concentrado de col\u00e1geno y \u00e1cidos de frutas. Gracias a su efecto exfoliante y lifting se reducen los signos del envejecimiento cut\u00e1neo y se regeneran las c\u00e9lulas. Su tez estar\u00e1 preservada y significativamente m\u00e1s radiante. Beneficios del producto Hidrata y aclara la piel. [&hellip;]<\/p>","protected":false},"featured_media":6757,"comment_status":"open","ping_status":"closed","template":"","meta":{"site-sidebar-layout":"default","site-content-layout":"default","ast-site-content-layout":"default","site-content-style":"default","site-sidebar-style":"default","ast-global-header-display":"","ast-banner-title-visibility":"","ast-main-header-display":"","ast-hfb-above-header-display":"","ast-hfb-below-header-display":"","ast-hfb-mobile-header-display":"","site-post-title":"","ast-breadcrumbs-content":"","ast-featured-img":"","footer-sml-layout":"","ast-disable-related-posts":"","theme-transparent-header-meta":"default","adv-header-id-meta":"","stick-header-meta":"","header-above-stick-meta":"","header-main-stick-meta":"","header-below-stick-meta":"","astra-migrate-meta-layouts":"set","ast-page-background-enabled":"default","ast-page-background-meta":{"desktop":{"background-color":"","background-image":"","background-repeat":"repeat","background-position":"center center","background-size":"auto","background-attachment":"scroll","background-type":"","background-media":"","overlay-type":"","overlay-color":"","overlay-opacity":"","overlay-gradient":""},"tablet":{"background-color":"","background-image":"","background-repeat":"repeat","background-position":"center center","background-size":"auto","background-attachment":"scroll","background-type":"","background-media":"","overlay-type":"","overlay-color":"","overlay-opacity":"","overlay-gradient":""},"mobile":{"background-color":"","background-image":"","background-repeat":"repeat","background-position":"center center","background-size":"auto","background-attachment":"scroll","background-type":"","background-media":"","overlay-type":"","overlay-color":"","overlay-opacity":"","overlay-gradient":""}},"ast-content-background-meta":{"desktop":{"background-color":"var(--ast-global-color-5)","background-image":"","background-repeat":"repeat","background-position":"center center","background-size":"auto","background-attachment":"scroll","background-type":"","background-media":"","overlay-type":"","overlay-color":"","overlay-opacity":"","overlay-gradient":""},"tablet":{"background-color":"var(--ast-global-color-5)","background-image":"","background-repeat":"repeat","background-position":"center center","background-size":"auto","background-attachment":"scroll","background-type":"","background-media":"","overlay-type":"","overlay-color":"","overlay-opacity":"","overlay-gradient":""},"mobile":{"background-color":"var(--ast-global-color-5)","background-image":"","background-repeat":"repeat","background-position":"center center","background-size":"auto","background-attachment":"scroll","background-type":"","background-media":"","overlay-type":"","overlay-color":"","overlay-opacity":"","overlay-gradient":""}}},"product_cat":[58],"product_tag":[122],"class_list":{"0":"post-6779","1":"product","2":"type-product","3":"status-publish","4":"has-post-thumbnail","6":"product_cat-facial","7":"product_tag-jouvence","8":"desktop-align-left","9":"tablet-align-left","10":"mobile-align-left","12":"first","13":"instock","14":"shipping-taxable","15":"purchasable","16":"product-type-simple"},"_links":{"self":[{"href":"https:\/\/unicasa.co\/fr\/wp-json\/wp\/v2\/product\/6779"}],"collection":[{"href":"https:\/\/unicasa.co\/fr\/wp-json\/wp\/v2\/product"}],"about":[{"href":"https:\/\/unicasa.co\/fr\/wp-json\/wp\/v2\/types\/product"}],"replies":[{"embeddable":true,"href":"https:\/\/unicasa.co\/fr\/wp-json\/wp\/v2\/comments?post=6779"}],"version-history":[{"count":1,"href":"https:\/\/unicasa.co\/fr\/wp-json\/wp\/v2\/product\/6779\/revisions"}],"predecessor-version":[{"id":6780,"href":"https:\/\/unicasa.co\/fr\/wp-json\/wp\/v2\/product\/6779\/revisions\/6780"}],"wp:featuredmedia":[{"embeddable":true,"href":"https:\/\/unicasa.co\/fr\/wp-json\/wp\/v2\/media\/6757"}],"wp:attachment":[{"href":"https:\/\/unicasa.co\/fr\/wp-json\/wp\/v2\/media?parent=6779"}],"wp:term":[{"taxonomy":"product_cat","embeddable":true,"href":"https:\/\/unicasa.co\/fr\/wp-json\/wp\/v2\/product_cat?post=6779"},{"taxonomy":"product_tag","embeddable":true,"href":"https:\/\/unicasa.co\/fr\/wp-json\/wp\/v2\/product_tag?post=6779"}],"curies":[{"name":"wp","href":"https:\/\/api.w.org\/{rel}","templated":true}]}}