{"id":6774,"date":"2024-04-24T17:36:07","date_gmt":"2024-04-24T16:36:07","guid":{"rendered":"https:\/\/unicasa.co\/?post_type=product&#038;p=6774"},"modified":"2024-10-08T12:51:08","modified_gmt":"2024-10-08T11:51:08","slug":"locion-stop-mostic","status":"publish","type":"product","link":"https:\/\/unicasa.co\/fr\/product\/locion-stop-mostic\/","title":{"rendered":"Loci\u00f3n STOP MOSTIC"},"content":{"rendered":"<div class=\"text-justify mb-4\">STOP MOUSTIC loci\u00f3n antimosquitos es un repelente dise\u00f1ado para repeler eficazmente los mosquitos y as\u00ed prevenir enfermedades como la malaria. Tambi\u00e9n ayuda a mantener alejadas a las avispas, abejas y moscas. Protege eficazmente contra las picaduras de mosquitos y calma la piel en caso de picaduras. Es apto para toda la familia a partir de los 36 meses. Deja una pel\u00edcula no grasa sobre la piel y no mancha la ropa.<\/div>\n<h6 class=\"titre\">Beneficios del producto<\/h6>\n<div class=\"text-justify mb-4\">Repele eficazmente los mosquitos<br \/>\nAyuda a prevenir enfermedades como la malaria<br \/>\nProtege la piel de las picaduras de mosquitos<br \/>\nCalma la piel en caso de picaduras<\/div>\n<h6 class=\"titre\">Modo de empleo<\/h6>\n<div class=\"text-justify mb-4\">Pulverizar sobre todas las partes expuestas del cuerpo. Para aplicaci\u00f3n en el rostro, rociar las manos y aplicar en las mejillas y la frente, evitando ojos y boca. Luego l\u00e1vate las manos.<br \/>\nPara ni\u00f1os de 3 a 6 a\u00f1os: no exceder de una aplicaci\u00f3n por d\u00eda.<br \/>\nMayores de 6 a\u00f1os: no exceder de 3 aplicaciones por d\u00eda.<\/div>","protected":false},"excerpt":{"rendered":"<p>STOP MOUSTIC loci\u00f3n antimosquitos es un repelente dise\u00f1ado para repeler eficazmente los mosquitos y as\u00ed prevenir enfermedades como la malaria. Tambi\u00e9n ayuda a mantener alejadas a las avispas, abejas y moscas. Protege eficazmente contra las picaduras de mosquitos y calma la piel en caso de picaduras. Es apto para toda la familia a partir de [&hellip;]<\/p>","protected":false},"featured_media":6753,"comment_status":"open","ping_status":"closed","template":"","meta":{"site-sidebar-layout":"default","site-content-layout":"default","ast-site-content-layout":"default","site-content-style":"default","site-sidebar-style":"default","ast-global-header-display":"","ast-banner-title-visibility":"","ast-main-header-display":"","ast-hfb-above-header-display":"","ast-hfb-below-header-display":"","ast-hfb-mobile-header-display":"","site-post-title":"","ast-breadcrumbs-content":"","ast-featured-img":"","footer-sml-layout":"","ast-disable-related-posts":"","theme-transparent-header-meta":"default","adv-header-id-meta":"","stick-header-meta":"","header-above-stick-meta":"","header-main-stick-meta":"","header-below-stick-meta":"","astra-migrate-meta-layouts":"set","ast-page-background-enabled":"default","ast-page-background-meta":{"desktop":{"background-color":"","background-image":"","background-repeat":"repeat","background-position":"center center","background-size":"auto","background-attachment":"scroll","background-type":"","background-media":"","overlay-type":"","overlay-color":"","overlay-opacity":"","overlay-gradient":""},"tablet":{"background-color":"","background-image":"","background-repeat":"repeat","background-position":"center center","background-size":"auto","background-attachment":"scroll","background-type":"","background-media":"","overlay-type":"","overlay-color":"","overlay-opacity":"","overlay-gradient":""},"mobile":{"background-color":"","background-image":"","background-repeat":"repeat","background-position":"center center","background-size":"auto","background-attachment":"scroll","background-type":"","background-media":"","overlay-type":"","overlay-color":"","overlay-opacity":"","overlay-gradient":""}},"ast-content-background-meta":{"desktop":{"background-color":"var(--ast-global-color-5)","background-image":"","background-repeat":"repeat","background-position":"center center","background-size":"auto","background-attachment":"scroll","background-type":"","background-media":"","overlay-type":"","overlay-color":"","overlay-opacity":"","overlay-gradient":""},"tablet":{"background-color":"var(--ast-global-color-5)","background-image":"","background-repeat":"repeat","background-position":"center center","background-size":"auto","background-attachment":"scroll","background-type":"","background-media":"","overlay-type":"","overlay-color":"","overlay-opacity":"","overlay-gradient":""},"mobile":{"background-color":"var(--ast-global-color-5)","background-image":"","background-repeat":"repeat","background-position":"center center","background-size":"auto","background-attachment":"scroll","background-type":"","background-media":"","overlay-type":"","overlay-color":"","overlay-opacity":"","overlay-gradient":""}}},"product_cat":[59],"product_tag":[],"class_list":{"0":"post-6774","1":"product","2":"type-product","3":"status-publish","4":"has-post-thumbnail","6":"product_cat-personal","7":"desktop-align-left","8":"tablet-align-left","9":"mobile-align-left","11":"first","12":"instock","13":"shipping-taxable","14":"purchasable","15":"product-type-simple"},"_links":{"self":[{"href":"https:\/\/unicasa.co\/fr\/wp-json\/wp\/v2\/product\/6774"}],"collection":[{"href":"https:\/\/unicasa.co\/fr\/wp-json\/wp\/v2\/product"}],"about":[{"href":"https:\/\/unicasa.co\/fr\/wp-json\/wp\/v2\/types\/product"}],"replies":[{"embeddable":true,"href":"https:\/\/unicasa.co\/fr\/wp-json\/wp\/v2\/comments?post=6774"}],"version-history":[{"count":2,"href":"https:\/\/unicasa.co\/fr\/wp-json\/wp\/v2\/product\/6774\/revisions"}],"predecessor-version":[{"id":7002,"href":"https:\/\/unicasa.co\/fr\/wp-json\/wp\/v2\/product\/6774\/revisions\/7002"}],"wp:featuredmedia":[{"embeddable":true,"href":"https:\/\/unicasa.co\/fr\/wp-json\/wp\/v2\/media\/6753"}],"wp:attachment":[{"href":"https:\/\/unicasa.co\/fr\/wp-json\/wp\/v2\/media?parent=6774"}],"wp:term":[{"taxonomy":"product_cat","embeddable":true,"href":"https:\/\/unicasa.co\/fr\/wp-json\/wp\/v2\/product_cat?post=6774"},{"taxonomy":"product_tag","embeddable":true,"href":"https:\/\/unicasa.co\/fr\/wp-json\/wp\/v2\/product_tag?post=6774"}],"curies":[{"name":"wp","href":"https:\/\/api.w.org\/{rel}","templated":true}]}}