{"id":6764,"date":"2024-04-24T17:17:32","date_gmt":"2024-04-24T16:17:32","guid":{"rendered":"https:\/\/unicasa.co\/?post_type=product&#038;p=6764"},"modified":"2024-10-08T12:51:57","modified_gmt":"2024-10-08T11:51:57","slug":"jabon-antibacteriano-sivoderm","status":"publish","type":"product","link":"https:\/\/unicasa.co\/fr\/product\/jabon-antibacteriano-sivoderm\/","title":{"rendered":"Jab\u00f3n antibacteriano SIVODERM"},"content":{"rendered":"<p>Jab\u00f3n de cuidado SIVODERM indicado para todo tipo de pieles, limpia la piel en profundidad y lucha contra: acn\u00e9, puntos negros, eccemas, ampollas, imperfecciones, hongos, picores.<\/p>\n<p><strong>Beneficios del producto<\/strong><\/p>\n<p>Limpia la piel profundamente.<br \/>\nLucha contra las infecciones de la piel (acn\u00e9, puntos negros, eczemas, etc.)<\/p>\n<p><strong>Modo de empleo<\/strong><br \/>\nPara uso en el cuerpo. S\u00f3lo para uso externo. No utilizar en ni\u00f1os menores de 12 a\u00f1os.<\/p>","protected":false},"excerpt":{"rendered":"<p>Jab\u00f3n de cuidado SIVODERM indicado para todo tipo de pieles, limpia la piel en profundidad y lucha contra: acn\u00e9, puntos negros, eccemas, ampollas, imperfecciones, hongos, picores. Beneficios del producto Limpia la piel profundamente. Lucha contra las infecciones de la piel (acn\u00e9, puntos negros, eczemas, etc.) Modo de empleo Para uso en el cuerpo. S\u00f3lo para [&hellip;]<\/p>","protected":false},"featured_media":6761,"comment_status":"open","ping_status":"closed","template":"","meta":{"site-sidebar-layout":"default","site-content-layout":"default","ast-site-content-layout":"default","site-content-style":"default","site-sidebar-style":"default","ast-global-header-display":"","ast-banner-title-visibility":"","ast-main-header-display":"","ast-hfb-above-header-display":"","ast-hfb-below-header-display":"","ast-hfb-mobile-header-display":"","site-post-title":"","ast-breadcrumbs-content":"","ast-featured-img":"","footer-sml-layout":"","ast-disable-related-posts":"","theme-transparent-header-meta":"default","adv-header-id-meta":"","stick-header-meta":"","header-above-stick-meta":"","header-main-stick-meta":"","header-below-stick-meta":"","astra-migrate-meta-layouts":"set","ast-page-background-enabled":"default","ast-page-background-meta":{"desktop":{"background-color":"","background-image":"","background-repeat":"repeat","background-position":"center center","background-size":"auto","background-attachment":"scroll","background-type":"","background-media":"","overlay-type":"","overlay-color":"","overlay-opacity":"","overlay-gradient":""},"tablet":{"background-color":"","background-image":"","background-repeat":"repeat","background-position":"center center","background-size":"auto","background-attachment":"scroll","background-type":"","background-media":"","overlay-type":"","overlay-color":"","overlay-opacity":"","overlay-gradient":""},"mobile":{"background-color":"","background-image":"","background-repeat":"repeat","background-position":"center center","background-size":"auto","background-attachment":"scroll","background-type":"","background-media":"","overlay-type":"","overlay-color":"","overlay-opacity":"","overlay-gradient":""}},"ast-content-background-meta":{"desktop":{"background-color":"var(--ast-global-color-5)","background-image":"","background-repeat":"repeat","background-position":"center center","background-size":"auto","background-attachment":"scroll","background-type":"","background-media":"","overlay-type":"","overlay-color":"","overlay-opacity":"","overlay-gradient":""},"tablet":{"background-color":"var(--ast-global-color-5)","background-image":"","background-repeat":"repeat","background-position":"center center","background-size":"auto","background-attachment":"scroll","background-type":"","background-media":"","overlay-type":"","overlay-color":"","overlay-opacity":"","overlay-gradient":""},"mobile":{"background-color":"var(--ast-global-color-5)","background-image":"","background-repeat":"repeat","background-position":"center center","background-size":"auto","background-attachment":"scroll","background-type":"","background-media":"","overlay-type":"","overlay-color":"","overlay-opacity":"","overlay-gradient":""}}},"product_cat":[60,59],"product_tag":[81],"class_list":{"0":"post-6764","1":"product","2":"type-product","3":"status-publish","4":"has-post-thumbnail","6":"product_cat-corporal","7":"product_cat-personal","8":"product_tag-sivoderm","9":"desktop-align-left","10":"tablet-align-left","11":"mobile-align-left","13":"first","14":"outofstock","15":"shipping-taxable","16":"product-type-simple"},"_links":{"self":[{"href":"https:\/\/unicasa.co\/fr\/wp-json\/wp\/v2\/product\/6764"}],"collection":[{"href":"https:\/\/unicasa.co\/fr\/wp-json\/wp\/v2\/product"}],"about":[{"href":"https:\/\/unicasa.co\/fr\/wp-json\/wp\/v2\/types\/product"}],"replies":[{"embeddable":true,"href":"https:\/\/unicasa.co\/fr\/wp-json\/wp\/v2\/comments?post=6764"}],"version-history":[{"count":3,"href":"https:\/\/unicasa.co\/fr\/wp-json\/wp\/v2\/product\/6764\/revisions"}],"predecessor-version":[{"id":6771,"href":"https:\/\/unicasa.co\/fr\/wp-json\/wp\/v2\/product\/6764\/revisions\/6771"}],"wp:featuredmedia":[{"embeddable":true,"href":"https:\/\/unicasa.co\/fr\/wp-json\/wp\/v2\/media\/6761"}],"wp:attachment":[{"href":"https:\/\/unicasa.co\/fr\/wp-json\/wp\/v2\/media?parent=6764"}],"wp:term":[{"taxonomy":"product_cat","embeddable":true,"href":"https:\/\/unicasa.co\/fr\/wp-json\/wp\/v2\/product_cat?post=6764"},{"taxonomy":"product_tag","embeddable":true,"href":"https:\/\/unicasa.co\/fr\/wp-json\/wp\/v2\/product_tag?post=6764"}],"curies":[{"name":"wp","href":"https:\/\/api.w.org\/{rel}","templated":true}]}}