{"id":6733,"date":"2024-04-14T17:50:57","date_gmt":"2024-04-14T16:50:57","guid":{"rendered":"https:\/\/unicasa.co\/?post_type=product&#038;p=6733"},"modified":"2024-10-10T10:09:29","modified_gmt":"2024-10-10T09:09:29","slug":"the-ordinary-acido-hialuronico-2b5","status":"publish","type":"product","link":"https:\/\/unicasa.co\/fr\/product\/the-ordinary-acido-hialuronico-2b5\/","title":{"rendered":"The Ordinary \u00e1cido hialur\u00f3nico 2%+B5"},"content":{"rendered":"<p>El \u00e1cido hialur\u00f3nico al 2% + B5 proporciona una hidrataci\u00f3n voluminosa instant\u00e1nea para brindar una piel m\u00e1s suave, tersa y de aspecto saludable. La f\u00f3rmula liviana repone los niveles de hidrataci\u00f3n de la piel con resultados durante todo el d\u00eda y ayuda a la piel a retener la humedad para rellenar la piel seca y deshidratada. El \u00e1cido hialur\u00f3nico 2% + B5 tambi\u00e9n promueve la flexibilidad y elasticidad de la piel, al tiempo que minimiza la apariencia de l\u00edneas finas y secas.<\/p>\n<p>Esta formulaci\u00f3n contiene 5 formas de \u00e1cido hialur\u00f3nico, que ayuda a hidratar m\u00faltiples capas de la superficie de la piel. El \u00e1cido hialur\u00f3nico es un humectante que se encuentra naturalmente en la piel donde se une al agua. Las formas incluidas son mol\u00e9culas de peso molecular bajo, medio y alto, un pol\u00edmero cruzado de HA y HA hidrolizado.<\/p>","protected":false},"excerpt":{"rendered":"<p>El \u00e1cido hialur\u00f3nico al 2% + B5 proporciona una hidrataci\u00f3n voluminosa instant\u00e1nea para brindar una piel m\u00e1s suave, tersa y de aspecto saludable. La f\u00f3rmula liviana repone los niveles de hidrataci\u00f3n de la piel con resultados durante todo el d\u00eda y ayuda a la piel a retener la humedad para rellenar la piel seca y [&hellip;]<\/p>","protected":false},"featured_media":6705,"comment_status":"open","ping_status":"closed","template":"","meta":{"site-sidebar-layout":"default","site-content-layout":"default","ast-site-content-layout":"default","site-content-style":"default","site-sidebar-style":"default","ast-global-header-display":"","ast-banner-title-visibility":"","ast-main-header-display":"","ast-hfb-above-header-display":"","ast-hfb-below-header-display":"","ast-hfb-mobile-header-display":"","site-post-title":"","ast-breadcrumbs-content":"","ast-featured-img":"","footer-sml-layout":"","ast-disable-related-posts":"","theme-transparent-header-meta":"default","adv-header-id-meta":"","stick-header-meta":"","header-above-stick-meta":"","header-main-stick-meta":"","header-below-stick-meta":"","astra-migrate-meta-layouts":"set","ast-page-background-enabled":"default","ast-page-background-meta":{"desktop":{"background-color":"","background-image":"","background-repeat":"repeat","background-position":"center center","background-size":"auto","background-attachment":"scroll","background-type":"","background-media":"","overlay-type":"","overlay-color":"","overlay-opacity":"","overlay-gradient":""},"tablet":{"background-color":"","background-image":"","background-repeat":"repeat","background-position":"center center","background-size":"auto","background-attachment":"scroll","background-type":"","background-media":"","overlay-type":"","overlay-color":"","overlay-opacity":"","overlay-gradient":""},"mobile":{"background-color":"","background-image":"","background-repeat":"repeat","background-position":"center center","background-size":"auto","background-attachment":"scroll","background-type":"","background-media":"","overlay-type":"","overlay-color":"","overlay-opacity":"","overlay-gradient":""}},"ast-content-background-meta":{"desktop":{"background-color":"var(--ast-global-color-5)","background-image":"","background-repeat":"repeat","background-position":"center center","background-size":"auto","background-attachment":"scroll","background-type":"","background-media":"","overlay-type":"","overlay-color":"","overlay-opacity":"","overlay-gradient":""},"tablet":{"background-color":"var(--ast-global-color-5)","background-image":"","background-repeat":"repeat","background-position":"center center","background-size":"auto","background-attachment":"scroll","background-type":"","background-media":"","overlay-type":"","overlay-color":"","overlay-opacity":"","overlay-gradient":""},"mobile":{"background-color":"var(--ast-global-color-5)","background-image":"","background-repeat":"repeat","background-position":"center center","background-size":"auto","background-attachment":"scroll","background-type":"","background-media":"","overlay-type":"","overlay-color":"","overlay-opacity":"","overlay-gradient":""}}},"product_cat":[58,138],"product_tag":[120],"class_list":{"0":"post-6733","1":"product","2":"type-product","3":"status-publish","4":"has-post-thumbnail","6":"product_cat-facial","7":"product_cat-unipharm","8":"product_tag-the-ordinary","9":"desktop-align-left","10":"tablet-align-left","11":"mobile-align-left","13":"first","14":"instock","15":"shipping-taxable","16":"purchasable","17":"product-type-simple"},"_links":{"self":[{"href":"https:\/\/unicasa.co\/fr\/wp-json\/wp\/v2\/product\/6733"}],"collection":[{"href":"https:\/\/unicasa.co\/fr\/wp-json\/wp\/v2\/product"}],"about":[{"href":"https:\/\/unicasa.co\/fr\/wp-json\/wp\/v2\/types\/product"}],"replies":[{"embeddable":true,"href":"https:\/\/unicasa.co\/fr\/wp-json\/wp\/v2\/comments?post=6733"}],"version-history":[{"count":1,"href":"https:\/\/unicasa.co\/fr\/wp-json\/wp\/v2\/product\/6733\/revisions"}],"predecessor-version":[{"id":6734,"href":"https:\/\/unicasa.co\/fr\/wp-json\/wp\/v2\/product\/6733\/revisions\/6734"}],"wp:featuredmedia":[{"embeddable":true,"href":"https:\/\/unicasa.co\/fr\/wp-json\/wp\/v2\/media\/6705"}],"wp:attachment":[{"href":"https:\/\/unicasa.co\/fr\/wp-json\/wp\/v2\/media?parent=6733"}],"wp:term":[{"taxonomy":"product_cat","embeddable":true,"href":"https:\/\/unicasa.co\/fr\/wp-json\/wp\/v2\/product_cat?post=6733"},{"taxonomy":"product_tag","embeddable":true,"href":"https:\/\/unicasa.co\/fr\/wp-json\/wp\/v2\/product_tag?post=6733"}],"curies":[{"name":"wp","href":"https:\/\/api.w.org\/{rel}","templated":true}]}}