{"id":6729,"date":"2024-04-14T17:46:03","date_gmt":"2024-04-14T16:46:03","guid":{"rendered":"https:\/\/unicasa.co\/?post_type=product&#038;p=6729"},"modified":"2024-10-10T10:10:08","modified_gmt":"2024-10-10T09:10:08","slug":"the-ordinary-niacinamida-10-zinc-1","status":"publish","type":"product","link":"https:\/\/unicasa.co\/fr\/product\/the-ordinary-niacinamida-10-zinc-1\/","title":{"rendered":"The Ordinary Niacinamida 10% + zinc 1%"},"content":{"rendered":"<p>Nuestra f\u00f3rmula de Niacinamida 10% + Zinc 1% es un suero a base de agua que aumenta el brillo de la piel, mejora la suavidad de la piel y refuerza la barrera cut\u00e1nea con el tiempo. Contiene una alta concentraci\u00f3n del 10% de niacinamida (vitamina b3) y zinc PCA.<\/p>\n<p>Nota: La niacinamida y el zinc PCA no son un tratamiento para el acn\u00e9. Para afecciones persistentes relacionadas con el acn\u00e9, recomendamos hablar con su proveedor de atenci\u00f3n m\u00e9dica sobre las opciones de tratamiento. Esta formulaci\u00f3n se puede utilizar junto con tratamientos para el acn\u00e9 si se desea para obtener beneficios visibles adicionales para la piel.<\/p>","protected":false},"excerpt":{"rendered":"<p>Nuestra f\u00f3rmula de Niacinamida 10% + Zinc 1% es un suero a base de agua que aumenta el brillo de la piel, mejora la suavidad de la piel y refuerza la barrera cut\u00e1nea con el tiempo. Contiene una alta concentraci\u00f3n del 10% de niacinamida (vitamina b3) y zinc PCA. Nota: La niacinamida y el zinc [&hellip;]<\/p>","protected":false},"featured_media":6711,"comment_status":"open","ping_status":"closed","template":"","meta":{"site-sidebar-layout":"default","site-content-layout":"default","ast-site-content-layout":"default","site-content-style":"default","site-sidebar-style":"default","ast-global-header-display":"","ast-banner-title-visibility":"","ast-main-header-display":"","ast-hfb-above-header-display":"","ast-hfb-below-header-display":"","ast-hfb-mobile-header-display":"","site-post-title":"","ast-breadcrumbs-content":"","ast-featured-img":"","footer-sml-layout":"","ast-disable-related-posts":"","theme-transparent-header-meta":"default","adv-header-id-meta":"","stick-header-meta":"","header-above-stick-meta":"","header-main-stick-meta":"","header-below-stick-meta":"","astra-migrate-meta-layouts":"set","ast-page-background-enabled":"default","ast-page-background-meta":{"desktop":{"background-color":"","background-image":"","background-repeat":"repeat","background-position":"center center","background-size":"auto","background-attachment":"scroll","background-type":"","background-media":"","overlay-type":"","overlay-color":"","overlay-opacity":"","overlay-gradient":""},"tablet":{"background-color":"","background-image":"","background-repeat":"repeat","background-position":"center center","background-size":"auto","background-attachment":"scroll","background-type":"","background-media":"","overlay-type":"","overlay-color":"","overlay-opacity":"","overlay-gradient":""},"mobile":{"background-color":"","background-image":"","background-repeat":"repeat","background-position":"center center","background-size":"auto","background-attachment":"scroll","background-type":"","background-media":"","overlay-type":"","overlay-color":"","overlay-opacity":"","overlay-gradient":""}},"ast-content-background-meta":{"desktop":{"background-color":"var(--ast-global-color-5)","background-image":"","background-repeat":"repeat","background-position":"center center","background-size":"auto","background-attachment":"scroll","background-type":"","background-media":"","overlay-type":"","overlay-color":"","overlay-opacity":"","overlay-gradient":""},"tablet":{"background-color":"var(--ast-global-color-5)","background-image":"","background-repeat":"repeat","background-position":"center center","background-size":"auto","background-attachment":"scroll","background-type":"","background-media":"","overlay-type":"","overlay-color":"","overlay-opacity":"","overlay-gradient":""},"mobile":{"background-color":"var(--ast-global-color-5)","background-image":"","background-repeat":"repeat","background-position":"center center","background-size":"auto","background-attachment":"scroll","background-type":"","background-media":"","overlay-type":"","overlay-color":"","overlay-opacity":"","overlay-gradient":""}}},"product_cat":[58,138],"product_tag":[120],"class_list":{"0":"post-6729","1":"product","2":"type-product","3":"status-publish","4":"has-post-thumbnail","6":"product_cat-facial","7":"product_cat-unipharm","8":"product_tag-the-ordinary","9":"desktop-align-left","10":"tablet-align-left","11":"mobile-align-left","13":"first","14":"outofstock","15":"featured","16":"shipping-taxable","17":"purchasable","18":"product-type-simple"},"_links":{"self":[{"href":"https:\/\/unicasa.co\/fr\/wp-json\/wp\/v2\/product\/6729"}],"collection":[{"href":"https:\/\/unicasa.co\/fr\/wp-json\/wp\/v2\/product"}],"about":[{"href":"https:\/\/unicasa.co\/fr\/wp-json\/wp\/v2\/types\/product"}],"replies":[{"embeddable":true,"href":"https:\/\/unicasa.co\/fr\/wp-json\/wp\/v2\/comments?post=6729"}],"version-history":[{"count":1,"href":"https:\/\/unicasa.co\/fr\/wp-json\/wp\/v2\/product\/6729\/revisions"}],"predecessor-version":[{"id":6730,"href":"https:\/\/unicasa.co\/fr\/wp-json\/wp\/v2\/product\/6729\/revisions\/6730"}],"wp:featuredmedia":[{"embeddable":true,"href":"https:\/\/unicasa.co\/fr\/wp-json\/wp\/v2\/media\/6711"}],"wp:attachment":[{"href":"https:\/\/unicasa.co\/fr\/wp-json\/wp\/v2\/media?parent=6729"}],"wp:term":[{"taxonomy":"product_cat","embeddable":true,"href":"https:\/\/unicasa.co\/fr\/wp-json\/wp\/v2\/product_cat?post=6729"},{"taxonomy":"product_tag","embeddable":true,"href":"https:\/\/unicasa.co\/fr\/wp-json\/wp\/v2\/product_tag?post=6729"}],"curies":[{"name":"wp","href":"https:\/\/api.w.org\/{rel}","templated":true}]}}