{"id":6726,"date":"2024-04-14T17:42:17","date_gmt":"2024-04-14T16:42:17","guid":{"rendered":"https:\/\/unicasa.co\/?post_type=product&#038;p=6726"},"modified":"2024-04-17T15:26:50","modified_gmt":"2024-04-17T14:26:50","slug":"the-ordinary-retinol-1-en-squalane","status":"publish","type":"product","link":"https:\/\/unicasa.co\/fr\/product\/the-ordinary-retinol-1-en-squalane\/","title":{"rendered":"The Ordinary Retinol 1% en Squalane"},"content":{"rendered":"<p>Retinol 1% in Squalane ofrece una soluci\u00f3n sin agua que contiene 1% de retinol, un ingrediente que mejora la apariencia de las l\u00edneas finas y din\u00e1micas que surgen de la p\u00e9rdida de col\u00e1geno y elastina, mientras unifica la textura y el tono de la piel. Adem\u00e1s, esta f\u00f3rmula de nivel experto est\u00e1 respaldada con escualano, un agente humectante que se encuentra naturalmente en la piel y que mejora la hidrataci\u00f3n a nivel de la superficie y ayuda a combatir la sequedad que puede estar asociada con el uso de retinol.<\/p>\n<p>El consejo habitual: comience con Retinol 0,2 % en escualano y vaya aumentando lentamente hasta llegar a Retinol 0,5 % en escualano y Retinol 1 % en escualano. Dicho esto, si es propenso a la sensibilidad, es posible que prefiera utilizar tecnolog\u00edas de retinoides m\u00e1s nuevas, como las que se encuentran en nuestra emulsi\u00f3n Granactive Retinoid 2%. Para obtener m\u00e1s consejos sobre c\u00f3mo usar retinoides, aseg\u00farese de explorar nuestro<\/p>","protected":false},"excerpt":{"rendered":"<p>Retinol 1% in Squalane ofrece una soluci\u00f3n sin agua que contiene 1% de retinol, un ingrediente que mejora la apariencia de las l\u00edneas finas y din\u00e1micas que surgen de la p\u00e9rdida de col\u00e1geno y elastina, mientras unifica la textura y el tono de la piel. Adem\u00e1s, esta f\u00f3rmula de nivel experto est\u00e1 respaldada con escualano, [&hellip;]<\/p>","protected":false},"featured_media":6710,"comment_status":"open","ping_status":"closed","template":"","meta":{"site-sidebar-layout":"default","site-content-layout":"default","ast-site-content-layout":"default","site-content-style":"default","site-sidebar-style":"default","ast-global-header-display":"","ast-banner-title-visibility":"","ast-main-header-display":"","ast-hfb-above-header-display":"","ast-hfb-below-header-display":"","ast-hfb-mobile-header-display":"","site-post-title":"","ast-breadcrumbs-content":"","ast-featured-img":"","footer-sml-layout":"","ast-disable-related-posts":"","theme-transparent-header-meta":"default","adv-header-id-meta":"","stick-header-meta":"","header-above-stick-meta":"","header-main-stick-meta":"","header-below-stick-meta":"","astra-migrate-meta-layouts":"default","ast-page-background-enabled":"default","ast-page-background-meta":{"desktop":{"background-color":"","background-image":"","background-repeat":"repeat","background-position":"center center","background-size":"auto","background-attachment":"scroll","background-type":"","background-media":"","overlay-type":"","overlay-color":"","overlay-opacity":"","overlay-gradient":""},"tablet":{"background-color":"","background-image":"","background-repeat":"repeat","background-position":"center center","background-size":"auto","background-attachment":"scroll","background-type":"","background-media":"","overlay-type":"","overlay-color":"","overlay-opacity":"","overlay-gradient":""},"mobile":{"background-color":"","background-image":"","background-repeat":"repeat","background-position":"center center","background-size":"auto","background-attachment":"scroll","background-type":"","background-media":"","overlay-type":"","overlay-color":"","overlay-opacity":"","overlay-gradient":""}},"ast-content-background-meta":{"desktop":{"background-color":"var(--ast-global-color-5)","background-image":"","background-repeat":"repeat","background-position":"center center","background-size":"auto","background-attachment":"scroll","background-type":"","background-media":"","overlay-type":"","overlay-color":"","overlay-opacity":"","overlay-gradient":""},"tablet":{"background-color":"var(--ast-global-color-5)","background-image":"","background-repeat":"repeat","background-position":"center center","background-size":"auto","background-attachment":"scroll","background-type":"","background-media":"","overlay-type":"","overlay-color":"","overlay-opacity":"","overlay-gradient":""},"mobile":{"background-color":"var(--ast-global-color-5)","background-image":"","background-repeat":"repeat","background-position":"center center","background-size":"auto","background-attachment":"scroll","background-type":"","background-media":"","overlay-type":"","overlay-color":"","overlay-opacity":"","overlay-gradient":""}}},"product_cat":[58],"product_tag":[120],"class_list":{"0":"post-6726","1":"product","2":"type-product","3":"status-publish","4":"has-post-thumbnail","6":"product_cat-facial","7":"product_tag-the-ordinary","8":"desktop-align-left","9":"tablet-align-left","10":"mobile-align-left","12":"first","13":"instock","14":"shipping-taxable","15":"purchasable","16":"product-type-simple"},"_links":{"self":[{"href":"https:\/\/unicasa.co\/fr\/wp-json\/wp\/v2\/product\/6726"}],"collection":[{"href":"https:\/\/unicasa.co\/fr\/wp-json\/wp\/v2\/product"}],"about":[{"href":"https:\/\/unicasa.co\/fr\/wp-json\/wp\/v2\/types\/product"}],"replies":[{"embeddable":true,"href":"https:\/\/unicasa.co\/fr\/wp-json\/wp\/v2\/comments?post=6726"}],"version-history":[{"count":1,"href":"https:\/\/unicasa.co\/fr\/wp-json\/wp\/v2\/product\/6726\/revisions"}],"predecessor-version":[{"id":6727,"href":"https:\/\/unicasa.co\/fr\/wp-json\/wp\/v2\/product\/6726\/revisions\/6727"}],"wp:featuredmedia":[{"embeddable":true,"href":"https:\/\/unicasa.co\/fr\/wp-json\/wp\/v2\/media\/6710"}],"wp:attachment":[{"href":"https:\/\/unicasa.co\/fr\/wp-json\/wp\/v2\/media?parent=6726"}],"wp:term":[{"taxonomy":"product_cat","embeddable":true,"href":"https:\/\/unicasa.co\/fr\/wp-json\/wp\/v2\/product_cat?post=6726"},{"taxonomy":"product_tag","embeddable":true,"href":"https:\/\/unicasa.co\/fr\/wp-json\/wp\/v2\/product_tag?post=6726"}],"curies":[{"name":"wp","href":"https:\/\/api.w.org\/{rel}","templated":true}]}}