{"id":6661,"date":"2024-03-23T14:01:49","date_gmt":"2024-03-23T14:01:49","guid":{"rendered":"https:\/\/unicasa.co\/?post_type=product&#038;p=6661"},"modified":"2024-10-10T09:02:30","modified_gmt":"2024-10-10T08:02:30","slug":"perfume-para-hombres-commando-puissance","status":"publish","type":"product","link":"https:\/\/unicasa.co\/fr\/product\/perfume-para-hombres-commando-puissance\/","title":{"rendered":"Perfume para hombres COMMANDO PUISSANCE"},"content":{"rendered":"","protected":false},"excerpt":{"rendered":"<div class=\"text-justify mb-4\">La apertura es fresca y chispeante, gracias a las notas de bergamota y pomelo.\u00a0Luego viene el coraz\u00f3n, intenso, mezclando elegantes notas de lavanda y vainilla.\u00a0Todo finaliza con un cuerpo viril de cedro y vetiva.<\/div>\n<h6 class=\"titre\">Modo de empleo<\/h6>\n<div class=\"text-justify mb-4\">Roc\u00eda el perfume a unos cent\u00edmetros de tu piel, centr\u00e1ndote en el cuello y el interior de las mu\u00f1ecas.\u00a0No pulverizar en direcci\u00f3n a los ojos ni a las mucosas.<\/div>\n<h6 class=\"titre\">Pir\u00e1mide olfativa<\/h6>\n<div class=\"text-justify mb-3\">Helecho \u00e1mbar<\/div>\n<div class=\"text-justify mb-1\">Nota alta: pomelo<\/div>\n<div class=\"text-justify mb-1\">Nota de coraz\u00f3n: lavanda, vainilla<\/div>\n<div class=\"text-justify mb-1\">Nota de fondo: cedro, vetiver<\/div>","protected":false},"featured_media":6662,"comment_status":"open","ping_status":"closed","template":"","meta":{"site-sidebar-layout":"default","site-content-layout":"default","ast-site-content-layout":"default","site-content-style":"default","site-sidebar-style":"default","ast-global-header-display":"","ast-banner-title-visibility":"","ast-main-header-display":"","ast-hfb-above-header-display":"","ast-hfb-below-header-display":"","ast-hfb-mobile-header-display":"","site-post-title":"","ast-breadcrumbs-content":"","ast-featured-img":"","footer-sml-layout":"","ast-disable-related-posts":"","theme-transparent-header-meta":"default","adv-header-id-meta":"","stick-header-meta":"","header-above-stick-meta":"","header-main-stick-meta":"","header-below-stick-meta":"","astra-migrate-meta-layouts":"set","ast-page-background-enabled":"default","ast-page-background-meta":{"desktop":{"background-color":"","background-image":"","background-repeat":"repeat","background-position":"center center","background-size":"auto","background-attachment":"scroll","background-type":"","background-media":"","overlay-type":"","overlay-color":"","overlay-opacity":"","overlay-gradient":""},"tablet":{"background-color":"","background-image":"","background-repeat":"repeat","background-position":"center center","background-size":"auto","background-attachment":"scroll","background-type":"","background-media":"","overlay-type":"","overlay-color":"","overlay-opacity":"","overlay-gradient":""},"mobile":{"background-color":"","background-image":"","background-repeat":"repeat","background-position":"center center","background-size":"auto","background-attachment":"scroll","background-type":"","background-media":"","overlay-type":"","overlay-color":"","overlay-opacity":"","overlay-gradient":""}},"ast-content-background-meta":{"desktop":{"background-color":"var(--ast-global-color-5)","background-image":"","background-repeat":"repeat","background-position":"center center","background-size":"auto","background-attachment":"scroll","background-type":"","background-media":"","overlay-type":"","overlay-color":"","overlay-opacity":"","overlay-gradient":""},"tablet":{"background-color":"var(--ast-global-color-5)","background-image":"","background-repeat":"repeat","background-position":"center center","background-size":"auto","background-attachment":"scroll","background-type":"","background-media":"","overlay-type":"","overlay-color":"","overlay-opacity":"","overlay-gradient":""},"mobile":{"background-color":"var(--ast-global-color-5)","background-image":"","background-repeat":"repeat","background-position":"center center","background-size":"auto","background-attachment":"scroll","background-type":"","background-media":"","overlay-type":"","overlay-color":"","overlay-opacity":"","overlay-gradient":""}}},"product_cat":[61],"product_tag":[],"class_list":{"0":"post-6661","1":"product","2":"type-product","3":"status-publish","4":"has-post-thumbnail","6":"product_cat-perfumeria","7":"desktop-align-left","8":"tablet-align-left","9":"mobile-align-left","11":"first","12":"instock","13":"shipping-taxable","14":"purchasable","15":"product-type-simple"},"_links":{"self":[{"href":"https:\/\/unicasa.co\/fr\/wp-json\/wp\/v2\/product\/6661"}],"collection":[{"href":"https:\/\/unicasa.co\/fr\/wp-json\/wp\/v2\/product"}],"about":[{"href":"https:\/\/unicasa.co\/fr\/wp-json\/wp\/v2\/types\/product"}],"replies":[{"embeddable":true,"href":"https:\/\/unicasa.co\/fr\/wp-json\/wp\/v2\/comments?post=6661"}],"version-history":[{"count":2,"href":"https:\/\/unicasa.co\/fr\/wp-json\/wp\/v2\/product\/6661\/revisions"}],"predecessor-version":[{"id":7003,"href":"https:\/\/unicasa.co\/fr\/wp-json\/wp\/v2\/product\/6661\/revisions\/7003"}],"wp:featuredmedia":[{"embeddable":true,"href":"https:\/\/unicasa.co\/fr\/wp-json\/wp\/v2\/media\/6662"}],"wp:attachment":[{"href":"https:\/\/unicasa.co\/fr\/wp-json\/wp\/v2\/media?parent=6661"}],"wp:term":[{"taxonomy":"product_cat","embeddable":true,"href":"https:\/\/unicasa.co\/fr\/wp-json\/wp\/v2\/product_cat?post=6661"},{"taxonomy":"product_tag","embeddable":true,"href":"https:\/\/unicasa.co\/fr\/wp-json\/wp\/v2\/product_tag?post=6661"}],"curies":[{"name":"wp","href":"https:\/\/api.w.org\/{rel}","templated":true}]}}