{"id":6607,"date":"2024-01-29T11:05:55","date_gmt":"2024-01-29T11:05:55","guid":{"rendered":"https:\/\/unicasa.co\/?post_type=product&#038;p=6607"},"modified":"2024-10-10T09:03:43","modified_gmt":"2024-10-10T08:03:43","slug":"leche-aclarante-vitamin-white-con-coctel-de-frutas","status":"publish","type":"product","link":"https:\/\/unicasa.co\/fr\/product\/leche-aclarante-vitamin-white-con-coctel-de-frutas\/","title":{"rendered":"Leche aclarante Vitamin White con c\u00f3ctel de frutas"},"content":{"rendered":"<div class=\"card-text-subtitle3 mt15 mb10\"><span class=\"text-font1-bold\">Tipo de piel<\/span><br \/>\nPiel mixta<\/div>\n<div class=\"card-text-subtitle3 mt5 mb10\"><span class=\"text-font1-bold\">Tipos de cuidados<\/span><br \/>\nCuidado corporal &#8211; Cuidado de la piel<\/div>\n<div class=\"text2 mt20 mb5\"><span class=\"text-font1-bold\">Descripci\u00f3n<\/span><\/div>\n<p class=\"text mt5\">La leche corporal Vitamin White, con c\u00f3ctel de frutas, es un complejo clarificante y anti-impurezas.\u00a0Su fabulosa f\u00f3rmula elimina dr\u00e1sticamente incluso las manchas m\u00e1s oscuras, brind\u00e1ndote un cutis claro y sin manchas.<\/p>","protected":false},"excerpt":{"rendered":"<p>Tipo de piel Piel mixta Tipos de cuidados Cuidado corporal &#8211; Cuidado de la piel Descripci\u00f3n La leche corporal Vitamin White, con c\u00f3ctel de frutas, es un complejo clarificante y anti-impurezas.\u00a0Su fabulosa f\u00f3rmula elimina dr\u00e1sticamente incluso las manchas m\u00e1s oscuras, brind\u00e1ndote un cutis claro y sin manchas.<\/p>","protected":false},"featured_media":6600,"comment_status":"open","ping_status":"closed","template":"","meta":{"site-sidebar-layout":"default","site-content-layout":"default","ast-site-content-layout":"default","site-content-style":"default","site-sidebar-style":"default","ast-global-header-display":"","ast-banner-title-visibility":"","ast-main-header-display":"","ast-hfb-above-header-display":"","ast-hfb-below-header-display":"","ast-hfb-mobile-header-display":"","site-post-title":"","ast-breadcrumbs-content":"","ast-featured-img":"","footer-sml-layout":"","ast-disable-related-posts":"","theme-transparent-header-meta":"default","adv-header-id-meta":"","stick-header-meta":"","header-above-stick-meta":"","header-main-stick-meta":"","header-below-stick-meta":"","astra-migrate-meta-layouts":"set","ast-page-background-enabled":"default","ast-page-background-meta":{"desktop":{"background-color":"","background-image":"","background-repeat":"repeat","background-position":"center center","background-size":"auto","background-attachment":"scroll","background-type":"","background-media":"","overlay-type":"","overlay-color":"","overlay-opacity":"","overlay-gradient":""},"tablet":{"background-color":"","background-image":"","background-repeat":"repeat","background-position":"center center","background-size":"auto","background-attachment":"scroll","background-type":"","background-media":"","overlay-type":"","overlay-color":"","overlay-opacity":"","overlay-gradient":""},"mobile":{"background-color":"","background-image":"","background-repeat":"repeat","background-position":"center center","background-size":"auto","background-attachment":"scroll","background-type":"","background-media":"","overlay-type":"","overlay-color":"","overlay-opacity":"","overlay-gradient":""}},"ast-content-background-meta":{"desktop":{"background-color":"var(--ast-global-color-5)","background-image":"","background-repeat":"repeat","background-position":"center center","background-size":"auto","background-attachment":"scroll","background-type":"","background-media":"","overlay-type":"","overlay-color":"","overlay-opacity":"","overlay-gradient":""},"tablet":{"background-color":"var(--ast-global-color-5)","background-image":"","background-repeat":"repeat","background-position":"center center","background-size":"auto","background-attachment":"scroll","background-type":"","background-media":"","overlay-type":"","overlay-color":"","overlay-opacity":"","overlay-gradient":""},"mobile":{"background-color":"var(--ast-global-color-5)","background-image":"","background-repeat":"repeat","background-position":"center center","background-size":"auto","background-attachment":"scroll","background-type":"","background-media":"","overlay-type":"","overlay-color":"","overlay-opacity":"","overlay-gradient":""}}},"product_cat":[60],"product_tag":[113],"class_list":{"0":"post-6607","1":"product","2":"type-product","3":"status-publish","4":"has-post-thumbnail","6":"product_cat-corporal","7":"product_tag-vitamin-white","8":"desktop-align-left","9":"tablet-align-left","10":"mobile-align-left","12":"first","13":"outofstock","14":"shipping-taxable","15":"product-type-simple"},"_links":{"self":[{"href":"https:\/\/unicasa.co\/fr\/wp-json\/wp\/v2\/product\/6607"}],"collection":[{"href":"https:\/\/unicasa.co\/fr\/wp-json\/wp\/v2\/product"}],"about":[{"href":"https:\/\/unicasa.co\/fr\/wp-json\/wp\/v2\/types\/product"}],"replies":[{"embeddable":true,"href":"https:\/\/unicasa.co\/fr\/wp-json\/wp\/v2\/comments?post=6607"}],"version-history":[{"count":2,"href":"https:\/\/unicasa.co\/fr\/wp-json\/wp\/v2\/product\/6607\/revisions"}],"predecessor-version":[{"id":7005,"href":"https:\/\/unicasa.co\/fr\/wp-json\/wp\/v2\/product\/6607\/revisions\/7005"}],"wp:featuredmedia":[{"embeddable":true,"href":"https:\/\/unicasa.co\/fr\/wp-json\/wp\/v2\/media\/6600"}],"wp:attachment":[{"href":"https:\/\/unicasa.co\/fr\/wp-json\/wp\/v2\/media?parent=6607"}],"wp:term":[{"taxonomy":"product_cat","embeddable":true,"href":"https:\/\/unicasa.co\/fr\/wp-json\/wp\/v2\/product_cat?post=6607"},{"taxonomy":"product_tag","embeddable":true,"href":"https:\/\/unicasa.co\/fr\/wp-json\/wp\/v2\/product_tag?post=6607"}],"curies":[{"name":"wp","href":"https:\/\/api.w.org\/{rel}","templated":true}]}}