{"id":6574,"date":"2024-01-22T07:59:38","date_gmt":"2024-01-22T07:59:38","guid":{"rendered":"https:\/\/unicasa.co\/?post_type=product&#038;p=6574"},"modified":"2024-10-10T09:06:39","modified_gmt":"2024-10-10T08:06:39","slug":"locion-hidratante-rosa-mosqueta-instituto-espanol","status":"publish","type":"product","link":"https:\/\/unicasa.co\/fr\/product\/locion-hidratante-rosa-mosqueta-instituto-espanol\/","title":{"rendered":"Loci\u00f3n Hidratante Rosa Mosqueta Instituto Espa\u00f1ol"},"content":{"rendered":"<p>La Loci\u00f3n Hidratante Instituto Espa\u00f1ol est\u00e1 enriquecida con Rosa Mosqueta y \u00e1cido hialur\u00f3nico, de manera que estimula la hidrataci\u00f3n y la elasticidad natural de la piel y ayuda a eliminar cicatrices y estr\u00edas. La Rosa Mosqueta tiene una gran propiedad que revigoriza las c\u00e9lulas productoras de col\u00e1geno, elastina y \u00e1cido hialur\u00f3nico que son responsables de la firmeza y elasticidad de la piel. El \u00e1cido hialur\u00f3nico, que atrae potentemente al agua, es un hidratante de la piel. Favorece la lubricaci\u00f3n de las fibras de col\u00e1geno, por lo que la piel es m\u00e1s firme. La potente combinaci\u00f3n de Rosa Mosqueta y \u00e1cido hialur\u00f3nico retrasan el envejecimiento de la piel.<\/p>","protected":false},"excerpt":{"rendered":"<p>Dosificador de 950 ml<\/p>","protected":false},"featured_media":6548,"comment_status":"open","ping_status":"closed","template":"","meta":{"site-sidebar-layout":"default","site-content-layout":"default","ast-site-content-layout":"default","site-content-style":"default","site-sidebar-style":"default","ast-global-header-display":"","ast-banner-title-visibility":"","ast-main-header-display":"","ast-hfb-above-header-display":"","ast-hfb-below-header-display":"","ast-hfb-mobile-header-display":"","site-post-title":"","ast-breadcrumbs-content":"","ast-featured-img":"","footer-sml-layout":"","ast-disable-related-posts":"","theme-transparent-header-meta":"default","adv-header-id-meta":"","stick-header-meta":"","header-above-stick-meta":"","header-main-stick-meta":"","header-below-stick-meta":"","astra-migrate-meta-layouts":"set","ast-page-background-enabled":"default","ast-page-background-meta":{"desktop":{"background-color":"","background-image":"","background-repeat":"repeat","background-position":"center center","background-size":"auto","background-attachment":"scroll","background-type":"","background-media":"","overlay-type":"","overlay-color":"","overlay-opacity":"","overlay-gradient":""},"tablet":{"background-color":"","background-image":"","background-repeat":"repeat","background-position":"center center","background-size":"auto","background-attachment":"scroll","background-type":"","background-media":"","overlay-type":"","overlay-color":"","overlay-opacity":"","overlay-gradient":""},"mobile":{"background-color":"","background-image":"","background-repeat":"repeat","background-position":"center center","background-size":"auto","background-attachment":"scroll","background-type":"","background-media":"","overlay-type":"","overlay-color":"","overlay-opacity":"","overlay-gradient":""}},"ast-content-background-meta":{"desktop":{"background-color":"var(--ast-global-color-5)","background-image":"","background-repeat":"repeat","background-position":"center center","background-size":"auto","background-attachment":"scroll","background-type":"","background-media":"","overlay-type":"","overlay-color":"","overlay-opacity":"","overlay-gradient":""},"tablet":{"background-color":"var(--ast-global-color-5)","background-image":"","background-repeat":"repeat","background-position":"center center","background-size":"auto","background-attachment":"scroll","background-type":"","background-media":"","overlay-type":"","overlay-color":"","overlay-opacity":"","overlay-gradient":""},"mobile":{"background-color":"var(--ast-global-color-5)","background-image":"","background-repeat":"repeat","background-position":"center center","background-size":"auto","background-attachment":"scroll","background-type":"","background-media":"","overlay-type":"","overlay-color":"","overlay-opacity":"","overlay-gradient":""}}},"product_cat":[60],"product_tag":[110],"class_list":{"0":"post-6574","1":"product","2":"type-product","3":"status-publish","4":"has-post-thumbnail","6":"product_cat-corporal","7":"product_tag-instituto-espanol","8":"desktop-align-left","9":"tablet-align-left","10":"mobile-align-left","12":"first","13":"outofstock","14":"shipping-taxable","15":"product-type-simple"},"_links":{"self":[{"href":"https:\/\/unicasa.co\/fr\/wp-json\/wp\/v2\/product\/6574"}],"collection":[{"href":"https:\/\/unicasa.co\/fr\/wp-json\/wp\/v2\/product"}],"about":[{"href":"https:\/\/unicasa.co\/fr\/wp-json\/wp\/v2\/types\/product"}],"replies":[{"embeddable":true,"href":"https:\/\/unicasa.co\/fr\/wp-json\/wp\/v2\/comments?post=6574"}],"version-history":[{"count":1,"href":"https:\/\/unicasa.co\/fr\/wp-json\/wp\/v2\/product\/6574\/revisions"}],"predecessor-version":[{"id":6575,"href":"https:\/\/unicasa.co\/fr\/wp-json\/wp\/v2\/product\/6574\/revisions\/6575"}],"wp:featuredmedia":[{"embeddable":true,"href":"https:\/\/unicasa.co\/fr\/wp-json\/wp\/v2\/media\/6548"}],"wp:attachment":[{"href":"https:\/\/unicasa.co\/fr\/wp-json\/wp\/v2\/media?parent=6574"}],"wp:term":[{"taxonomy":"product_cat","embeddable":true,"href":"https:\/\/unicasa.co\/fr\/wp-json\/wp\/v2\/product_cat?post=6574"},{"taxonomy":"product_tag","embeddable":true,"href":"https:\/\/unicasa.co\/fr\/wp-json\/wp\/v2\/product_tag?post=6574"}],"curies":[{"name":"wp","href":"https:\/\/api.w.org\/{rel}","templated":true}]}}