{"id":6448,"date":"2024-01-14T12:40:40","date_gmt":"2024-01-14T12:40:40","guid":{"rendered":"https:\/\/unicasa.co\/?post_type=product&#038;p=6448"},"modified":"2025-01-15T13:48:17","modified_gmt":"2025-01-15T13:48:17","slug":"perfume-para-damas-verona","status":"publish","type":"product","link":"https:\/\/unicasa.co\/fr\/product\/perfume-para-damas-verona\/","title":{"rendered":"Perfume para damas Verona"},"content":{"rendered":"<div class=\"text-justify mb-4\">Esta fragancia sutil, luminosa y transparente se abre con una vibrante oleada oz\u00f3nica que mezcla follaje verde con pomelo y mandarina.<br \/>\nEl coraz\u00f3n tierno y delicado cobra vida en una verdadera cascada de flores opulentas y voluptuosas donde florecen flores blancas, lirio de los valles, gardenia, jazm\u00edn y rosa.<br \/>\nLa base se vuelve c\u00e1lida y sensual en contacto con el iris, el \u00e1mbar y los almizcles.<br \/>\nUna fragancia maravillosamente femenina que nos adentra en el mundo de la poes\u00eda y las emociones.<\/div>\n<h6 class=\"titre\">Modo de empleo<\/h6>\n<div class=\"text-justify mb-4\">Pulveriza el perfume a unos cent\u00edmetros de tu piel, centr\u00e1ndote en los puntos calientes (el cuello, el interior de las mu\u00f1ecas, los codos y detr\u00e1s del l\u00f3bulo de la oreja), para exhalar una fragancia \u00fanica.<\/div>\n<h6 class=\"titre\">Pir\u00e1mide olfativa<\/h6>\n<div class=\"text-justify mb-3\">floral frutal<\/div>\n<div class=\"text-justify mb-1\">Nota alta: follaje, pomelo, mandarina<\/div>\n<div class=\"text-justify mb-1\">Nota de coraz\u00f3n: lirio de los valles, gardenia, jazm\u00edn, rosa<\/div>\n<div class=\"text-justify mb-1\">Nota de fondo: iris, \u00e1mbar, almizcles.<\/div>","protected":false},"excerpt":{"rendered":"<div id=\"libelle\">\n<div class=\"mb-2\">botella de spray de 100 ml<\/div>\n<\/div>\n<div id=\"mini-shop\" class=\"row mb-3\">\n<div class=\"col-lg-9 col-7\">\n<div class=\"text-muted small mb-2\">72 piezas en la caja<\/div>\n<\/div>\n<\/div>","protected":false},"featured_media":6470,"comment_status":"open","ping_status":"closed","template":"","meta":{"site-sidebar-layout":"default","site-content-layout":"default","ast-site-content-layout":"default","site-content-style":"default","site-sidebar-style":"default","ast-global-header-display":"","ast-banner-title-visibility":"","ast-main-header-display":"","ast-hfb-above-header-display":"","ast-hfb-below-header-display":"","ast-hfb-mobile-header-display":"","site-post-title":"","ast-breadcrumbs-content":"","ast-featured-img":"","footer-sml-layout":"","ast-disable-related-posts":"","theme-transparent-header-meta":"default","adv-header-id-meta":"","stick-header-meta":"","header-above-stick-meta":"","header-main-stick-meta":"","header-below-stick-meta":"","astra-migrate-meta-layouts":"set","ast-page-background-enabled":"default","ast-page-background-meta":{"desktop":{"background-color":"","background-image":"","background-repeat":"repeat","background-position":"center center","background-size":"auto","background-attachment":"scroll","background-type":"","background-media":"","overlay-type":"","overlay-color":"","overlay-opacity":"","overlay-gradient":""},"tablet":{"background-color":"","background-image":"","background-repeat":"repeat","background-position":"center center","background-size":"auto","background-attachment":"scroll","background-type":"","background-media":"","overlay-type":"","overlay-color":"","overlay-opacity":"","overlay-gradient":""},"mobile":{"background-color":"","background-image":"","background-repeat":"repeat","background-position":"center center","background-size":"auto","background-attachment":"scroll","background-type":"","background-media":"","overlay-type":"","overlay-color":"","overlay-opacity":"","overlay-gradient":""}},"ast-content-background-meta":{"desktop":{"background-color":"var(--ast-global-color-5)","background-image":"","background-repeat":"repeat","background-position":"center center","background-size":"auto","background-attachment":"scroll","background-type":"","background-media":"","overlay-type":"","overlay-color":"","overlay-opacity":"","overlay-gradient":""},"tablet":{"background-color":"var(--ast-global-color-5)","background-image":"","background-repeat":"repeat","background-position":"center center","background-size":"auto","background-attachment":"scroll","background-type":"","background-media":"","overlay-type":"","overlay-color":"","overlay-opacity":"","overlay-gradient":""},"mobile":{"background-color":"var(--ast-global-color-5)","background-image":"","background-repeat":"repeat","background-position":"center center","background-size":"auto","background-attachment":"scroll","background-type":"","background-media":"","overlay-type":"","overlay-color":"","overlay-opacity":"","overlay-gradient":""}}},"product_cat":[61],"product_tag":[109],"class_list":{"0":"post-6448","1":"product","2":"type-product","3":"status-publish","4":"has-post-thumbnail","6":"product_cat-perfumeria","7":"product_tag-verona","8":"desktop-align-left","9":"tablet-align-left","10":"mobile-align-left","12":"first","13":"instock","14":"featured","15":"shipping-taxable","16":"purchasable","17":"product-type-simple"},"_links":{"self":[{"href":"https:\/\/unicasa.co\/fr\/wp-json\/wp\/v2\/product\/6448"}],"collection":[{"href":"https:\/\/unicasa.co\/fr\/wp-json\/wp\/v2\/product"}],"about":[{"href":"https:\/\/unicasa.co\/fr\/wp-json\/wp\/v2\/types\/product"}],"replies":[{"embeddable":true,"href":"https:\/\/unicasa.co\/fr\/wp-json\/wp\/v2\/comments?post=6448"}],"version-history":[{"count":4,"href":"https:\/\/unicasa.co\/fr\/wp-json\/wp\/v2\/product\/6448\/revisions"}],"predecessor-version":[{"id":6540,"href":"https:\/\/unicasa.co\/fr\/wp-json\/wp\/v2\/product\/6448\/revisions\/6540"}],"wp:featuredmedia":[{"embeddable":true,"href":"https:\/\/unicasa.co\/fr\/wp-json\/wp\/v2\/media\/6470"}],"wp:attachment":[{"href":"https:\/\/unicasa.co\/fr\/wp-json\/wp\/v2\/media?parent=6448"}],"wp:term":[{"taxonomy":"product_cat","embeddable":true,"href":"https:\/\/unicasa.co\/fr\/wp-json\/wp\/v2\/product_cat?post=6448"},{"taxonomy":"product_tag","embeddable":true,"href":"https:\/\/unicasa.co\/fr\/wp-json\/wp\/v2\/product_tag?post=6448"}],"curies":[{"name":"wp","href":"https:\/\/api.w.org\/{rel}","templated":true}]}}