{"id":6413,"date":"2023-10-25T09:38:28","date_gmt":"2023-10-25T08:38:28","guid":{"rendered":"https:\/\/unicasa.co\/?post_type=product&#038;p=6413"},"modified":"2023-11-21T07:12:01","modified_gmt":"2023-11-21T07:12:01","slug":"ampollas-reparadoras-para-cabellos-danados-ultra-flash-nelly","status":"publish","type":"product","link":"https:\/\/unicasa.co\/fr\/product\/ampollas-reparadoras-para-cabellos-danados-ultra-flash-nelly\/","title":{"rendered":"Ampollas reparadoras para cabellos da\u00f1ados ultra flash Nelly"},"content":{"rendered":"<div class=\"text-white fs-product-h1 leading-tight mt-6 mb-6\">Tratamiento instant\u00e1neo (60 segundos) para cabellos da\u00f1ados, quebradizos y apagados. Su combinaci\u00f3n de agentes reparadores y acondicionadores revitalizan el cabello en tan solo un minuto, mejorando la elasticidad, manejabilidad y el brillo.<\/div>\n<div><\/div>\n<div>\n<div class=\"relative border-t border-primaryMediumDark border-solid pt-5 pb-12 highlight-none\">\n<div class=\"flex\">\n<div class=\"w-1\/6 uppercase fs-product-h4\"><strong>PROPIEDADES<\/strong><\/div>\n<div class=\"accordionProduct__Text-sc-fyen62-0 cafrrt overflow-hidden pr-20 m:pr-6 pl-c1 transition-transform transform duration-300 origin-top scale-y-0 block scale-y-100\">El tratamiento Flash act\u00faa r\u00e1pidamente desde el interior de la cut\u00edcula, aportando vitalidad, reparaci\u00f3n y nutrici\u00f3n al instante. Su combinaci\u00f3n de ingredientes de origen natural act\u00faa de forma intensiva, restaurando el cabello y actuando en las puntas abiertas. Emulsi\u00f3n ligera, ideal para todo tipo de cabellos.<\/div>\n<\/div>\n<\/div>\n<div class=\"relative border-t border-primaryMediumDark border-solid pt-5 pb-12 highlight-none\">\n<div class=\"flex\">\n<div class=\"w-1\/6 uppercase fs-product-h4\"><strong>MODO DE EMPLEO<\/strong><\/div>\n<div class=\"accordionProduct__Text-sc-fyen62-0 cafrrt overflow-hidden pr-20 m:pr-6 pl-c1 transition-transform transform duration-300 origin-top scale-y-0 block scale-y-100\">Aplicar sobre el cabello mojado incidiendo en la zona de medios a puntas. Dejar actuar 1 minuto y aclarar. Para un mejor resultado, utilizar previamente el Champ\u00fa Repair Intense.<\/div>\n<\/div>\n<\/div>\n<\/div>","protected":false},"excerpt":{"rendered":"<p>Pack de 4 ampollas monodosis de 15 ml.<\/p>","protected":false},"featured_media":6392,"comment_status":"open","ping_status":"closed","template":"","meta":{"site-sidebar-layout":"default","site-content-layout":"default","ast-site-content-layout":"default","site-content-style":"default","site-sidebar-style":"default","ast-global-header-display":"","ast-banner-title-visibility":"","ast-main-header-display":"","ast-hfb-above-header-display":"","ast-hfb-below-header-display":"","ast-hfb-mobile-header-display":"","site-post-title":"","ast-breadcrumbs-content":"","ast-featured-img":"","footer-sml-layout":"","ast-disable-related-posts":"","theme-transparent-header-meta":"default","adv-header-id-meta":"","stick-header-meta":"","header-above-stick-meta":"","header-main-stick-meta":"","header-below-stick-meta":"","astra-migrate-meta-layouts":"default","ast-page-background-enabled":"default","ast-page-background-meta":{"desktop":{"background-color":"","background-image":"","background-repeat":"repeat","background-position":"center center","background-size":"auto","background-attachment":"scroll","background-type":"","background-media":"","overlay-type":"","overlay-color":"","overlay-opacity":"","overlay-gradient":""},"tablet":{"background-color":"","background-image":"","background-repeat":"repeat","background-position":"center center","background-size":"auto","background-attachment":"scroll","background-type":"","background-media":"","overlay-type":"","overlay-color":"","overlay-opacity":"","overlay-gradient":""},"mobile":{"background-color":"","background-image":"","background-repeat":"repeat","background-position":"center center","background-size":"auto","background-attachment":"scroll","background-type":"","background-media":"","overlay-type":"","overlay-color":"","overlay-opacity":"","overlay-gradient":""}},"ast-content-background-meta":{"desktop":{"background-color":"var(--ast-global-color-5)","background-image":"","background-repeat":"repeat","background-position":"center center","background-size":"auto","background-attachment":"scroll","background-type":"","background-media":"","overlay-type":"","overlay-color":"","overlay-opacity":"","overlay-gradient":""},"tablet":{"background-color":"var(--ast-global-color-5)","background-image":"","background-repeat":"repeat","background-position":"center center","background-size":"auto","background-attachment":"scroll","background-type":"","background-media":"","overlay-type":"","overlay-color":"","overlay-opacity":"","overlay-gradient":""},"mobile":{"background-color":"var(--ast-global-color-5)","background-image":"","background-repeat":"repeat","background-position":"center center","background-size":"auto","background-attachment":"scroll","background-type":"","background-media":"","overlay-type":"","overlay-color":"","overlay-opacity":"","overlay-gradient":""}}},"product_cat":[57],"product_tag":[97],"class_list":{"0":"post-6413","1":"product","2":"type-product","3":"status-publish","4":"has-post-thumbnail","6":"product_cat-capilar","7":"product_tag-nelly","8":"desktop-align-left","9":"tablet-align-left","10":"mobile-align-left","12":"first","13":"instock","14":"shipping-taxable","15":"purchasable","16":"product-type-simple"},"_links":{"self":[{"href":"https:\/\/unicasa.co\/fr\/wp-json\/wp\/v2\/product\/6413"}],"collection":[{"href":"https:\/\/unicasa.co\/fr\/wp-json\/wp\/v2\/product"}],"about":[{"href":"https:\/\/unicasa.co\/fr\/wp-json\/wp\/v2\/types\/product"}],"replies":[{"embeddable":true,"href":"https:\/\/unicasa.co\/fr\/wp-json\/wp\/v2\/comments?post=6413"}],"version-history":[{"count":1,"href":"https:\/\/unicasa.co\/fr\/wp-json\/wp\/v2\/product\/6413\/revisions"}],"predecessor-version":[{"id":6414,"href":"https:\/\/unicasa.co\/fr\/wp-json\/wp\/v2\/product\/6413\/revisions\/6414"}],"wp:featuredmedia":[{"embeddable":true,"href":"https:\/\/unicasa.co\/fr\/wp-json\/wp\/v2\/media\/6392"}],"wp:attachment":[{"href":"https:\/\/unicasa.co\/fr\/wp-json\/wp\/v2\/media?parent=6413"}],"wp:term":[{"taxonomy":"product_cat","embeddable":true,"href":"https:\/\/unicasa.co\/fr\/wp-json\/wp\/v2\/product_cat?post=6413"},{"taxonomy":"product_tag","embeddable":true,"href":"https:\/\/unicasa.co\/fr\/wp-json\/wp\/v2\/product_tag?post=6413"}],"curies":[{"name":"wp","href":"https:\/\/api.w.org\/{rel}","templated":true}]}}