{"id":6378,"date":"2023-10-12T23:27:49","date_gmt":"2023-10-12T22:27:49","guid":{"rendered":"https:\/\/unicasa.co\/?post_type=product&#038;p=6378"},"modified":"2023-11-21T07:16:44","modified_gmt":"2023-11-21T07:16:44","slug":"gel-de-cuidado-intimo-chilly-delicado","status":"publish","type":"product","link":"https:\/\/unicasa.co\/fr\/product\/gel-de-cuidado-intimo-chilly-delicado\/","title":{"rendered":"Gel de cuidado intimo Chilly Delicado"},"content":{"rendered":"<p>Chilly: Los geles \u00edntimos Chilly, ayudan a proteger la flora vaginal, que es la barrera natural contra agentes externos, respetan el equilibrio natural fisiol\u00f3gico de las mucosas y est\u00e1n cl\u00ednicamente testados.\u00a0 La zona vulvo vaginal es diferente al resto de la piel, ya que est\u00e1 colonizada por unos microorganismos beneficiosos que mantienen un pH vaginal \u00e1cido y constituyen una barrera natural. Chilly cuenta con una completa gama de geles para la higiene \u00edntima, que proporcionan frescura, protecci\u00f3n, hidrataci\u00f3n y alivio cuando sientes molestias. Chilly Delicado: Es el gel espec\u00edfico para la higiene diaria de pieles y mucosas sensibles.<br \/>\nF\u00f3rmula suave, enriquecida con extracto de Aloe vera y Hamamelis, limpia con la m\u00e1xima delicadeza la zona \u00edntima. Proporciona una placentera sensaci\u00f3n de alivio cuando hay picores y enrojecimientos.\u00a0 Con pH 5.0, respeta el equilibrio natural fisiol\u00f3gico de las mucosas.<\/p>","protected":false},"excerpt":{"rendered":"<p>Chilly: Los geles \u00edntimos Chilly, ayudan a proteger la flora vaginal, que es la barrera natural contra agentes externos, respetan el equilibrio natural fisiol\u00f3gico de las mucosas y est\u00e1n cl\u00ednicamente testados.\u00a0 La zona vulvo vaginal es diferente al resto de la piel, ya que est\u00e1 colonizada por unos microorganismos beneficiosos que mantienen un pH vaginal [&hellip;]<\/p>","protected":false},"featured_media":6358,"comment_status":"open","ping_status":"closed","template":"","meta":{"site-sidebar-layout":"default","site-content-layout":"default","ast-site-content-layout":"default","site-content-style":"default","site-sidebar-style":"default","ast-global-header-display":"","ast-banner-title-visibility":"","ast-main-header-display":"","ast-hfb-above-header-display":"","ast-hfb-below-header-display":"","ast-hfb-mobile-header-display":"","site-post-title":"","ast-breadcrumbs-content":"","ast-featured-img":"","footer-sml-layout":"","ast-disable-related-posts":"","theme-transparent-header-meta":"default","adv-header-id-meta":"","stick-header-meta":"","header-above-stick-meta":"","header-main-stick-meta":"","header-below-stick-meta":"","astra-migrate-meta-layouts":"default","ast-page-background-enabled":"default","ast-page-background-meta":{"desktop":{"background-color":"","background-image":"","background-repeat":"repeat","background-position":"center center","background-size":"auto","background-attachment":"scroll","background-type":"","background-media":"","overlay-type":"","overlay-color":"","overlay-opacity":"","overlay-gradient":""},"tablet":{"background-color":"","background-image":"","background-repeat":"repeat","background-position":"center center","background-size":"auto","background-attachment":"scroll","background-type":"","background-media":"","overlay-type":"","overlay-color":"","overlay-opacity":"","overlay-gradient":""},"mobile":{"background-color":"","background-image":"","background-repeat":"repeat","background-position":"center center","background-size":"auto","background-attachment":"scroll","background-type":"","background-media":"","overlay-type":"","overlay-color":"","overlay-opacity":"","overlay-gradient":""}},"ast-content-background-meta":{"desktop":{"background-color":"var(--ast-global-color-5)","background-image":"","background-repeat":"repeat","background-position":"center center","background-size":"auto","background-attachment":"scroll","background-type":"","background-media":"","overlay-type":"","overlay-color":"","overlay-opacity":"","overlay-gradient":""},"tablet":{"background-color":"var(--ast-global-color-5)","background-image":"","background-repeat":"repeat","background-position":"center center","background-size":"auto","background-attachment":"scroll","background-type":"","background-media":"","overlay-type":"","overlay-color":"","overlay-opacity":"","overlay-gradient":""},"mobile":{"background-color":"var(--ast-global-color-5)","background-image":"","background-repeat":"repeat","background-position":"center center","background-size":"auto","background-attachment":"scroll","background-type":"","background-media":"","overlay-type":"","overlay-color":"","overlay-opacity":"","overlay-gradient":""}}},"product_cat":[59],"product_tag":[],"class_list":{"0":"post-6378","1":"product","2":"type-product","3":"status-publish","4":"has-post-thumbnail","6":"product_cat-personal","7":"desktop-align-left","8":"tablet-align-left","9":"mobile-align-left","11":"first","12":"instock","13":"shipping-taxable","14":"purchasable","15":"product-type-simple"},"_links":{"self":[{"href":"https:\/\/unicasa.co\/fr\/wp-json\/wp\/v2\/product\/6378"}],"collection":[{"href":"https:\/\/unicasa.co\/fr\/wp-json\/wp\/v2\/product"}],"about":[{"href":"https:\/\/unicasa.co\/fr\/wp-json\/wp\/v2\/types\/product"}],"replies":[{"embeddable":true,"href":"https:\/\/unicasa.co\/fr\/wp-json\/wp\/v2\/comments?post=6378"}],"version-history":[{"count":1,"href":"https:\/\/unicasa.co\/fr\/wp-json\/wp\/v2\/product\/6378\/revisions"}],"predecessor-version":[{"id":6379,"href":"https:\/\/unicasa.co\/fr\/wp-json\/wp\/v2\/product\/6378\/revisions\/6379"}],"wp:featuredmedia":[{"embeddable":true,"href":"https:\/\/unicasa.co\/fr\/wp-json\/wp\/v2\/media\/6358"}],"wp:attachment":[{"href":"https:\/\/unicasa.co\/fr\/wp-json\/wp\/v2\/media?parent=6378"}],"wp:term":[{"taxonomy":"product_cat","embeddable":true,"href":"https:\/\/unicasa.co\/fr\/wp-json\/wp\/v2\/product_cat?post=6378"},{"taxonomy":"product_tag","embeddable":true,"href":"https:\/\/unicasa.co\/fr\/wp-json\/wp\/v2\/product_tag?post=6378"}],"curies":[{"name":"wp","href":"https:\/\/api.w.org\/{rel}","templated":true}]}}