{"id":6371,"date":"2023-10-12T23:19:14","date_gmt":"2023-10-12T22:19:14","guid":{"rendered":"https:\/\/unicasa.co\/?post_type=product&#038;p=6371"},"modified":"2025-01-21T10:00:30","modified_gmt":"2025-01-21T10:00:30","slug":"champu-micelar-tulipan-negro-high-volume","status":"publish","type":"product","link":"https:\/\/unicasa.co\/fr\/product\/champu-micelar-tulipan-negro-high-volume\/","title":{"rendered":"Champ\u00fa Micelar Tulip\u00e1n Negro High Volume"},"content":{"rendered":"<p>El Champ\u00fa Micelar High Volume, act\u00faa rellenando las fibras capilares gracias a la Creatina que mejora la sensaci\u00f3n del cabello da\u00f1ado. Alisa la cut\u00edcula y proporciona un efecto voluminizador que notar\u00e1s desde el primer d\u00eda de uso. Su f\u00f3rmula rica en Pantenol limpia suavemente dejando el cabello nutrido, fuerte, ayudando a mantener el volumen natural que ofrece la Creatina por m\u00e1s tiempo. Su fragancia inundar\u00e1 tu ba\u00f1o de intensas sensaciones.<\/p>","protected":false},"excerpt":{"rendered":"<p>El Champ\u00fa Micelar High Volume, act\u00faa rellenando las fibras capilares gracias a la Creatina que mejora la sensaci\u00f3n del cabello da\u00f1ado. Alisa la cut\u00edcula y proporciona un efecto voluminizador que notar\u00e1s desde el primer d\u00eda de uso. Su f\u00f3rmula rica en Pantenol limpia suavemente dejando el cabello nutrido, fuerte, ayudando a mantener el volumen natural [&hellip;]<\/p>","protected":false},"featured_media":6357,"comment_status":"open","ping_status":"closed","template":"","meta":{"site-sidebar-layout":"default","site-content-layout":"default","ast-site-content-layout":"default","site-content-style":"default","site-sidebar-style":"default","ast-global-header-display":"","ast-banner-title-visibility":"","ast-main-header-display":"","ast-hfb-above-header-display":"","ast-hfb-below-header-display":"","ast-hfb-mobile-header-display":"","site-post-title":"","ast-breadcrumbs-content":"","ast-featured-img":"","footer-sml-layout":"","ast-disable-related-posts":"","theme-transparent-header-meta":"default","adv-header-id-meta":"","stick-header-meta":"","header-above-stick-meta":"","header-main-stick-meta":"","header-below-stick-meta":"","astra-migrate-meta-layouts":"set","ast-page-background-enabled":"default","ast-page-background-meta":{"desktop":{"background-color":"","background-image":"","background-repeat":"repeat","background-position":"center center","background-size":"auto","background-attachment":"scroll","background-type":"","background-media":"","overlay-type":"","overlay-color":"","overlay-opacity":"","overlay-gradient":""},"tablet":{"background-color":"","background-image":"","background-repeat":"repeat","background-position":"center center","background-size":"auto","background-attachment":"scroll","background-type":"","background-media":"","overlay-type":"","overlay-color":"","overlay-opacity":"","overlay-gradient":""},"mobile":{"background-color":"","background-image":"","background-repeat":"repeat","background-position":"center center","background-size":"auto","background-attachment":"scroll","background-type":"","background-media":"","overlay-type":"","overlay-color":"","overlay-opacity":"","overlay-gradient":""}},"ast-content-background-meta":{"desktop":{"background-color":"var(--ast-global-color-5)","background-image":"","background-repeat":"repeat","background-position":"center center","background-size":"auto","background-attachment":"scroll","background-type":"","background-media":"","overlay-type":"","overlay-color":"","overlay-opacity":"","overlay-gradient":""},"tablet":{"background-color":"var(--ast-global-color-5)","background-image":"","background-repeat":"repeat","background-position":"center center","background-size":"auto","background-attachment":"scroll","background-type":"","background-media":"","overlay-type":"","overlay-color":"","overlay-opacity":"","overlay-gradient":""},"mobile":{"background-color":"var(--ast-global-color-5)","background-image":"","background-repeat":"repeat","background-position":"center center","background-size":"auto","background-attachment":"scroll","background-type":"","background-media":"","overlay-type":"","overlay-color":"","overlay-opacity":"","overlay-gradient":""}}},"product_cat":[57],"product_tag":[94],"class_list":{"0":"post-6371","1":"product","2":"type-product","3":"status-publish","4":"has-post-thumbnail","6":"product_cat-capilar","7":"product_tag-tulipan-negro","8":"desktop-align-left","9":"tablet-align-left","10":"mobile-align-left","12":"first","13":"outofstock","14":"shipping-taxable","15":"product-type-simple"},"_links":{"self":[{"href":"https:\/\/unicasa.co\/fr\/wp-json\/wp\/v2\/product\/6371"}],"collection":[{"href":"https:\/\/unicasa.co\/fr\/wp-json\/wp\/v2\/product"}],"about":[{"href":"https:\/\/unicasa.co\/fr\/wp-json\/wp\/v2\/types\/product"}],"replies":[{"embeddable":true,"href":"https:\/\/unicasa.co\/fr\/wp-json\/wp\/v2\/comments?post=6371"}],"version-history":[{"count":1,"href":"https:\/\/unicasa.co\/fr\/wp-json\/wp\/v2\/product\/6371\/revisions"}],"predecessor-version":[{"id":6372,"href":"https:\/\/unicasa.co\/fr\/wp-json\/wp\/v2\/product\/6371\/revisions\/6372"}],"wp:featuredmedia":[{"embeddable":true,"href":"https:\/\/unicasa.co\/fr\/wp-json\/wp\/v2\/media\/6357"}],"wp:attachment":[{"href":"https:\/\/unicasa.co\/fr\/wp-json\/wp\/v2\/media?parent=6371"}],"wp:term":[{"taxonomy":"product_cat","embeddable":true,"href":"https:\/\/unicasa.co\/fr\/wp-json\/wp\/v2\/product_cat?post=6371"},{"taxonomy":"product_tag","embeddable":true,"href":"https:\/\/unicasa.co\/fr\/wp-json\/wp\/v2\/product_tag?post=6371"}],"curies":[{"name":"wp","href":"https:\/\/api.w.org\/{rel}","templated":true}]}}