{"id":6369,"date":"2023-10-12T23:16:42","date_gmt":"2023-10-12T22:16:42","guid":{"rendered":"https:\/\/unicasa.co\/?post_type=product&#038;p=6369"},"modified":"2023-10-25T09:02:45","modified_gmt":"2023-10-25T08:02:45","slug":"desodorante-en-spray-para-hombre-fresh-feel-total-control","status":"publish","type":"product","link":"https:\/\/unicasa.co\/fr\/product\/desodorante-en-spray-para-hombre-fresh-feel-total-control\/","title":{"rendered":"Desodorante en spray para hombre Fresh Feel Total Control"},"content":{"rendered":"<p>Fresh Feel Men&#8217;s Deodorant es un desodorante de alta calidad con un aroma refrescante que te ayuda a sentirte seguro y protegido durante todo el d\u00eda.\u00a0Gracias a una combinaci\u00f3n de componentes de alta calidad, este desodorante combate eficazmente el olor corporal desagradable, proporcionando una sensaci\u00f3n de frescor duradera.<\/p>\n<p>Los componentes principales de este desodorante combaten las bacterias responsables de los olores desagradables.\u00a0Cuidadosamente elaborada por perfumistas altamente capacitados, esta refrescante fragancia combina notas masculinas para crear una experiencia arom\u00e1tica cautivadora.\u00a0Con toques c\u00edtricos, notas amaderadas y un toque especiado, este desodorante deja un aura sutil pero atractiva.<\/p>\n<p>El desodorante no s\u00f3lo protege de forma fiable contra los olores desagradables, sino que tambi\u00e9n tiene propiedades que cuidan la piel.\u00a0Gracias a su f\u00f3rmula ligera, se seca r\u00e1pidamente sobre la piel sin dejar sensaci\u00f3n grasa ni pegajosa.<\/p>","protected":false},"excerpt":{"rendered":"<p>Fresh Feel Men&#8217;s Deodorant es un desodorante de alta calidad con un aroma refrescante que te ayuda a sentirte seguro y protegido durante todo el d\u00eda.\u00a0Gracias a una combinaci\u00f3n de componentes de alta calidad, este desodorante combate eficazmente el olor corporal desagradable, proporcionando una sensaci\u00f3n de frescor duradera. Los componentes principales de este desodorante combaten [&hellip;]<\/p>","protected":false},"featured_media":6360,"comment_status":"open","ping_status":"closed","template":"","meta":{"site-sidebar-layout":"default","site-content-layout":"default","ast-site-content-layout":"default","site-content-style":"default","site-sidebar-style":"default","ast-global-header-display":"","ast-banner-title-visibility":"","ast-main-header-display":"","ast-hfb-above-header-display":"","ast-hfb-below-header-display":"","ast-hfb-mobile-header-display":"","site-post-title":"","ast-breadcrumbs-content":"","ast-featured-img":"","footer-sml-layout":"","ast-disable-related-posts":"","theme-transparent-header-meta":"default","adv-header-id-meta":"","stick-header-meta":"","header-above-stick-meta":"","header-main-stick-meta":"","header-below-stick-meta":"","astra-migrate-meta-layouts":"default","ast-page-background-enabled":"default","ast-page-background-meta":{"desktop":{"background-color":"","background-image":"","background-repeat":"repeat","background-position":"center center","background-size":"auto","background-attachment":"scroll","background-type":"","background-media":"","overlay-type":"","overlay-color":"","overlay-opacity":"","overlay-gradient":""},"tablet":{"background-color":"","background-image":"","background-repeat":"repeat","background-position":"center center","background-size":"auto","background-attachment":"scroll","background-type":"","background-media":"","overlay-type":"","overlay-color":"","overlay-opacity":"","overlay-gradient":""},"mobile":{"background-color":"","background-image":"","background-repeat":"repeat","background-position":"center center","background-size":"auto","background-attachment":"scroll","background-type":"","background-media":"","overlay-type":"","overlay-color":"","overlay-opacity":"","overlay-gradient":""}},"ast-content-background-meta":{"desktop":{"background-color":"var(--ast-global-color-5)","background-image":"","background-repeat":"repeat","background-position":"center center","background-size":"auto","background-attachment":"scroll","background-type":"","background-media":"","overlay-type":"","overlay-color":"","overlay-opacity":"","overlay-gradient":""},"tablet":{"background-color":"var(--ast-global-color-5)","background-image":"","background-repeat":"repeat","background-position":"center center","background-size":"auto","background-attachment":"scroll","background-type":"","background-media":"","overlay-type":"","overlay-color":"","overlay-opacity":"","overlay-gradient":""},"mobile":{"background-color":"var(--ast-global-color-5)","background-image":"","background-repeat":"repeat","background-position":"center center","background-size":"auto","background-attachment":"scroll","background-type":"","background-media":"","overlay-type":"","overlay-color":"","overlay-opacity":"","overlay-gradient":""}}},"product_cat":[59],"product_tag":[],"class_list":{"0":"post-6369","1":"product","2":"type-product","3":"status-publish","4":"has-post-thumbnail","6":"product_cat-personal","7":"desktop-align-left","8":"tablet-align-left","9":"mobile-align-left","11":"first","12":"instock","13":"shipping-taxable","14":"purchasable","15":"product-type-simple"},"_links":{"self":[{"href":"https:\/\/unicasa.co\/fr\/wp-json\/wp\/v2\/product\/6369"}],"collection":[{"href":"https:\/\/unicasa.co\/fr\/wp-json\/wp\/v2\/product"}],"about":[{"href":"https:\/\/unicasa.co\/fr\/wp-json\/wp\/v2\/types\/product"}],"replies":[{"embeddable":true,"href":"https:\/\/unicasa.co\/fr\/wp-json\/wp\/v2\/comments?post=6369"}],"version-history":[{"count":2,"href":"https:\/\/unicasa.co\/fr\/wp-json\/wp\/v2\/product\/6369\/revisions"}],"predecessor-version":[{"id":6389,"href":"https:\/\/unicasa.co\/fr\/wp-json\/wp\/v2\/product\/6369\/revisions\/6389"}],"wp:featuredmedia":[{"embeddable":true,"href":"https:\/\/unicasa.co\/fr\/wp-json\/wp\/v2\/media\/6360"}],"wp:attachment":[{"href":"https:\/\/unicasa.co\/fr\/wp-json\/wp\/v2\/media?parent=6369"}],"wp:term":[{"taxonomy":"product_cat","embeddable":true,"href":"https:\/\/unicasa.co\/fr\/wp-json\/wp\/v2\/product_cat?post=6369"},{"taxonomy":"product_tag","embeddable":true,"href":"https:\/\/unicasa.co\/fr\/wp-json\/wp\/v2\/product_tag?post=6369"}],"curies":[{"name":"wp","href":"https:\/\/api.w.org\/{rel}","templated":true}]}}