{"id":6338,"date":"2023-10-06T09:47:59","date_gmt":"2023-10-06T08:47:59","guid":{"rendered":"https:\/\/unicasa.co\/?post_type=product&#038;p=6338"},"modified":"2023-11-21T07:31:08","modified_gmt":"2023-11-21T07:31:08","slug":"desodorante-tulipan-negro-original-en-stick","status":"publish","type":"product","link":"https:\/\/unicasa.co\/fr\/product\/desodorante-tulipan-negro-original-en-stick\/","title":{"rendered":"Desodorante Tulip\u00e1n Negro Original en Stick"},"content":{"rendered":"<p>Desodorante Tulip\u00e1n Negro Original en Stick 75ml. Fragancia Original, Fresh Skin. Proporciona intensa protecci\u00f3n durante todo el d\u00eda. Neutraliza el mal olor.<\/p>\n<p>El Desodorante\u00a0<strong>Tulip\u00e1n Negro en Stick<\/strong>\u00a0de toda la vida, el \u00a1O-R-I-G-I-N-A-L! Con mucha personalidad, dif\u00edcil de olvidar. La f\u00f3rmula perfecta sin Sales de Aluminio ni Parabenos, que conserva intacta la misma fragancia desde 1953. Especialmente dise\u00f1ado para controlar el sudor y acompa\u00f1arte en tu d\u00eda a d\u00eda. \u00bfQui\u00e9n no ha tenido alguna vez un Stick Tulip\u00e1n Negro en su ba\u00f1o?<\/p>\n<p>El Desodorante Tulip\u00e1n Negro Original en Stick utiliza un mecanismo llamado \u201cauto-lift\u201d y est\u00e1 pensado para que el producto est\u00e9 siempre arriba listo para usar gracias al vac\u00edo producido en su interior, dejando autom\u00e1ticamente la barra justa en el exterior, facilitando su uso.<\/p>\n<p><strong>Te lo recomendamos si:<\/strong>\u00a0Te gusta el aroma familiar. Es uno de los cl\u00e1sicos en el mundo del cuidado personal.<\/p>","protected":false},"excerpt":{"rendered":"<p>75ml<\/p>","protected":false},"featured_media":6328,"comment_status":"open","ping_status":"closed","template":"","meta":{"site-sidebar-layout":"default","site-content-layout":"default","ast-site-content-layout":"default","site-content-style":"default","site-sidebar-style":"default","ast-global-header-display":"","ast-banner-title-visibility":"","ast-main-header-display":"","ast-hfb-above-header-display":"","ast-hfb-below-header-display":"","ast-hfb-mobile-header-display":"","site-post-title":"","ast-breadcrumbs-content":"","ast-featured-img":"","footer-sml-layout":"","ast-disable-related-posts":"","theme-transparent-header-meta":"default","adv-header-id-meta":"","stick-header-meta":"","header-above-stick-meta":"","header-main-stick-meta":"","header-below-stick-meta":"","astra-migrate-meta-layouts":"default","ast-page-background-enabled":"default","ast-page-background-meta":{"desktop":{"background-color":"","background-image":"","background-repeat":"repeat","background-position":"center center","background-size":"auto","background-attachment":"scroll","background-type":"","background-media":"","overlay-type":"","overlay-color":"","overlay-opacity":"","overlay-gradient":""},"tablet":{"background-color":"","background-image":"","background-repeat":"repeat","background-position":"center center","background-size":"auto","background-attachment":"scroll","background-type":"","background-media":"","overlay-type":"","overlay-color":"","overlay-opacity":"","overlay-gradient":""},"mobile":{"background-color":"","background-image":"","background-repeat":"repeat","background-position":"center center","background-size":"auto","background-attachment":"scroll","background-type":"","background-media":"","overlay-type":"","overlay-color":"","overlay-opacity":"","overlay-gradient":""}},"ast-content-background-meta":{"desktop":{"background-color":"var(--ast-global-color-5)","background-image":"","background-repeat":"repeat","background-position":"center center","background-size":"auto","background-attachment":"scroll","background-type":"","background-media":"","overlay-type":"","overlay-color":"","overlay-opacity":"","overlay-gradient":""},"tablet":{"background-color":"var(--ast-global-color-5)","background-image":"","background-repeat":"repeat","background-position":"center center","background-size":"auto","background-attachment":"scroll","background-type":"","background-media":"","overlay-type":"","overlay-color":"","overlay-opacity":"","overlay-gradient":""},"mobile":{"background-color":"var(--ast-global-color-5)","background-image":"","background-repeat":"repeat","background-position":"center center","background-size":"auto","background-attachment":"scroll","background-type":"","background-media":"","overlay-type":"","overlay-color":"","overlay-opacity":"","overlay-gradient":""}}},"product_cat":[59],"product_tag":[94],"class_list":{"0":"post-6338","1":"product","2":"type-product","3":"status-publish","4":"has-post-thumbnail","6":"product_cat-personal","7":"product_tag-tulipan-negro","8":"desktop-align-left","9":"tablet-align-left","10":"mobile-align-left","12":"first","13":"instock","14":"shipping-taxable","15":"purchasable","16":"product-type-simple"},"_links":{"self":[{"href":"https:\/\/unicasa.co\/fr\/wp-json\/wp\/v2\/product\/6338"}],"collection":[{"href":"https:\/\/unicasa.co\/fr\/wp-json\/wp\/v2\/product"}],"about":[{"href":"https:\/\/unicasa.co\/fr\/wp-json\/wp\/v2\/types\/product"}],"replies":[{"embeddable":true,"href":"https:\/\/unicasa.co\/fr\/wp-json\/wp\/v2\/comments?post=6338"}],"version-history":[{"count":1,"href":"https:\/\/unicasa.co\/fr\/wp-json\/wp\/v2\/product\/6338\/revisions"}],"predecessor-version":[{"id":6339,"href":"https:\/\/unicasa.co\/fr\/wp-json\/wp\/v2\/product\/6338\/revisions\/6339"}],"wp:featuredmedia":[{"embeddable":true,"href":"https:\/\/unicasa.co\/fr\/wp-json\/wp\/v2\/media\/6328"}],"wp:attachment":[{"href":"https:\/\/unicasa.co\/fr\/wp-json\/wp\/v2\/media?parent=6338"}],"wp:term":[{"taxonomy":"product_cat","embeddable":true,"href":"https:\/\/unicasa.co\/fr\/wp-json\/wp\/v2\/product_cat?post=6338"},{"taxonomy":"product_tag","embeddable":true,"href":"https:\/\/unicasa.co\/fr\/wp-json\/wp\/v2\/product_tag?post=6338"}],"curies":[{"name":"wp","href":"https:\/\/api.w.org\/{rel}","templated":true}]}}