{"id":6318,"date":"2023-10-06T09:35:02","date_gmt":"2023-10-06T08:35:02","guid":{"rendered":"https:\/\/unicasa.co\/?post_type=product&#038;p=6318"},"modified":"2023-11-21T07:08:02","modified_gmt":"2023-11-21T07:08:02","slug":"familia-locion-corporal-hidratante-intensa","status":"publish","type":"product","link":"https:\/\/unicasa.co\/fr\/product\/familia-locion-corporal-hidratante-intensa\/","title":{"rendered":"FAMILIA Loci\u00f3n Corporal Hidratante Intensa"},"content":{"rendered":"<div class=\"text-justify mb-4\">FAMILIA Loci\u00f3n Corporal, hidrataci\u00f3n intensa, protege la piel fr\u00e1gil de rojeces e irritaciones menores y deja la piel flexible y suave.<\/div>\n<h6 class=\"titre\">Beneficios del producto<\/h6>\n<div class=\"text-justify mb-4\">Hidrata y protege la piel<br \/>\nSuaviza la epidermis<br \/>\nSuaviza y alisa la epidermis<\/div>\n<h6 class=\"titre\">C\u00f3mo utilizar<\/h6>\n<div class=\"text-justify mb-4\">Aplicar la loci\u00f3n corporal FAMILIA directamente sobre la piel despu\u00e9s de la ducha por la ma\u00f1ana y por la noche, extender y masajear uniformemente.<\/div>","protected":false},"excerpt":{"rendered":"<div id=\"libelle\">\n<div class=\"mb-2\">Botella de 500ml<\/div>\n<\/div>\n<div id=\"mini-shop\" class=\"row mb-3\">\n<div class=\"col-lg-9 col-7\">\n<div class=\"text-muted small mb-2\">48 piezas en la caja<\/div>\n<\/div>\n<\/div>","protected":false},"featured_media":6270,"comment_status":"open","ping_status":"closed","template":"","meta":{"site-sidebar-layout":"default","site-content-layout":"default","ast-site-content-layout":"default","site-content-style":"default","site-sidebar-style":"default","ast-global-header-display":"","ast-banner-title-visibility":"","ast-main-header-display":"","ast-hfb-above-header-display":"","ast-hfb-below-header-display":"","ast-hfb-mobile-header-display":"","site-post-title":"","ast-breadcrumbs-content":"","ast-featured-img":"","footer-sml-layout":"","ast-disable-related-posts":"","theme-transparent-header-meta":"default","adv-header-id-meta":"","stick-header-meta":"","header-above-stick-meta":"","header-main-stick-meta":"","header-below-stick-meta":"","astra-migrate-meta-layouts":"default","ast-page-background-enabled":"default","ast-page-background-meta":{"desktop":{"background-color":"","background-image":"","background-repeat":"repeat","background-position":"center center","background-size":"auto","background-attachment":"scroll","background-type":"","background-media":"","overlay-type":"","overlay-color":"","overlay-opacity":"","overlay-gradient":""},"tablet":{"background-color":"","background-image":"","background-repeat":"repeat","background-position":"center center","background-size":"auto","background-attachment":"scroll","background-type":"","background-media":"","overlay-type":"","overlay-color":"","overlay-opacity":"","overlay-gradient":""},"mobile":{"background-color":"","background-image":"","background-repeat":"repeat","background-position":"center center","background-size":"auto","background-attachment":"scroll","background-type":"","background-media":"","overlay-type":"","overlay-color":"","overlay-opacity":"","overlay-gradient":""}},"ast-content-background-meta":{"desktop":{"background-color":"var(--ast-global-color-5)","background-image":"","background-repeat":"repeat","background-position":"center center","background-size":"auto","background-attachment":"scroll","background-type":"","background-media":"","overlay-type":"","overlay-color":"","overlay-opacity":"","overlay-gradient":""},"tablet":{"background-color":"var(--ast-global-color-5)","background-image":"","background-repeat":"repeat","background-position":"center center","background-size":"auto","background-attachment":"scroll","background-type":"","background-media":"","overlay-type":"","overlay-color":"","overlay-opacity":"","overlay-gradient":""},"mobile":{"background-color":"var(--ast-global-color-5)","background-image":"","background-repeat":"repeat","background-position":"center center","background-size":"auto","background-attachment":"scroll","background-type":"","background-media":"","overlay-type":"","overlay-color":"","overlay-opacity":"","overlay-gradient":""}}},"product_cat":[60],"product_tag":[70],"class_list":{"0":"post-6318","1":"product","2":"type-product","3":"status-publish","4":"has-post-thumbnail","6":"product_cat-corporal","7":"product_tag-familia","8":"desktop-align-left","9":"tablet-align-left","10":"mobile-align-left","12":"first","13":"instock","14":"shipping-taxable","15":"purchasable","16":"product-type-simple"},"_links":{"self":[{"href":"https:\/\/unicasa.co\/fr\/wp-json\/wp\/v2\/product\/6318"}],"collection":[{"href":"https:\/\/unicasa.co\/fr\/wp-json\/wp\/v2\/product"}],"about":[{"href":"https:\/\/unicasa.co\/fr\/wp-json\/wp\/v2\/types\/product"}],"replies":[{"embeddable":true,"href":"https:\/\/unicasa.co\/fr\/wp-json\/wp\/v2\/comments?post=6318"}],"version-history":[{"count":2,"href":"https:\/\/unicasa.co\/fr\/wp-json\/wp\/v2\/product\/6318\/revisions"}],"predecessor-version":[{"id":6430,"href":"https:\/\/unicasa.co\/fr\/wp-json\/wp\/v2\/product\/6318\/revisions\/6430"}],"wp:featuredmedia":[{"embeddable":true,"href":"https:\/\/unicasa.co\/fr\/wp-json\/wp\/v2\/media\/6270"}],"wp:attachment":[{"href":"https:\/\/unicasa.co\/fr\/wp-json\/wp\/v2\/media?parent=6318"}],"wp:term":[{"taxonomy":"product_cat","embeddable":true,"href":"https:\/\/unicasa.co\/fr\/wp-json\/wp\/v2\/product_cat?post=6318"},{"taxonomy":"product_tag","embeddable":true,"href":"https:\/\/unicasa.co\/fr\/wp-json\/wp\/v2\/product_tag?post=6318"}],"curies":[{"name":"wp","href":"https:\/\/api.w.org\/{rel}","templated":true}]}}