{"id":6102,"date":"2023-09-14T08:36:10","date_gmt":"2023-09-14T07:36:10","guid":{"rendered":"https:\/\/unicasa.co\/?post_type=product&#038;p=6102"},"modified":"2025-01-21T09:58:55","modified_gmt":"2025-01-21T09:58:55","slug":"leche-corporal-aclarante-fresh-feel","status":"publish","type":"product","link":"https:\/\/unicasa.co\/fr\/product\/leche-corporal-aclarante-fresh-feel\/","title":{"rendered":"Leche Corporal Aclarante Fresh Feel"},"content":{"rendered":"<p>Fresh Feel Extra Whitening Cell Repair Body Milk es una leche corporal blanqueadora y reparadora de c\u00e9lulas.<\/p>\n<p>Con la leche corporal reparadora celular blanqueadora Fresh Feel, puedes revertir los efectos del da\u00f1o solar.\u00a0En 14 d\u00edas de uso regular, los extractos de vitamina C y el SPF 15 combinados con la f\u00f3rmula de reparaci\u00f3n celular le brindan una piel notablemente tonificada.\u00a0En solo 14 d\u00edas, la f\u00f3rmula reparadora celular te brindar\u00e1 una piel con un tono uniforme.\u00a0La vitamina C cura la piel apagada y da\u00f1ada, mientras que el SPF 15 la protege.\u00a0Consigue una piel m\u00e1s suave y uniforme<\/p>","protected":false},"excerpt":{"rendered":"<p>Fresh Feel Extra Whitening Cell Repair Body Milk es una leche corporal blanqueadora y reparadora de c\u00e9lulas. Con la leche corporal reparadora celular blanqueadora Fresh Feel, puedes revertir los efectos del da\u00f1o solar.\u00a0En 14 d\u00edas de uso regular, los extractos de vitamina C y el SPF 15 combinados con la f\u00f3rmula de reparaci\u00f3n celular le [&hellip;]<\/p>","protected":false},"featured_media":6098,"comment_status":"open","ping_status":"closed","template":"","meta":{"site-sidebar-layout":"default","site-content-layout":"default","ast-site-content-layout":"default","site-content-style":"default","site-sidebar-style":"default","ast-global-header-display":"","ast-banner-title-visibility":"","ast-main-header-display":"","ast-hfb-above-header-display":"","ast-hfb-below-header-display":"","ast-hfb-mobile-header-display":"","site-post-title":"","ast-breadcrumbs-content":"","ast-featured-img":"","footer-sml-layout":"","ast-disable-related-posts":"","theme-transparent-header-meta":"default","adv-header-id-meta":"","stick-header-meta":"","header-above-stick-meta":"","header-main-stick-meta":"","header-below-stick-meta":"","astra-migrate-meta-layouts":"set","ast-page-background-enabled":"default","ast-page-background-meta":{"desktop":{"background-color":"","background-image":"","background-repeat":"repeat","background-position":"center center","background-size":"auto","background-attachment":"scroll","background-type":"","background-media":"","overlay-type":"","overlay-color":"","overlay-opacity":"","overlay-gradient":""},"tablet":{"background-color":"","background-image":"","background-repeat":"repeat","background-position":"center center","background-size":"auto","background-attachment":"scroll","background-type":"","background-media":"","overlay-type":"","overlay-color":"","overlay-opacity":"","overlay-gradient":""},"mobile":{"background-color":"","background-image":"","background-repeat":"repeat","background-position":"center center","background-size":"auto","background-attachment":"scroll","background-type":"","background-media":"","overlay-type":"","overlay-color":"","overlay-opacity":"","overlay-gradient":""}},"ast-content-background-meta":{"desktop":{"background-color":"var(--ast-global-color-5)","background-image":"","background-repeat":"repeat","background-position":"center center","background-size":"auto","background-attachment":"scroll","background-type":"","background-media":"","overlay-type":"","overlay-color":"","overlay-opacity":"","overlay-gradient":""},"tablet":{"background-color":"var(--ast-global-color-5)","background-image":"","background-repeat":"repeat","background-position":"center center","background-size":"auto","background-attachment":"scroll","background-type":"","background-media":"","overlay-type":"","overlay-color":"","overlay-opacity":"","overlay-gradient":""},"mobile":{"background-color":"var(--ast-global-color-5)","background-image":"","background-repeat":"repeat","background-position":"center center","background-size":"auto","background-attachment":"scroll","background-type":"","background-media":"","overlay-type":"","overlay-color":"","overlay-opacity":"","overlay-gradient":""}}},"product_cat":[40,60],"product_tag":[],"class_list":{"0":"post-6102","1":"product","2":"type-product","3":"status-publish","4":"has-post-thumbnail","6":"product_cat-cosmetica","7":"product_cat-corporal","8":"desktop-align-left","9":"tablet-align-left","10":"mobile-align-left","12":"first","13":"instock","14":"shipping-taxable","15":"purchasable","16":"product-type-simple"},"_links":{"self":[{"href":"https:\/\/unicasa.co\/fr\/wp-json\/wp\/v2\/product\/6102"}],"collection":[{"href":"https:\/\/unicasa.co\/fr\/wp-json\/wp\/v2\/product"}],"about":[{"href":"https:\/\/unicasa.co\/fr\/wp-json\/wp\/v2\/types\/product"}],"replies":[{"embeddable":true,"href":"https:\/\/unicasa.co\/fr\/wp-json\/wp\/v2\/comments?post=6102"}],"version-history":[{"count":2,"href":"https:\/\/unicasa.co\/fr\/wp-json\/wp\/v2\/product\/6102\/revisions"}],"predecessor-version":[{"id":7438,"href":"https:\/\/unicasa.co\/fr\/wp-json\/wp\/v2\/product\/6102\/revisions\/7438"}],"wp:featuredmedia":[{"embeddable":true,"href":"https:\/\/unicasa.co\/fr\/wp-json\/wp\/v2\/media\/6098"}],"wp:attachment":[{"href":"https:\/\/unicasa.co\/fr\/wp-json\/wp\/v2\/media?parent=6102"}],"wp:term":[{"taxonomy":"product_cat","embeddable":true,"href":"https:\/\/unicasa.co\/fr\/wp-json\/wp\/v2\/product_cat?post=6102"},{"taxonomy":"product_tag","embeddable":true,"href":"https:\/\/unicasa.co\/fr\/wp-json\/wp\/v2\/product_tag?post=6102"}],"curies":[{"name":"wp","href":"https:\/\/api.w.org\/{rel}","templated":true}]}}