{"id":6071,"date":"2023-09-13T09:39:45","date_gmt":"2023-09-13T08:39:45","guid":{"rendered":"https:\/\/unicasa.co\/?post_type=product&#038;p=6071"},"modified":"2025-01-15T13:43:56","modified_gmt":"2025-01-15T13:43:56","slug":"leche-corporal-ultranutritiva-argan-divina-evoluderm","status":"publish","type":"product","link":"https:\/\/unicasa.co\/fr\/product\/leche-corporal-ultranutritiva-argan-divina-evoluderm\/","title":{"rendered":"Leche Corporal Ultranutritiva Arg\u00e1n Divina Evoluderm"},"content":{"rendered":"<p>Especialmente formulada para cuidar las pieles muy secas, la Leche Corporal Ultranutritiva Vegana Arg\u00e1n Divin combina dos ingredientes conocidos por sus propiedades nutricionales. El aceite de arg\u00e1n, un tesoro de los \u00e1rboles de arg\u00e1n de Marruecos, hidrata* y reconforta la piel da\u00f1ada y la manteca de karit\u00e9 de Burkina Faso repara y cuida la piel que necesita confort. Secretos de belleza ancestrales, estos ingredientes naturales ayudan a combatir la sequedad de la piel actuando como un escudo contra las agresiones externas. La textura ultrafundente de esta leche penetra instant\u00e1neamente para dejar la piel tersa y suave desde la primera aplicaci\u00f3n. Sin efecto pegajoso, ofrece al cuerpo un tacto agradable y una sensaci\u00f3n de intenso bienestar. Resultado: perfectamente nutrida, la piel queda visiblemente m\u00e1s bella, envuelta en un delicado perfume con notas gourmet.<\/p>","protected":false},"excerpt":{"rendered":"<p>Especialmente formulada para cuidar las pieles muy secas, la Leche Corporal Ultranutritiva Vegana Arg\u00e1n Divin combina dos ingredientes conocidos por sus propiedades nutricionales. El aceite de arg\u00e1n, un tesoro de los \u00e1rboles de arg\u00e1n de Marruecos, hidrata* y reconforta la piel da\u00f1ada y la manteca de karit\u00e9 de Burkina Faso repara y cuida la piel [&hellip;]<\/p>","protected":false},"featured_media":6072,"comment_status":"open","ping_status":"closed","template":"","meta":{"site-sidebar-layout":"default","site-content-layout":"default","ast-site-content-layout":"default","site-content-style":"default","site-sidebar-style":"default","ast-global-header-display":"","ast-banner-title-visibility":"","ast-main-header-display":"","ast-hfb-above-header-display":"","ast-hfb-below-header-display":"","ast-hfb-mobile-header-display":"","site-post-title":"","ast-breadcrumbs-content":"","ast-featured-img":"","footer-sml-layout":"","ast-disable-related-posts":"","theme-transparent-header-meta":"default","adv-header-id-meta":"","stick-header-meta":"","header-above-stick-meta":"","header-main-stick-meta":"","header-below-stick-meta":"","astra-migrate-meta-layouts":"set","ast-page-background-enabled":"default","ast-page-background-meta":{"desktop":{"background-color":"","background-image":"","background-repeat":"repeat","background-position":"center center","background-size":"auto","background-attachment":"scroll","background-type":"","background-media":"","overlay-type":"","overlay-color":"","overlay-opacity":"","overlay-gradient":""},"tablet":{"background-color":"","background-image":"","background-repeat":"repeat","background-position":"center center","background-size":"auto","background-attachment":"scroll","background-type":"","background-media":"","overlay-type":"","overlay-color":"","overlay-opacity":"","overlay-gradient":""},"mobile":{"background-color":"","background-image":"","background-repeat":"repeat","background-position":"center center","background-size":"auto","background-attachment":"scroll","background-type":"","background-media":"","overlay-type":"","overlay-color":"","overlay-opacity":"","overlay-gradient":""}},"ast-content-background-meta":{"desktop":{"background-color":"var(--ast-global-color-5)","background-image":"","background-repeat":"repeat","background-position":"center center","background-size":"auto","background-attachment":"scroll","background-type":"","background-media":"","overlay-type":"","overlay-color":"","overlay-opacity":"","overlay-gradient":""},"tablet":{"background-color":"var(--ast-global-color-5)","background-image":"","background-repeat":"repeat","background-position":"center center","background-size":"auto","background-attachment":"scroll","background-type":"","background-media":"","overlay-type":"","overlay-color":"","overlay-opacity":"","overlay-gradient":""},"mobile":{"background-color":"var(--ast-global-color-5)","background-image":"","background-repeat":"repeat","background-position":"center center","background-size":"auto","background-attachment":"scroll","background-type":"","background-media":"","overlay-type":"","overlay-color":"","overlay-opacity":"","overlay-gradient":""}}},"product_cat":[40,60],"product_tag":[65],"class_list":{"0":"post-6071","1":"product","2":"type-product","3":"status-publish","4":"has-post-thumbnail","6":"product_cat-cosmetica","7":"product_cat-corporal","8":"product_tag-evoluderm","9":"desktop-align-left","10":"tablet-align-left","11":"mobile-align-left","13":"first","14":"instock","15":"shipping-taxable","16":"purchasable","17":"product-type-simple"},"_links":{"self":[{"href":"https:\/\/unicasa.co\/fr\/wp-json\/wp\/v2\/product\/6071"}],"collection":[{"href":"https:\/\/unicasa.co\/fr\/wp-json\/wp\/v2\/product"}],"about":[{"href":"https:\/\/unicasa.co\/fr\/wp-json\/wp\/v2\/types\/product"}],"replies":[{"embeddable":true,"href":"https:\/\/unicasa.co\/fr\/wp-json\/wp\/v2\/comments?post=6071"}],"version-history":[{"count":2,"href":"https:\/\/unicasa.co\/fr\/wp-json\/wp\/v2\/product\/6071\/revisions"}],"predecessor-version":[{"id":7413,"href":"https:\/\/unicasa.co\/fr\/wp-json\/wp\/v2\/product\/6071\/revisions\/7413"}],"wp:featuredmedia":[{"embeddable":true,"href":"https:\/\/unicasa.co\/fr\/wp-json\/wp\/v2\/media\/6072"}],"wp:attachment":[{"href":"https:\/\/unicasa.co\/fr\/wp-json\/wp\/v2\/media?parent=6071"}],"wp:term":[{"taxonomy":"product_cat","embeddable":true,"href":"https:\/\/unicasa.co\/fr\/wp-json\/wp\/v2\/product_cat?post=6071"},{"taxonomy":"product_tag","embeddable":true,"href":"https:\/\/unicasa.co\/fr\/wp-json\/wp\/v2\/product_tag?post=6071"}],"curies":[{"name":"wp","href":"https:\/\/api.w.org\/{rel}","templated":true}]}}