{"id":6068,"date":"2023-09-13T09:33:52","date_gmt":"2023-09-13T08:33:52","guid":{"rendered":"https:\/\/unicasa.co\/?post_type=product&#038;p=6068"},"modified":"2023-11-21T07:21:44","modified_gmt":"2023-11-21T07:21:44","slug":"leche-corporal-hidratante-delicia-de-karite-evoluderm","status":"publish","type":"product","link":"https:\/\/unicasa.co\/fr\/product\/leche-corporal-hidratante-delicia-de-karite-evoluderm\/","title":{"rendered":"Leche Corporal Hidratante Delicia de karit\u00e9 Evoluderm"},"content":{"rendered":"<p>Las variaciones de temperatura, la contaminaci\u00f3n o incluso el roce de la ropa, la piel se ve sometida cada d\u00eda a numerosos ataques. Por ello es fundamental protegerlo a diario con los cuidados adecuados. Especialmente formulada para cuidar la piel seca, la leche corporal hidratante vegana Shea D\u00e9lice est\u00e1 enriquecida con manteca de karit\u00e9 de Burkina Faso. Este ingrediente natural revela todos sus secretos en una rica f\u00f3rmula que preserva la hidrataci\u00f3n natural* de la epidermis. Nutritiva y calmante, tambi\u00e9n es conocida por sus propiedades protectoras. La textura cremosa y no pegajosa de esta leche ofrece al cuerpo un tacto agradable y una sensaci\u00f3n de intenso bienestar. Resultado: desde la primera aplicaci\u00f3n la piel recupera confort y flexibilidad, queda envuelta en un delicado perfume con notas gourmet. Este producto se te ofrece en un generoso formato de 500 ml para cuidar tu piel d\u00eda tras d\u00eda.<\/p>\n<p>*las capas superiores de la epidermis.<\/p>","protected":false},"excerpt":{"rendered":"<p>Las variaciones de temperatura, la contaminaci\u00f3n o incluso el roce de la ropa, la piel se ve sometida cada d\u00eda a numerosos ataques. Por ello es fundamental protegerlo a diario con los cuidados adecuados. Especialmente formulada para cuidar la piel seca, la leche corporal hidratante vegana Shea D\u00e9lice est\u00e1 enriquecida con manteca de karit\u00e9 de [&hellip;]<\/p>","protected":false},"featured_media":6069,"comment_status":"open","ping_status":"closed","template":"","meta":{"site-sidebar-layout":"default","site-content-layout":"default","ast-site-content-layout":"default","site-content-style":"default","site-sidebar-style":"default","ast-global-header-display":"","ast-banner-title-visibility":"","ast-main-header-display":"","ast-hfb-above-header-display":"","ast-hfb-below-header-display":"","ast-hfb-mobile-header-display":"","site-post-title":"","ast-breadcrumbs-content":"","ast-featured-img":"","footer-sml-layout":"","ast-disable-related-posts":"","theme-transparent-header-meta":"default","adv-header-id-meta":"","stick-header-meta":"","header-above-stick-meta":"","header-main-stick-meta":"","header-below-stick-meta":"","astra-migrate-meta-layouts":"default","ast-page-background-enabled":"default","ast-page-background-meta":{"desktop":{"background-color":"","background-image":"","background-repeat":"repeat","background-position":"center center","background-size":"auto","background-attachment":"scroll","background-type":"","background-media":"","overlay-type":"","overlay-color":"","overlay-opacity":"","overlay-gradient":""},"tablet":{"background-color":"","background-image":"","background-repeat":"repeat","background-position":"center center","background-size":"auto","background-attachment":"scroll","background-type":"","background-media":"","overlay-type":"","overlay-color":"","overlay-opacity":"","overlay-gradient":""},"mobile":{"background-color":"","background-image":"","background-repeat":"repeat","background-position":"center center","background-size":"auto","background-attachment":"scroll","background-type":"","background-media":"","overlay-type":"","overlay-color":"","overlay-opacity":"","overlay-gradient":""}},"ast-content-background-meta":{"desktop":{"background-color":"var(--ast-global-color-5)","background-image":"","background-repeat":"repeat","background-position":"center center","background-size":"auto","background-attachment":"scroll","background-type":"","background-media":"","overlay-type":"","overlay-color":"","overlay-opacity":"","overlay-gradient":""},"tablet":{"background-color":"var(--ast-global-color-5)","background-image":"","background-repeat":"repeat","background-position":"center center","background-size":"auto","background-attachment":"scroll","background-type":"","background-media":"","overlay-type":"","overlay-color":"","overlay-opacity":"","overlay-gradient":""},"mobile":{"background-color":"var(--ast-global-color-5)","background-image":"","background-repeat":"repeat","background-position":"center center","background-size":"auto","background-attachment":"scroll","background-type":"","background-media":"","overlay-type":"","overlay-color":"","overlay-opacity":"","overlay-gradient":""}}},"product_cat":[40,60],"product_tag":[65],"class_list":{"0":"post-6068","1":"product","2":"type-product","3":"status-publish","4":"has-post-thumbnail","6":"product_cat-cosmetica","7":"product_cat-corporal","8":"product_tag-evoluderm","9":"desktop-align-left","10":"tablet-align-left","11":"mobile-align-left","13":"first","14":"instock","15":"shipping-taxable","16":"purchasable","17":"product-type-simple"},"_links":{"self":[{"href":"https:\/\/unicasa.co\/fr\/wp-json\/wp\/v2\/product\/6068"}],"collection":[{"href":"https:\/\/unicasa.co\/fr\/wp-json\/wp\/v2\/product"}],"about":[{"href":"https:\/\/unicasa.co\/fr\/wp-json\/wp\/v2\/types\/product"}],"replies":[{"embeddable":true,"href":"https:\/\/unicasa.co\/fr\/wp-json\/wp\/v2\/comments?post=6068"}],"version-history":[{"count":1,"href":"https:\/\/unicasa.co\/fr\/wp-json\/wp\/v2\/product\/6068\/revisions"}],"predecessor-version":[{"id":6070,"href":"https:\/\/unicasa.co\/fr\/wp-json\/wp\/v2\/product\/6068\/revisions\/6070"}],"wp:featuredmedia":[{"embeddable":true,"href":"https:\/\/unicasa.co\/fr\/wp-json\/wp\/v2\/media\/6069"}],"wp:attachment":[{"href":"https:\/\/unicasa.co\/fr\/wp-json\/wp\/v2\/media?parent=6068"}],"wp:term":[{"taxonomy":"product_cat","embeddable":true,"href":"https:\/\/unicasa.co\/fr\/wp-json\/wp\/v2\/product_cat?post=6068"},{"taxonomy":"product_tag","embeddable":true,"href":"https:\/\/unicasa.co\/fr\/wp-json\/wp\/v2\/product_tag?post=6068"}],"curies":[{"name":"wp","href":"https:\/\/api.w.org\/{rel}","templated":true}]}}