{"id":6066,"date":"2023-09-13T09:28:10","date_gmt":"2023-09-13T08:28:10","guid":{"rendered":"https:\/\/unicasa.co\/?post_type=product&#038;p=6066"},"modified":"2025-01-15T13:43:00","modified_gmt":"2025-01-15T13:43:00","slug":"leche-concentrada-hidratante-aclarante-ultra-fuerte-evoluderm","status":"publish","type":"product","link":"https:\/\/unicasa.co\/fr\/product\/leche-concentrada-hidratante-aclarante-ultra-fuerte-evoluderm\/","title":{"rendered":"Leche Concentrada Hidratante Aclarante Ultra Fuerte Evoluderm"},"content":{"rendered":"<p>La Leche Concentrada Hidratante Aclarante Ultra Fuerte ha sido especialmente dise\u00f1ada para devolver la luminosidad a la piel. Su f\u00f3rmula enriquecida con AHA y Manteca de Karit\u00e9 ayuda a nutrir, hidratar* y suavizar intensamente la piel, al mismo tiempo que favorece su luminosidad. Esta leche ofrece un verdadero cuidado diario del cuerpo, permiti\u00e9ndole encontrar una piel m\u00e1s armoniosa, radiante, flexible y suave. Su textura ligera penetra r\u00e1pidamente en la piel sin dejar pel\u00edcula grasa.<\/p>","protected":false},"excerpt":{"rendered":"<p>La Leche Concentrada Hidratante Aclarante Ultra Fuerte ha sido especialmente dise\u00f1ada para devolver la luminosidad a la piel. Su f\u00f3rmula enriquecida con AHA y Manteca de Karit\u00e9 ayuda a nutrir, hidratar* y suavizar intensamente la piel, al mismo tiempo que favorece su luminosidad. Esta leche ofrece un verdadero cuidado diario del cuerpo, permiti\u00e9ndole encontrar una [&hellip;]<\/p>","protected":false},"featured_media":6002,"comment_status":"open","ping_status":"closed","template":"","meta":{"site-sidebar-layout":"default","site-content-layout":"default","ast-site-content-layout":"default","site-content-style":"default","site-sidebar-style":"default","ast-global-header-display":"","ast-banner-title-visibility":"","ast-main-header-display":"","ast-hfb-above-header-display":"","ast-hfb-below-header-display":"","ast-hfb-mobile-header-display":"","site-post-title":"","ast-breadcrumbs-content":"","ast-featured-img":"","footer-sml-layout":"","ast-disable-related-posts":"","theme-transparent-header-meta":"default","adv-header-id-meta":"","stick-header-meta":"","header-above-stick-meta":"","header-main-stick-meta":"","header-below-stick-meta":"","astra-migrate-meta-layouts":"set","ast-page-background-enabled":"default","ast-page-background-meta":{"desktop":{"background-color":"","background-image":"","background-repeat":"repeat","background-position":"center center","background-size":"auto","background-attachment":"scroll","background-type":"","background-media":"","overlay-type":"","overlay-color":"","overlay-opacity":"","overlay-gradient":""},"tablet":{"background-color":"","background-image":"","background-repeat":"repeat","background-position":"center center","background-size":"auto","background-attachment":"scroll","background-type":"","background-media":"","overlay-type":"","overlay-color":"","overlay-opacity":"","overlay-gradient":""},"mobile":{"background-color":"","background-image":"","background-repeat":"repeat","background-position":"center center","background-size":"auto","background-attachment":"scroll","background-type":"","background-media":"","overlay-type":"","overlay-color":"","overlay-opacity":"","overlay-gradient":""}},"ast-content-background-meta":{"desktop":{"background-color":"var(--ast-global-color-5)","background-image":"","background-repeat":"repeat","background-position":"center center","background-size":"auto","background-attachment":"scroll","background-type":"","background-media":"","overlay-type":"","overlay-color":"","overlay-opacity":"","overlay-gradient":""},"tablet":{"background-color":"var(--ast-global-color-5)","background-image":"","background-repeat":"repeat","background-position":"center center","background-size":"auto","background-attachment":"scroll","background-type":"","background-media":"","overlay-type":"","overlay-color":"","overlay-opacity":"","overlay-gradient":""},"mobile":{"background-color":"var(--ast-global-color-5)","background-image":"","background-repeat":"repeat","background-position":"center center","background-size":"auto","background-attachment":"scroll","background-type":"","background-media":"","overlay-type":"","overlay-color":"","overlay-opacity":"","overlay-gradient":""}}},"product_cat":[40,60],"product_tag":[65],"class_list":{"0":"post-6066","1":"product","2":"type-product","3":"status-publish","4":"has-post-thumbnail","6":"product_cat-cosmetica","7":"product_cat-corporal","8":"product_tag-evoluderm","9":"desktop-align-left","10":"tablet-align-left","11":"mobile-align-left","13":"first","14":"outofstock","15":"shipping-taxable","16":"purchasable","17":"product-type-simple"},"_links":{"self":[{"href":"https:\/\/unicasa.co\/fr\/wp-json\/wp\/v2\/product\/6066"}],"collection":[{"href":"https:\/\/unicasa.co\/fr\/wp-json\/wp\/v2\/product"}],"about":[{"href":"https:\/\/unicasa.co\/fr\/wp-json\/wp\/v2\/types\/product"}],"replies":[{"embeddable":true,"href":"https:\/\/unicasa.co\/fr\/wp-json\/wp\/v2\/comments?post=6066"}],"version-history":[{"count":1,"href":"https:\/\/unicasa.co\/fr\/wp-json\/wp\/v2\/product\/6066\/revisions"}],"predecessor-version":[{"id":6067,"href":"https:\/\/unicasa.co\/fr\/wp-json\/wp\/v2\/product\/6066\/revisions\/6067"}],"wp:featuredmedia":[{"embeddable":true,"href":"https:\/\/unicasa.co\/fr\/wp-json\/wp\/v2\/media\/6002"}],"wp:attachment":[{"href":"https:\/\/unicasa.co\/fr\/wp-json\/wp\/v2\/media?parent=6066"}],"wp:term":[{"taxonomy":"product_cat","embeddable":true,"href":"https:\/\/unicasa.co\/fr\/wp-json\/wp\/v2\/product_cat?post=6066"},{"taxonomy":"product_tag","embeddable":true,"href":"https:\/\/unicasa.co\/fr\/wp-json\/wp\/v2\/product_tag?post=6066"}],"curies":[{"name":"wp","href":"https:\/\/api.w.org\/{rel}","templated":true}]}}