{"id":6064,"date":"2023-09-13T09:26:01","date_gmt":"2023-09-13T08:26:01","guid":{"rendered":"https:\/\/unicasa.co\/?post_type=product&#038;p=6064"},"modified":"2024-11-07T18:28:28","modified_gmt":"2024-11-07T18:28:28","slug":"leche-aclarante-nutritiva-muy-fuerte-evoluderm","status":"publish","type":"product","link":"https:\/\/unicasa.co\/fr\/product\/leche-aclarante-nutritiva-muy-fuerte-evoluderm\/","title":{"rendered":"Leche Aclarante Nutritiva Muy Fuerte Evoluderm"},"content":{"rendered":"<p>La Leche Aclarante Nutritiva Muy Fuerte est\u00e1 especialmente dise\u00f1ada para unificar y realzar tu piel d\u00eda tras d\u00eda. Formulado con Ingredientes de Origen Natural como AHA, Manteca de Karit\u00e9 y Glicerina, nutre*, hidrata e ilumina tu piel. Su textura untuosa en crema te aporta una sensaci\u00f3n de confort cada d\u00eda, sin dejar pel\u00edcula grasa sobre la piel. Resultado: Tu piel recupera su elasticidad, se favorece la armon\u00eda de tu cutis y se reduce la aparici\u00f3n de manchas de pigmentaci\u00f3n.<\/p>","protected":false},"excerpt":{"rendered":"<p>La Leche Aclarante Nutritiva Muy Fuerte est\u00e1 especialmente dise\u00f1ada para unificar y realzar tu piel d\u00eda tras d\u00eda. Formulado con Ingredientes de Origen Natural como AHA, Manteca de Karit\u00e9 y Glicerina, nutre*, hidrata e ilumina tu piel. Su textura untuosa en crema te aporta una sensaci\u00f3n de confort cada d\u00eda, sin dejar pel\u00edcula grasa sobre [&hellip;]<\/p>","protected":false},"featured_media":6005,"comment_status":"open","ping_status":"closed","template":"","meta":{"site-sidebar-layout":"default","site-content-layout":"default","ast-site-content-layout":"default","site-content-style":"default","site-sidebar-style":"default","ast-global-header-display":"","ast-banner-title-visibility":"","ast-main-header-display":"","ast-hfb-above-header-display":"","ast-hfb-below-header-display":"","ast-hfb-mobile-header-display":"","site-post-title":"","ast-breadcrumbs-content":"","ast-featured-img":"","footer-sml-layout":"","ast-disable-related-posts":"","theme-transparent-header-meta":"default","adv-header-id-meta":"","stick-header-meta":"","header-above-stick-meta":"","header-main-stick-meta":"","header-below-stick-meta":"","astra-migrate-meta-layouts":"set","ast-page-background-enabled":"default","ast-page-background-meta":{"desktop":{"background-color":"","background-image":"","background-repeat":"repeat","background-position":"center center","background-size":"auto","background-attachment":"scroll","background-type":"","background-media":"","overlay-type":"","overlay-color":"","overlay-opacity":"","overlay-gradient":""},"tablet":{"background-color":"","background-image":"","background-repeat":"repeat","background-position":"center center","background-size":"auto","background-attachment":"scroll","background-type":"","background-media":"","overlay-type":"","overlay-color":"","overlay-opacity":"","overlay-gradient":""},"mobile":{"background-color":"","background-image":"","background-repeat":"repeat","background-position":"center center","background-size":"auto","background-attachment":"scroll","background-type":"","background-media":"","overlay-type":"","overlay-color":"","overlay-opacity":"","overlay-gradient":""}},"ast-content-background-meta":{"desktop":{"background-color":"var(--ast-global-color-5)","background-image":"","background-repeat":"repeat","background-position":"center center","background-size":"auto","background-attachment":"scroll","background-type":"","background-media":"","overlay-type":"","overlay-color":"","overlay-opacity":"","overlay-gradient":""},"tablet":{"background-color":"var(--ast-global-color-5)","background-image":"","background-repeat":"repeat","background-position":"center center","background-size":"auto","background-attachment":"scroll","background-type":"","background-media":"","overlay-type":"","overlay-color":"","overlay-opacity":"","overlay-gradient":""},"mobile":{"background-color":"var(--ast-global-color-5)","background-image":"","background-repeat":"repeat","background-position":"center center","background-size":"auto","background-attachment":"scroll","background-type":"","background-media":"","overlay-type":"","overlay-color":"","overlay-opacity":"","overlay-gradient":""}}},"product_cat":[40,60],"product_tag":[65],"class_list":{"0":"post-6064","1":"product","2":"type-product","3":"status-publish","4":"has-post-thumbnail","6":"product_cat-cosmetica","7":"product_cat-corporal","8":"product_tag-evoluderm","9":"desktop-align-left","10":"tablet-align-left","11":"mobile-align-left","13":"first","14":"instock","15":"shipping-taxable","16":"purchasable","17":"product-type-simple"},"_links":{"self":[{"href":"https:\/\/unicasa.co\/fr\/wp-json\/wp\/v2\/product\/6064"}],"collection":[{"href":"https:\/\/unicasa.co\/fr\/wp-json\/wp\/v2\/product"}],"about":[{"href":"https:\/\/unicasa.co\/fr\/wp-json\/wp\/v2\/types\/product"}],"replies":[{"embeddable":true,"href":"https:\/\/unicasa.co\/fr\/wp-json\/wp\/v2\/comments?post=6064"}],"version-history":[{"count":1,"href":"https:\/\/unicasa.co\/fr\/wp-json\/wp\/v2\/product\/6064\/revisions"}],"predecessor-version":[{"id":6065,"href":"https:\/\/unicasa.co\/fr\/wp-json\/wp\/v2\/product\/6064\/revisions\/6065"}],"wp:featuredmedia":[{"embeddable":true,"href":"https:\/\/unicasa.co\/fr\/wp-json\/wp\/v2\/media\/6005"}],"wp:attachment":[{"href":"https:\/\/unicasa.co\/fr\/wp-json\/wp\/v2\/media?parent=6064"}],"wp:term":[{"taxonomy":"product_cat","embeddable":true,"href":"https:\/\/unicasa.co\/fr\/wp-json\/wp\/v2\/product_cat?post=6064"},{"taxonomy":"product_tag","embeddable":true,"href":"https:\/\/unicasa.co\/fr\/wp-json\/wp\/v2\/product_tag?post=6064"}],"curies":[{"name":"wp","href":"https:\/\/api.w.org\/{rel}","templated":true}]}}