{"id":6062,"date":"2023-09-13T09:24:45","date_gmt":"2023-09-13T08:24:45","guid":{"rendered":"https:\/\/unicasa.co\/?post_type=product&#038;p=6062"},"modified":"2024-11-07T18:28:21","modified_gmt":"2024-11-07T18:28:21","slug":"leche-multihidratante-aclarante-extrafuerte-evoluderm","status":"publish","type":"product","link":"https:\/\/unicasa.co\/fr\/product\/leche-multihidratante-aclarante-extrafuerte-evoluderm\/","title":{"rendered":"Leche multihidratante aclarante extrafuerte Evoluderm"},"content":{"rendered":"<p>La Leche Multihidratante Aclarante Extra Fuerte est\u00e1 especialmente dise\u00f1ada para actuar eficazmente sobre las manchas y reducir la hiperpigmentaci\u00f3n en todo tipo de piel. Combina los beneficios de dos activos: los AHA, que estimulan la renovaci\u00f3n celular mediante su efecto \u201cpeeling\u201d para una piel luminosa, y la manteca de karit\u00e9, con propiedades calmantes y protectoras. La leche multihidratante aclarante extrafuerte ayuda a eliminar las c\u00e9lulas superficiales hiperpigmentadas para un cutis uniforme y radiante.<\/p>\n<p>Su textura untuosa en crema te aporta una sensaci\u00f3n de confort cada d\u00eda, sin dejar pel\u00edcula grasa sobre la piel. Resultado: tu piel queda ligeramente perfumada y recupera su suavidad y flexibilidad, incluso en las zonas m\u00e1s deshidratadas.<\/p>","protected":false},"excerpt":{"rendered":"<p>La Leche Multihidratante Aclarante Extra Fuerte est\u00e1 especialmente dise\u00f1ada para actuar eficazmente sobre las manchas y reducir la hiperpigmentaci\u00f3n en todo tipo de piel. Combina los beneficios de dos activos: los AHA, que estimulan la renovaci\u00f3n celular mediante su efecto \u201cpeeling\u201d para una piel luminosa, y la manteca de karit\u00e9, con propiedades calmantes y protectoras. [&hellip;]<\/p>","protected":false},"featured_media":6004,"comment_status":"open","ping_status":"closed","template":"","meta":{"site-sidebar-layout":"default","site-content-layout":"default","ast-site-content-layout":"default","site-content-style":"default","site-sidebar-style":"default","ast-global-header-display":"","ast-banner-title-visibility":"","ast-main-header-display":"","ast-hfb-above-header-display":"","ast-hfb-below-header-display":"","ast-hfb-mobile-header-display":"","site-post-title":"","ast-breadcrumbs-content":"","ast-featured-img":"","footer-sml-layout":"","ast-disable-related-posts":"","theme-transparent-header-meta":"default","adv-header-id-meta":"","stick-header-meta":"","header-above-stick-meta":"","header-main-stick-meta":"","header-below-stick-meta":"","astra-migrate-meta-layouts":"set","ast-page-background-enabled":"default","ast-page-background-meta":{"desktop":{"background-color":"","background-image":"","background-repeat":"repeat","background-position":"center center","background-size":"auto","background-attachment":"scroll","background-type":"","background-media":"","overlay-type":"","overlay-color":"","overlay-opacity":"","overlay-gradient":""},"tablet":{"background-color":"","background-image":"","background-repeat":"repeat","background-position":"center center","background-size":"auto","background-attachment":"scroll","background-type":"","background-media":"","overlay-type":"","overlay-color":"","overlay-opacity":"","overlay-gradient":""},"mobile":{"background-color":"","background-image":"","background-repeat":"repeat","background-position":"center center","background-size":"auto","background-attachment":"scroll","background-type":"","background-media":"","overlay-type":"","overlay-color":"","overlay-opacity":"","overlay-gradient":""}},"ast-content-background-meta":{"desktop":{"background-color":"var(--ast-global-color-5)","background-image":"","background-repeat":"repeat","background-position":"center center","background-size":"auto","background-attachment":"scroll","background-type":"","background-media":"","overlay-type":"","overlay-color":"","overlay-opacity":"","overlay-gradient":""},"tablet":{"background-color":"var(--ast-global-color-5)","background-image":"","background-repeat":"repeat","background-position":"center center","background-size":"auto","background-attachment":"scroll","background-type":"","background-media":"","overlay-type":"","overlay-color":"","overlay-opacity":"","overlay-gradient":""},"mobile":{"background-color":"var(--ast-global-color-5)","background-image":"","background-repeat":"repeat","background-position":"center center","background-size":"auto","background-attachment":"scroll","background-type":"","background-media":"","overlay-type":"","overlay-color":"","overlay-opacity":"","overlay-gradient":""}}},"product_cat":[40,60],"product_tag":[65],"class_list":{"0":"post-6062","1":"product","2":"type-product","3":"status-publish","4":"has-post-thumbnail","6":"product_cat-cosmetica","7":"product_cat-corporal","8":"product_tag-evoluderm","9":"desktop-align-left","10":"tablet-align-left","11":"mobile-align-left","13":"first","14":"instock","15":"shipping-taxable","16":"purchasable","17":"product-type-simple"},"_links":{"self":[{"href":"https:\/\/unicasa.co\/fr\/wp-json\/wp\/v2\/product\/6062"}],"collection":[{"href":"https:\/\/unicasa.co\/fr\/wp-json\/wp\/v2\/product"}],"about":[{"href":"https:\/\/unicasa.co\/fr\/wp-json\/wp\/v2\/types\/product"}],"replies":[{"embeddable":true,"href":"https:\/\/unicasa.co\/fr\/wp-json\/wp\/v2\/comments?post=6062"}],"version-history":[{"count":1,"href":"https:\/\/unicasa.co\/fr\/wp-json\/wp\/v2\/product\/6062\/revisions"}],"predecessor-version":[{"id":6063,"href":"https:\/\/unicasa.co\/fr\/wp-json\/wp\/v2\/product\/6062\/revisions\/6063"}],"wp:featuredmedia":[{"embeddable":true,"href":"https:\/\/unicasa.co\/fr\/wp-json\/wp\/v2\/media\/6004"}],"wp:attachment":[{"href":"https:\/\/unicasa.co\/fr\/wp-json\/wp\/v2\/media?parent=6062"}],"wp:term":[{"taxonomy":"product_cat","embeddable":true,"href":"https:\/\/unicasa.co\/fr\/wp-json\/wp\/v2\/product_cat?post=6062"},{"taxonomy":"product_tag","embeddable":true,"href":"https:\/\/unicasa.co\/fr\/wp-json\/wp\/v2\/product_tag?post=6062"}],"curies":[{"name":"wp","href":"https:\/\/api.w.org\/{rel}","templated":true}]}}