{"id":6057,"date":"2023-09-13T09:17:13","date_gmt":"2023-09-13T08:17:13","guid":{"rendered":"https:\/\/unicasa.co\/?post_type=product&#038;p=6057"},"modified":"2024-11-07T18:27:39","modified_gmt":"2024-11-07T18:27:39","slug":"leche-concentrada-hidratante-aclarante-over-boost-evoluderm","status":"publish","type":"product","link":"https:\/\/unicasa.co\/fr\/product\/leche-concentrada-hidratante-aclarante-over-boost-evoluderm\/","title":{"rendered":"Leche Concentrada Hidratante Aclarante Over Boost Evoluderm"},"content":{"rendered":"<p>La Leche Concentrada Hidratante Iluminadora OVER BOOST ha sido especialmente dise\u00f1ada para combatir eficazmente la hiperpigmentaci\u00f3n. Enriquecido con AHA y aceite de arg\u00e1n, este tratamiento unifica el tono de la piel y ayuda a limitar la aparici\u00f3n de manchas de pigmentaci\u00f3n al tiempo que estimula la regeneraci\u00f3n celular. La f\u00f3rmula vitam\u00ednica de este tratamiento cremoso revitaliza la piel seca y falta de luminosidad. D\u00eda tras d\u00eda, la piel se sublima y vuelve a estar sedosa. Con cada uso, esta leche perfuma delicadamente tu cuerpo para ofrecerte un verdadero momento de relajaci\u00f3n. Resultado: Tu piel recupera su flexibilidad y luminosidad, tu tez est\u00e1 uniforme.<\/p>","protected":false},"excerpt":{"rendered":"<p>La Leche Concentrada Hidratante Iluminadora OVER BOOST ha sido especialmente dise\u00f1ada para combatir eficazmente la hiperpigmentaci\u00f3n. Enriquecido con AHA y aceite de arg\u00e1n, este tratamiento unifica el tono de la piel y ayuda a limitar la aparici\u00f3n de manchas de pigmentaci\u00f3n al tiempo que estimula la regeneraci\u00f3n celular. La f\u00f3rmula vitam\u00ednica de este tratamiento cremoso [&hellip;]<\/p>","protected":false},"featured_media":6058,"comment_status":"open","ping_status":"closed","template":"","meta":{"site-sidebar-layout":"default","site-content-layout":"default","ast-site-content-layout":"default","site-content-style":"default","site-sidebar-style":"default","ast-global-header-display":"","ast-banner-title-visibility":"","ast-main-header-display":"","ast-hfb-above-header-display":"","ast-hfb-below-header-display":"","ast-hfb-mobile-header-display":"","site-post-title":"","ast-breadcrumbs-content":"","ast-featured-img":"","footer-sml-layout":"","ast-disable-related-posts":"","theme-transparent-header-meta":"default","adv-header-id-meta":"","stick-header-meta":"","header-above-stick-meta":"","header-main-stick-meta":"","header-below-stick-meta":"","astra-migrate-meta-layouts":"set","ast-page-background-enabled":"default","ast-page-background-meta":{"desktop":{"background-color":"","background-image":"","background-repeat":"repeat","background-position":"center center","background-size":"auto","background-attachment":"scroll","background-type":"","background-media":"","overlay-type":"","overlay-color":"","overlay-opacity":"","overlay-gradient":""},"tablet":{"background-color":"","background-image":"","background-repeat":"repeat","background-position":"center center","background-size":"auto","background-attachment":"scroll","background-type":"","background-media":"","overlay-type":"","overlay-color":"","overlay-opacity":"","overlay-gradient":""},"mobile":{"background-color":"","background-image":"","background-repeat":"repeat","background-position":"center center","background-size":"auto","background-attachment":"scroll","background-type":"","background-media":"","overlay-type":"","overlay-color":"","overlay-opacity":"","overlay-gradient":""}},"ast-content-background-meta":{"desktop":{"background-color":"var(--ast-global-color-5)","background-image":"","background-repeat":"repeat","background-position":"center center","background-size":"auto","background-attachment":"scroll","background-type":"","background-media":"","overlay-type":"","overlay-color":"","overlay-opacity":"","overlay-gradient":""},"tablet":{"background-color":"var(--ast-global-color-5)","background-image":"","background-repeat":"repeat","background-position":"center center","background-size":"auto","background-attachment":"scroll","background-type":"","background-media":"","overlay-type":"","overlay-color":"","overlay-opacity":"","overlay-gradient":""},"mobile":{"background-color":"var(--ast-global-color-5)","background-image":"","background-repeat":"repeat","background-position":"center center","background-size":"auto","background-attachment":"scroll","background-type":"","background-media":"","overlay-type":"","overlay-color":"","overlay-opacity":"","overlay-gradient":""}}},"product_cat":[40,60],"product_tag":[65],"class_list":{"0":"post-6057","1":"product","2":"type-product","3":"status-publish","4":"has-post-thumbnail","6":"product_cat-cosmetica","7":"product_cat-corporal","8":"product_tag-evoluderm","9":"desktop-align-left","10":"tablet-align-left","11":"mobile-align-left","13":"first","14":"instock","15":"shipping-taxable","16":"purchasable","17":"product-type-simple"},"_links":{"self":[{"href":"https:\/\/unicasa.co\/fr\/wp-json\/wp\/v2\/product\/6057"}],"collection":[{"href":"https:\/\/unicasa.co\/fr\/wp-json\/wp\/v2\/product"}],"about":[{"href":"https:\/\/unicasa.co\/fr\/wp-json\/wp\/v2\/types\/product"}],"replies":[{"embeddable":true,"href":"https:\/\/unicasa.co\/fr\/wp-json\/wp\/v2\/comments?post=6057"}],"version-history":[{"count":1,"href":"https:\/\/unicasa.co\/fr\/wp-json\/wp\/v2\/product\/6057\/revisions"}],"predecessor-version":[{"id":6059,"href":"https:\/\/unicasa.co\/fr\/wp-json\/wp\/v2\/product\/6057\/revisions\/6059"}],"wp:featuredmedia":[{"embeddable":true,"href":"https:\/\/unicasa.co\/fr\/wp-json\/wp\/v2\/media\/6058"}],"wp:attachment":[{"href":"https:\/\/unicasa.co\/fr\/wp-json\/wp\/v2\/media?parent=6057"}],"wp:term":[{"taxonomy":"product_cat","embeddable":true,"href":"https:\/\/unicasa.co\/fr\/wp-json\/wp\/v2\/product_cat?post=6057"},{"taxonomy":"product_tag","embeddable":true,"href":"https:\/\/unicasa.co\/fr\/wp-json\/wp\/v2\/product_tag?post=6057"}],"curies":[{"name":"wp","href":"https:\/\/api.w.org\/{rel}","templated":true}]}}