{"id":6054,"date":"2023-09-13T09:14:45","date_gmt":"2023-09-13T08:14:45","guid":{"rendered":"https:\/\/unicasa.co\/?post_type=product&#038;p=6054"},"modified":"2023-11-21T07:46:38","modified_gmt":"2023-11-21T07:46:38","slug":"leche-hidratante-aclarante-accion-anti-manchas","status":"publish","type":"product","link":"https:\/\/unicasa.co\/fr\/product\/leche-hidratante-aclarante-accion-anti-manchas\/","title":{"rendered":"Leche Hidratante Aclarante Acci\u00f3n anti-manchas Evoluderm"},"content":{"rendered":"<p>Enriquecida con un 6% de AHA y aceite de zanahoria, la Leche Hidratante Aclarante Dark Spot Action ha sido especialmente dise\u00f1ada para cuidar todo tipo de piel. Este tratamiento es una aut\u00e9ntica fuente de vitaminas gracias a la Zanahoria, rica en betacaroteno y antioxidantes, conocida por favorecer la regeneraci\u00f3n celular y retrasar los efectos del envejecimiento. Los AHA, con beneficios exfoliantes e hidratantes, ayudan a reducir las manchas de pigmentaci\u00f3n e igualar la tez, para una piel iluminada y revitalizada.<br \/>\nLa f\u00f3rmula vitam\u00ednica de este tratamiento reaviva la piel pigmentada y falta de luminosidad. D\u00eda tras d\u00eda, la piel se sublima y vuelve a estar sedosa. Con cada uso, esta leche perfuma delicadamente tu cuerpo para ofrecerte un verdadero momento de bienestar.<\/p>","protected":false},"excerpt":{"rendered":"<p>Enriquecida con un 6% de AHA y aceite de zanahoria, la Leche Hidratante Aclarante Dark Spot Action ha sido especialmente dise\u00f1ada para cuidar todo tipo de piel. Este tratamiento es una aut\u00e9ntica fuente de vitaminas gracias a la Zanahoria, rica en betacaroteno y antioxidantes, conocida por favorecer la regeneraci\u00f3n celular y retrasar los efectos del [&hellip;]<\/p>","protected":false},"featured_media":6003,"comment_status":"open","ping_status":"closed","template":"","meta":{"site-sidebar-layout":"default","site-content-layout":"default","ast-site-content-layout":"default","site-content-style":"default","site-sidebar-style":"default","ast-global-header-display":"","ast-banner-title-visibility":"","ast-main-header-display":"","ast-hfb-above-header-display":"","ast-hfb-below-header-display":"","ast-hfb-mobile-header-display":"","site-post-title":"","ast-breadcrumbs-content":"","ast-featured-img":"","footer-sml-layout":"","ast-disable-related-posts":"","theme-transparent-header-meta":"default","adv-header-id-meta":"","stick-header-meta":"","header-above-stick-meta":"","header-main-stick-meta":"","header-below-stick-meta":"","astra-migrate-meta-layouts":"default","ast-page-background-enabled":"default","ast-page-background-meta":{"desktop":{"background-color":"","background-image":"","background-repeat":"repeat","background-position":"center center","background-size":"auto","background-attachment":"scroll","background-type":"","background-media":"","overlay-type":"","overlay-color":"","overlay-opacity":"","overlay-gradient":""},"tablet":{"background-color":"","background-image":"","background-repeat":"repeat","background-position":"center center","background-size":"auto","background-attachment":"scroll","background-type":"","background-media":"","overlay-type":"","overlay-color":"","overlay-opacity":"","overlay-gradient":""},"mobile":{"background-color":"","background-image":"","background-repeat":"repeat","background-position":"center center","background-size":"auto","background-attachment":"scroll","background-type":"","background-media":"","overlay-type":"","overlay-color":"","overlay-opacity":"","overlay-gradient":""}},"ast-content-background-meta":{"desktop":{"background-color":"var(--ast-global-color-5)","background-image":"","background-repeat":"repeat","background-position":"center center","background-size":"auto","background-attachment":"scroll","background-type":"","background-media":"","overlay-type":"","overlay-color":"","overlay-opacity":"","overlay-gradient":""},"tablet":{"background-color":"var(--ast-global-color-5)","background-image":"","background-repeat":"repeat","background-position":"center center","background-size":"auto","background-attachment":"scroll","background-type":"","background-media":"","overlay-type":"","overlay-color":"","overlay-opacity":"","overlay-gradient":""},"mobile":{"background-color":"var(--ast-global-color-5)","background-image":"","background-repeat":"repeat","background-position":"center center","background-size":"auto","background-attachment":"scroll","background-type":"","background-media":"","overlay-type":"","overlay-color":"","overlay-opacity":"","overlay-gradient":""}}},"product_cat":[40,60],"product_tag":[65],"class_list":{"0":"post-6054","1":"product","2":"type-product","3":"status-publish","4":"has-post-thumbnail","6":"product_cat-cosmetica","7":"product_cat-corporal","8":"product_tag-evoluderm","9":"desktop-align-left","10":"tablet-align-left","11":"mobile-align-left","13":"first","14":"instock","15":"shipping-taxable","16":"purchasable","17":"product-type-simple"},"_links":{"self":[{"href":"https:\/\/unicasa.co\/fr\/wp-json\/wp\/v2\/product\/6054"}],"collection":[{"href":"https:\/\/unicasa.co\/fr\/wp-json\/wp\/v2\/product"}],"about":[{"href":"https:\/\/unicasa.co\/fr\/wp-json\/wp\/v2\/types\/product"}],"replies":[{"embeddable":true,"href":"https:\/\/unicasa.co\/fr\/wp-json\/wp\/v2\/comments?post=6054"}],"version-history":[{"count":2,"href":"https:\/\/unicasa.co\/fr\/wp-json\/wp\/v2\/product\/6054\/revisions"}],"predecessor-version":[{"id":6056,"href":"https:\/\/unicasa.co\/fr\/wp-json\/wp\/v2\/product\/6054\/revisions\/6056"}],"wp:featuredmedia":[{"embeddable":true,"href":"https:\/\/unicasa.co\/fr\/wp-json\/wp\/v2\/media\/6003"}],"wp:attachment":[{"href":"https:\/\/unicasa.co\/fr\/wp-json\/wp\/v2\/media?parent=6054"}],"wp:term":[{"taxonomy":"product_cat","embeddable":true,"href":"https:\/\/unicasa.co\/fr\/wp-json\/wp\/v2\/product_cat?post=6054"},{"taxonomy":"product_tag","embeddable":true,"href":"https:\/\/unicasa.co\/fr\/wp-json\/wp\/v2\/product_tag?post=6054"}],"curies":[{"name":"wp","href":"https:\/\/api.w.org\/{rel}","templated":true}]}}