{"id":6051,"date":"2023-09-13T09:11:50","date_gmt":"2023-09-13T08:11:50","guid":{"rendered":"https:\/\/unicasa.co\/?post_type=product&#038;p=6051"},"modified":"2023-11-21T07:45:52","modified_gmt":"2023-11-21T07:45:52","slug":"leche-corporal-nutritiva-con-zanahoria-evoluderm","status":"publish","type":"product","link":"https:\/\/unicasa.co\/fr\/product\/leche-corporal-nutritiva-con-zanahoria-evoluderm\/","title":{"rendered":"Leche Corporal Nutritiva con Zanahoria Evoluderm"},"content":{"rendered":"<p>La Leche Corporal Nutritiva Vitamina Zanahoria hidrata* la piel y le aporta un bonito bronceado natural gracias a su f\u00f3rmula enriquecida con extracto de Zanahoria. Verdadera fuente de vitaminas, las zanahorias son ricas en betacaroteno y antioxidantes. Ayuda as\u00ed a frenar el envejecimiento de la epidermis. Utilizado como extracto, este ingrediente natural proporciona un brillo saludable con cada aplicaci\u00f3n, \u00a1incluso en invierno! Este tratamiento gourmet unifica el tono de la piel y ayuda a limitar la aparici\u00f3n de manchas de pigmentaci\u00f3n potenciando la regeneraci\u00f3n celular. El extracto de zanahoria es el aliado ideal para lucir una piel radiante y luminosa. La f\u00f3rmula vitam\u00ednica de este tratamiento cremoso revitaliza la piel seca y falta de luminosidad. D\u00eda tras d\u00eda, se subliman y vuelven a ser sedosos. Con cada uso, esta leche perfuma delicadamente tu cuerpo para ofrecerte un verdadero momento de relajaci\u00f3n. Este producto se te ofrece en un generoso formato de 500 ml para cuidar tu piel d\u00eda tras d\u00eda.<\/p>\n<p>&nbsp;<\/p>","protected":false},"excerpt":{"rendered":"<p>La Leche Corporal Nutritiva Vitamina Zanahoria hidrata* la piel y le aporta un bonito bronceado natural gracias a su f\u00f3rmula enriquecida con extracto de Zanahoria. Verdadera fuente de vitaminas, las zanahorias son ricas en betacaroteno y antioxidantes. Ayuda as\u00ed a frenar el envejecimiento de la epidermis. Utilizado como extracto, este ingrediente natural proporciona un brillo [&hellip;]<\/p>","protected":false},"featured_media":6052,"comment_status":"open","ping_status":"closed","template":"","meta":{"site-sidebar-layout":"default","site-content-layout":"default","ast-site-content-layout":"default","site-content-style":"default","site-sidebar-style":"default","ast-global-header-display":"","ast-banner-title-visibility":"","ast-main-header-display":"","ast-hfb-above-header-display":"","ast-hfb-below-header-display":"","ast-hfb-mobile-header-display":"","site-post-title":"","ast-breadcrumbs-content":"","ast-featured-img":"","footer-sml-layout":"","ast-disable-related-posts":"","theme-transparent-header-meta":"default","adv-header-id-meta":"","stick-header-meta":"","header-above-stick-meta":"","header-main-stick-meta":"","header-below-stick-meta":"","astra-migrate-meta-layouts":"default","ast-page-background-enabled":"default","ast-page-background-meta":{"desktop":{"background-color":"","background-image":"","background-repeat":"repeat","background-position":"center center","background-size":"auto","background-attachment":"scroll","background-type":"","background-media":"","overlay-type":"","overlay-color":"","overlay-opacity":"","overlay-gradient":""},"tablet":{"background-color":"","background-image":"","background-repeat":"repeat","background-position":"center center","background-size":"auto","background-attachment":"scroll","background-type":"","background-media":"","overlay-type":"","overlay-color":"","overlay-opacity":"","overlay-gradient":""},"mobile":{"background-color":"","background-image":"","background-repeat":"repeat","background-position":"center center","background-size":"auto","background-attachment":"scroll","background-type":"","background-media":"","overlay-type":"","overlay-color":"","overlay-opacity":"","overlay-gradient":""}},"ast-content-background-meta":{"desktop":{"background-color":"var(--ast-global-color-5)","background-image":"","background-repeat":"repeat","background-position":"center center","background-size":"auto","background-attachment":"scroll","background-type":"","background-media":"","overlay-type":"","overlay-color":"","overlay-opacity":"","overlay-gradient":""},"tablet":{"background-color":"var(--ast-global-color-5)","background-image":"","background-repeat":"repeat","background-position":"center center","background-size":"auto","background-attachment":"scroll","background-type":"","background-media":"","overlay-type":"","overlay-color":"","overlay-opacity":"","overlay-gradient":""},"mobile":{"background-color":"var(--ast-global-color-5)","background-image":"","background-repeat":"repeat","background-position":"center center","background-size":"auto","background-attachment":"scroll","background-type":"","background-media":"","overlay-type":"","overlay-color":"","overlay-opacity":"","overlay-gradient":""}}},"product_cat":[40,60],"product_tag":[65],"class_list":{"0":"post-6051","1":"product","2":"type-product","3":"status-publish","4":"has-post-thumbnail","6":"product_cat-cosmetica","7":"product_cat-corporal","8":"product_tag-evoluderm","9":"desktop-align-left","10":"tablet-align-left","11":"mobile-align-left","13":"first","14":"instock","15":"shipping-taxable","16":"purchasable","17":"product-type-simple"},"_links":{"self":[{"href":"https:\/\/unicasa.co\/fr\/wp-json\/wp\/v2\/product\/6051"}],"collection":[{"href":"https:\/\/unicasa.co\/fr\/wp-json\/wp\/v2\/product"}],"about":[{"href":"https:\/\/unicasa.co\/fr\/wp-json\/wp\/v2\/types\/product"}],"replies":[{"embeddable":true,"href":"https:\/\/unicasa.co\/fr\/wp-json\/wp\/v2\/comments?post=6051"}],"version-history":[{"count":1,"href":"https:\/\/unicasa.co\/fr\/wp-json\/wp\/v2\/product\/6051\/revisions"}],"predecessor-version":[{"id":6053,"href":"https:\/\/unicasa.co\/fr\/wp-json\/wp\/v2\/product\/6051\/revisions\/6053"}],"wp:featuredmedia":[{"embeddable":true,"href":"https:\/\/unicasa.co\/fr\/wp-json\/wp\/v2\/media\/6052"}],"wp:attachment":[{"href":"https:\/\/unicasa.co\/fr\/wp-json\/wp\/v2\/media?parent=6051"}],"wp:term":[{"taxonomy":"product_cat","embeddable":true,"href":"https:\/\/unicasa.co\/fr\/wp-json\/wp\/v2\/product_cat?post=6051"},{"taxonomy":"product_tag","embeddable":true,"href":"https:\/\/unicasa.co\/fr\/wp-json\/wp\/v2\/product_tag?post=6051"}],"curies":[{"name":"wp","href":"https:\/\/api.w.org\/{rel}","templated":true}]}}