{"id":6046,"date":"2023-09-13T08:59:53","date_gmt":"2023-09-13T07:59:53","guid":{"rendered":"https:\/\/unicasa.co\/?post_type=product&#038;p=6046"},"modified":"2025-01-14T08:05:07","modified_gmt":"2025-01-14T08:05:07","slug":"leche-clarificante-e-hidratante-tomatone","status":"publish","type":"product","link":"https:\/\/unicasa.co\/fr\/product\/leche-clarificante-e-hidratante-tomatone\/","title":{"rendered":"Leche clarificante e hidratante Tomatone"},"content":{"rendered":"<p class=\"translation-block\">La leche corporal\u00a0<strong>Tomatone<\/strong>\u00a0es una receta 100% natural a base de\u00a0<strong>extracto de tomate<\/strong>\u00a0, lo que la convierte en el producto hidratante ideal.\u00a0Previene la flacidez de la piel a la vez que proporciona un cutis luminoso, radiante e hidratado.\u00a0Esta leche corporal aumenta la producci\u00f3n de col\u00e1geno para permitir que la piel recupere su elasticidad juvenil.\u00a0El \u00e1cido k\u00f3jico contenido en esta leche act\u00faa bloqueando la producci\u00f3n de melanina, proporcionando una piel luminosa y m\u00e1s firme.\u00a0Act\u00faa como exfoliante sobre las c\u00e9lulas muertas de la piel, previniendo la aparici\u00f3n de puntos negros y espinillas.<\/p>\n<p class=\"translation-block\"><strong>Modo de uso:<\/strong>\u00a0Aplicar una cantidad generosa sobre la piel y masajear hasta que la piel absorba el producto.<\/p>","protected":false},"excerpt":{"rendered":"<p>La leche corporal\u00a0Tomatone\u00a0es una receta 100% natural a base de\u00a0extracto de tomate\u00a0, lo que la convierte en el producto hidratante ideal.\u00a0Previene la flacidez de la piel a la vez que proporciona un cutis luminoso, radiante e hidratado.\u00a0Esta leche corporal aumenta la producci\u00f3n de col\u00e1geno para permitir que la piel recupere su elasticidad juvenil.\u00a0El \u00e1cido k\u00f3jico [&hellip;]<\/p>","protected":false},"featured_media":6010,"comment_status":"open","ping_status":"closed","template":"","meta":{"site-sidebar-layout":"default","site-content-layout":"default","ast-site-content-layout":"default","site-content-style":"default","site-sidebar-style":"default","ast-global-header-display":"","ast-banner-title-visibility":"","ast-main-header-display":"","ast-hfb-above-header-display":"","ast-hfb-below-header-display":"","ast-hfb-mobile-header-display":"","site-post-title":"","ast-breadcrumbs-content":"","ast-featured-img":"","footer-sml-layout":"","ast-disable-related-posts":"","theme-transparent-header-meta":"default","adv-header-id-meta":"","stick-header-meta":"","header-above-stick-meta":"","header-main-stick-meta":"","header-below-stick-meta":"","astra-migrate-meta-layouts":"set","ast-page-background-enabled":"default","ast-page-background-meta":{"desktop":{"background-color":"","background-image":"","background-repeat":"repeat","background-position":"center center","background-size":"auto","background-attachment":"scroll","background-type":"","background-media":"","overlay-type":"","overlay-color":"","overlay-opacity":"","overlay-gradient":""},"tablet":{"background-color":"","background-image":"","background-repeat":"repeat","background-position":"center center","background-size":"auto","background-attachment":"scroll","background-type":"","background-media":"","overlay-type":"","overlay-color":"","overlay-opacity":"","overlay-gradient":""},"mobile":{"background-color":"","background-image":"","background-repeat":"repeat","background-position":"center center","background-size":"auto","background-attachment":"scroll","background-type":"","background-media":"","overlay-type":"","overlay-color":"","overlay-opacity":"","overlay-gradient":""}},"ast-content-background-meta":{"desktop":{"background-color":"var(--ast-global-color-5)","background-image":"","background-repeat":"repeat","background-position":"center center","background-size":"auto","background-attachment":"scroll","background-type":"","background-media":"","overlay-type":"","overlay-color":"","overlay-opacity":"","overlay-gradient":""},"tablet":{"background-color":"var(--ast-global-color-5)","background-image":"","background-repeat":"repeat","background-position":"center center","background-size":"auto","background-attachment":"scroll","background-type":"","background-media":"","overlay-type":"","overlay-color":"","overlay-opacity":"","overlay-gradient":""},"mobile":{"background-color":"var(--ast-global-color-5)","background-image":"","background-repeat":"repeat","background-position":"center center","background-size":"auto","background-attachment":"scroll","background-type":"","background-media":"","overlay-type":"","overlay-color":"","overlay-opacity":"","overlay-gradient":""}}},"product_cat":[40,60],"product_tag":[],"class_list":{"0":"post-6046","1":"product","2":"type-product","3":"status-publish","4":"has-post-thumbnail","6":"product_cat-cosmetica","7":"product_cat-corporal","8":"desktop-align-left","9":"tablet-align-left","10":"mobile-align-left","12":"first","13":"instock","14":"shipping-taxable","15":"purchasable","16":"product-type-simple"},"_links":{"self":[{"href":"https:\/\/unicasa.co\/fr\/wp-json\/wp\/v2\/product\/6046"}],"collection":[{"href":"https:\/\/unicasa.co\/fr\/wp-json\/wp\/v2\/product"}],"about":[{"href":"https:\/\/unicasa.co\/fr\/wp-json\/wp\/v2\/types\/product"}],"replies":[{"embeddable":true,"href":"https:\/\/unicasa.co\/fr\/wp-json\/wp\/v2\/comments?post=6046"}],"version-history":[{"count":3,"href":"https:\/\/unicasa.co\/fr\/wp-json\/wp\/v2\/product\/6046\/revisions"}],"predecessor-version":[{"id":7410,"href":"https:\/\/unicasa.co\/fr\/wp-json\/wp\/v2\/product\/6046\/revisions\/7410"}],"wp:featuredmedia":[{"embeddable":true,"href":"https:\/\/unicasa.co\/fr\/wp-json\/wp\/v2\/media\/6010"}],"wp:attachment":[{"href":"https:\/\/unicasa.co\/fr\/wp-json\/wp\/v2\/media?parent=6046"}],"wp:term":[{"taxonomy":"product_cat","embeddable":true,"href":"https:\/\/unicasa.co\/fr\/wp-json\/wp\/v2\/product_cat?post=6046"},{"taxonomy":"product_tag","embeddable":true,"href":"https:\/\/unicasa.co\/fr\/wp-json\/wp\/v2\/product_tag?post=6046"}],"curies":[{"name":"wp","href":"https:\/\/api.w.org\/{rel}","templated":true}]}}