{"id":6038,"date":"2023-09-13T08:48:09","date_gmt":"2023-09-13T07:48:09","guid":{"rendered":"https:\/\/unicasa.co\/?post_type=product&#038;p=6038"},"modified":"2023-11-21T07:20:36","modified_gmt":"2023-11-21T07:20:36","slug":"leche-corporal-aclarante-con-bicarbonato-y-limon-bicarbolight","status":"publish","type":"product","link":"https:\/\/unicasa.co\/fr\/product\/leche-corporal-aclarante-con-bicarbonato-y-limon-bicarbolight\/","title":{"rendered":"Leche corporal aclarante con Bicarbonato y lim\u00f3n BICARBOLIGHT"},"content":{"rendered":"<div class=\"text-justify mb-4\">Con su f\u00f3rmula exclusiva y \u00fanica, la loci\u00f3n aclarante BICARBOLIGHT combina la acci\u00f3n blanqueadora del bicarbonato de sodio y el efecto purificante del lim\u00f3n.\u00a0\u00a1Tu tez est\u00e1 m\u00e1s luminosa, tu belleza est\u00e1 radiante!<br \/>\nEl uso del producto no debe exceder los 15 d\u00edas.\u00a0Deja reposar la piel 2 semanas entre cada rutina.<\/div>\n<h6 class=\"titre\">Beneficios del producto<\/h6>\n<div class=\"text-justify mb-4\">Aclara la piel armoniosamente<br \/>\nHidrata, suaviza y alisa la epidermis.<\/div>\n<h6 class=\"titre\">C\u00f3mo utilizar<\/h6>\n<div class=\"text-justify mb-4\">Aplicar la loci\u00f3n aclaradora BICARBOLIGHT por la ma\u00f1ana y por la noche sobre el cuerpo completamente limpio con el gel de ducha BICARBOLIGHT.\u00a0Masajee ligeramente la piel.<\/div>","protected":false},"excerpt":{"rendered":"<div id=\"libelle\">\n<div class=\"mb-2\">Botella de 150ml<\/div>\n<\/div>\n<div id=\"mini-shop\" class=\"row mb-3\">\n<div class=\"col-lg-9 col-7\">\n<div class=\"text-muted small mb-2\">36 piezas en la caja<\/div>\n<\/div>\n<\/div>","protected":false},"featured_media":6027,"comment_status":"open","ping_status":"closed","template":"","meta":{"site-sidebar-layout":"default","site-content-layout":"default","ast-site-content-layout":"default","site-content-style":"default","site-sidebar-style":"default","ast-global-header-display":"","ast-banner-title-visibility":"","ast-main-header-display":"","ast-hfb-above-header-display":"","ast-hfb-below-header-display":"","ast-hfb-mobile-header-display":"","site-post-title":"","ast-breadcrumbs-content":"","ast-featured-img":"","footer-sml-layout":"","ast-disable-related-posts":"","theme-transparent-header-meta":"default","adv-header-id-meta":"","stick-header-meta":"","header-above-stick-meta":"","header-main-stick-meta":"","header-below-stick-meta":"","astra-migrate-meta-layouts":"default","ast-page-background-enabled":"default","ast-page-background-meta":{"desktop":{"background-color":"","background-image":"","background-repeat":"repeat","background-position":"center center","background-size":"auto","background-attachment":"scroll","background-type":"","background-media":"","overlay-type":"","overlay-color":"","overlay-opacity":"","overlay-gradient":""},"tablet":{"background-color":"","background-image":"","background-repeat":"repeat","background-position":"center center","background-size":"auto","background-attachment":"scroll","background-type":"","background-media":"","overlay-type":"","overlay-color":"","overlay-opacity":"","overlay-gradient":""},"mobile":{"background-color":"","background-image":"","background-repeat":"repeat","background-position":"center center","background-size":"auto","background-attachment":"scroll","background-type":"","background-media":"","overlay-type":"","overlay-color":"","overlay-opacity":"","overlay-gradient":""}},"ast-content-background-meta":{"desktop":{"background-color":"var(--ast-global-color-5)","background-image":"","background-repeat":"repeat","background-position":"center center","background-size":"auto","background-attachment":"scroll","background-type":"","background-media":"","overlay-type":"","overlay-color":"","overlay-opacity":"","overlay-gradient":""},"tablet":{"background-color":"var(--ast-global-color-5)","background-image":"","background-repeat":"repeat","background-position":"center center","background-size":"auto","background-attachment":"scroll","background-type":"","background-media":"","overlay-type":"","overlay-color":"","overlay-opacity":"","overlay-gradient":""},"mobile":{"background-color":"var(--ast-global-color-5)","background-image":"","background-repeat":"repeat","background-position":"center center","background-size":"auto","background-attachment":"scroll","background-type":"","background-media":"","overlay-type":"","overlay-color":"","overlay-opacity":"","overlay-gradient":""}}},"product_cat":[40,60],"product_tag":[],"class_list":{"0":"post-6038","1":"product","2":"type-product","3":"status-publish","4":"has-post-thumbnail","6":"product_cat-cosmetica","7":"product_cat-corporal","8":"desktop-align-left","9":"tablet-align-left","10":"mobile-align-left","12":"first","13":"instock","14":"shipping-taxable","15":"purchasable","16":"product-type-simple"},"_links":{"self":[{"href":"https:\/\/unicasa.co\/fr\/wp-json\/wp\/v2\/product\/6038"}],"collection":[{"href":"https:\/\/unicasa.co\/fr\/wp-json\/wp\/v2\/product"}],"about":[{"href":"https:\/\/unicasa.co\/fr\/wp-json\/wp\/v2\/types\/product"}],"replies":[{"embeddable":true,"href":"https:\/\/unicasa.co\/fr\/wp-json\/wp\/v2\/comments?post=6038"}],"version-history":[{"count":3,"href":"https:\/\/unicasa.co\/fr\/wp-json\/wp\/v2\/product\/6038\/revisions"}],"predecessor-version":[{"id":6437,"href":"https:\/\/unicasa.co\/fr\/wp-json\/wp\/v2\/product\/6038\/revisions\/6437"}],"wp:featuredmedia":[{"embeddable":true,"href":"https:\/\/unicasa.co\/fr\/wp-json\/wp\/v2\/media\/6027"}],"wp:attachment":[{"href":"https:\/\/unicasa.co\/fr\/wp-json\/wp\/v2\/media?parent=6038"}],"wp:term":[{"taxonomy":"product_cat","embeddable":true,"href":"https:\/\/unicasa.co\/fr\/wp-json\/wp\/v2\/product_cat?post=6038"},{"taxonomy":"product_tag","embeddable":true,"href":"https:\/\/unicasa.co\/fr\/wp-json\/wp\/v2\/product_tag?post=6038"}],"curies":[{"name":"wp","href":"https:\/\/api.w.org\/{rel}","templated":true}]}}