{"id":5835,"date":"2023-09-01T09:55:05","date_gmt":"2023-09-01T08:55:05","guid":{"rendered":"https:\/\/unicasa.co\/?post_type=product&#038;p=5835"},"modified":"2023-09-05T10:14:23","modified_gmt":"2023-09-05T09:14:23","slug":"5835","status":"publish","type":"product","link":"https:\/\/unicasa.co\/fr\/product\/5835\/","title":{"rendered":"Loci\u00f3n Corporal Hidratante IDEAL SKIN Azul"},"content":{"rendered":"<div class=\"text-justify mb-4\">La leche corporal IDEAL SKIN hidrata y protege las pieles sensibles.\u00a0Gracias a su f\u00f3rmula enriquecida con vitaminas ayuda a luchar contra el envejecimiento de las c\u00e9lulas epid\u00e9rmicas.\u00a0Tu piel recupera juventud y luminosidad.<\/div>\n<h6 class=\"titre\">Beneficios del producto<\/h6>\n<div class=\"text-justify mb-4\">Hidrata y protege la piel<br \/>\nLucha contra el envejecimiento cut\u00e1neo de la epidermis<br \/>\nSuaviza la piel y la vuelve flexible<\/div>\n<h6 class=\"titre\">C\u00f3mo utilizar<\/h6>\n<div class=\"text-justify mb-4\">Aplicar la Loci\u00f3n IDEAL SKIN directamente despu\u00e9s de la ducha d\u00eda y noche sobre la piel, extender y masajear uniformemente.<\/div>","protected":false},"excerpt":{"rendered":"<div id=\"libelle\">\n<div class=\"mb-2\">Botella de 400ml<\/div>\n<\/div>\n<div id=\"mini-shop\" class=\"row mb-3\">\n<div class=\"col-lg-9 col-7\">\n<div class=\"text-muted small mb-2\">48 piezas en la caja<\/div>\n<\/div>\n<\/div>","protected":false},"featured_media":5831,"comment_status":"open","ping_status":"closed","template":"","meta":{"site-sidebar-layout":"default","site-content-layout":"default","ast-site-content-layout":"default","site-content-style":"default","site-sidebar-style":"default","ast-global-header-display":"","ast-banner-title-visibility":"","ast-main-header-display":"","ast-hfb-above-header-display":"","ast-hfb-below-header-display":"","ast-hfb-mobile-header-display":"","site-post-title":"","ast-breadcrumbs-content":"","ast-featured-img":"","footer-sml-layout":"","ast-disable-related-posts":"","theme-transparent-header-meta":"default","adv-header-id-meta":"","stick-header-meta":"","header-above-stick-meta":"","header-main-stick-meta":"","header-below-stick-meta":"","astra-migrate-meta-layouts":"default","ast-page-background-enabled":"default","ast-page-background-meta":{"desktop":{"background-color":"","background-image":"","background-repeat":"repeat","background-position":"center center","background-size":"auto","background-attachment":"scroll","background-type":"","background-media":"","overlay-type":"","overlay-color":"","overlay-opacity":"","overlay-gradient":""},"tablet":{"background-color":"","background-image":"","background-repeat":"repeat","background-position":"center center","background-size":"auto","background-attachment":"scroll","background-type":"","background-media":"","overlay-type":"","overlay-color":"","overlay-opacity":"","overlay-gradient":""},"mobile":{"background-color":"","background-image":"","background-repeat":"repeat","background-position":"center center","background-size":"auto","background-attachment":"scroll","background-type":"","background-media":"","overlay-type":"","overlay-color":"","overlay-opacity":"","overlay-gradient":""}},"ast-content-background-meta":{"desktop":{"background-color":"var(--ast-global-color-5)","background-image":"","background-repeat":"repeat","background-position":"center center","background-size":"auto","background-attachment":"scroll","background-type":"","background-media":"","overlay-type":"","overlay-color":"","overlay-opacity":"","overlay-gradient":""},"tablet":{"background-color":"var(--ast-global-color-5)","background-image":"","background-repeat":"repeat","background-position":"center center","background-size":"auto","background-attachment":"scroll","background-type":"","background-media":"","overlay-type":"","overlay-color":"","overlay-opacity":"","overlay-gradient":""},"mobile":{"background-color":"var(--ast-global-color-5)","background-image":"","background-repeat":"repeat","background-position":"center center","background-size":"auto","background-attachment":"scroll","background-type":"","background-media":"","overlay-type":"","overlay-color":"","overlay-opacity":"","overlay-gradient":""}}},"product_cat":[40,60],"product_tag":[],"class_list":{"0":"post-5835","1":"product","2":"type-product","3":"status-publish","4":"has-post-thumbnail","6":"product_cat-cosmetica","7":"product_cat-corporal","8":"desktop-align-left","9":"tablet-align-left","10":"mobile-align-left","12":"first","13":"instock","14":"shipping-taxable","15":"purchasable","16":"product-type-simple"},"_links":{"self":[{"href":"https:\/\/unicasa.co\/fr\/wp-json\/wp\/v2\/product\/5835"}],"collection":[{"href":"https:\/\/unicasa.co\/fr\/wp-json\/wp\/v2\/product"}],"about":[{"href":"https:\/\/unicasa.co\/fr\/wp-json\/wp\/v2\/types\/product"}],"replies":[{"embeddable":true,"href":"https:\/\/unicasa.co\/fr\/wp-json\/wp\/v2\/comments?post=5835"}],"version-history":[{"count":3,"href":"https:\/\/unicasa.co\/fr\/wp-json\/wp\/v2\/product\/5835\/revisions"}],"predecessor-version":[{"id":5936,"href":"https:\/\/unicasa.co\/fr\/wp-json\/wp\/v2\/product\/5835\/revisions\/5936"}],"wp:featuredmedia":[{"embeddable":true,"href":"https:\/\/unicasa.co\/fr\/wp-json\/wp\/v2\/media\/5831"}],"wp:attachment":[{"href":"https:\/\/unicasa.co\/fr\/wp-json\/wp\/v2\/media?parent=5835"}],"wp:term":[{"taxonomy":"product_cat","embeddable":true,"href":"https:\/\/unicasa.co\/fr\/wp-json\/wp\/v2\/product_cat?post=5835"},{"taxonomy":"product_tag","embeddable":true,"href":"https:\/\/unicasa.co\/fr\/wp-json\/wp\/v2\/product_tag?post=5835"}],"curies":[{"name":"wp","href":"https:\/\/api.w.org\/{rel}","templated":true}]}}