{"id":5592,"date":"2023-08-26T10:37:41","date_gmt":"2023-08-26T09:37:41","guid":{"rendered":"https:\/\/unicasa.co\/?post_type=product&#038;p=5592"},"modified":"2023-08-28T08:09:41","modified_gmt":"2023-08-28T07:09:41","slug":"pomada-protectora-ideal-men","status":"publish","type":"product","link":"https:\/\/unicasa.co\/fr\/product\/pomada-protectora-ideal-men\/","title":{"rendered":"Pomada protectora IDEAL MEN"},"content":{"rendered":"<div class=\"text-justify mb-4\">La pomada IDEAL MEN hidrata, nutre y protege la piel.\u00a0La piel queda intensamente nutrida, recuperando su flexibilidad y suavidad.<\/div>\n<h6 class=\"titre\">Beneficios del producto<\/h6>\n<div class=\"text-justify mb-4\">Nutre, hidrata la epidermis<br \/>\nProtege la piel de las agresiones externas<\/div>\n<h6 class=\"titre\">C\u00f3mo utilizar<\/h6>\n<div class=\"text-justify mb-4\">Aplicar la pomada directamente despu\u00e9s de la ducha ma\u00f1ana y noche sobre la piel, extenderla y masajear uniformemente.<\/div>","protected":false},"excerpt":{"rendered":"<p>La pomada IDEAL MEN hidrata, nutre y protege la piel.\u00a0La piel queda intensamente nutrida, recuperando su flexibilidad y suavidad. Beneficios del producto Nutre, hidrata la epidermis Protege la piel de las agresiones externas C\u00f3mo utilizar Aplicar la pomada directamente despu\u00e9s de la ducha ma\u00f1ana y noche sobre la piel, extenderla y masajear uniformemente.<\/p>","protected":false},"featured_media":5597,"comment_status":"open","ping_status":"closed","template":"","meta":{"site-sidebar-layout":"default","site-content-layout":"default","ast-site-content-layout":"default","site-content-style":"default","site-sidebar-style":"default","ast-global-header-display":"","ast-banner-title-visibility":"","ast-main-header-display":"","ast-hfb-above-header-display":"","ast-hfb-below-header-display":"","ast-hfb-mobile-header-display":"","site-post-title":"","ast-breadcrumbs-content":"","ast-featured-img":"","footer-sml-layout":"","ast-disable-related-posts":"","theme-transparent-header-meta":"default","adv-header-id-meta":"","stick-header-meta":"","header-above-stick-meta":"","header-main-stick-meta":"","header-below-stick-meta":"","astra-migrate-meta-layouts":"default","ast-page-background-enabled":"default","ast-page-background-meta":{"desktop":{"background-color":"","background-image":"","background-repeat":"repeat","background-position":"center center","background-size":"auto","background-attachment":"scroll","background-type":"","background-media":"","overlay-type":"","overlay-color":"","overlay-opacity":"","overlay-gradient":""},"tablet":{"background-color":"","background-image":"","background-repeat":"repeat","background-position":"center center","background-size":"auto","background-attachment":"scroll","background-type":"","background-media":"","overlay-type":"","overlay-color":"","overlay-opacity":"","overlay-gradient":""},"mobile":{"background-color":"","background-image":"","background-repeat":"repeat","background-position":"center center","background-size":"auto","background-attachment":"scroll","background-type":"","background-media":"","overlay-type":"","overlay-color":"","overlay-opacity":"","overlay-gradient":""}},"ast-content-background-meta":{"desktop":{"background-color":"var(--ast-global-color-5)","background-image":"","background-repeat":"repeat","background-position":"center center","background-size":"auto","background-attachment":"scroll","background-type":"","background-media":"","overlay-type":"","overlay-color":"","overlay-opacity":"","overlay-gradient":""},"tablet":{"background-color":"var(--ast-global-color-5)","background-image":"","background-repeat":"repeat","background-position":"center center","background-size":"auto","background-attachment":"scroll","background-type":"","background-media":"","overlay-type":"","overlay-color":"","overlay-opacity":"","overlay-gradient":""},"mobile":{"background-color":"var(--ast-global-color-5)","background-image":"","background-repeat":"repeat","background-position":"center center","background-size":"auto","background-attachment":"scroll","background-type":"","background-media":"","overlay-type":"","overlay-color":"","overlay-opacity":"","overlay-gradient":""}}},"product_cat":[59],"product_tag":[78],"class_list":{"0":"post-5592","1":"product","2":"type-product","3":"status-publish","4":"has-post-thumbnail","6":"product_cat-personal","7":"product_tag-idealmen","8":"desktop-align-left","9":"tablet-align-left","10":"mobile-align-left","12":"first","13":"instock","14":"shipping-taxable","15":"purchasable","16":"product-type-simple"},"_links":{"self":[{"href":"https:\/\/unicasa.co\/fr\/wp-json\/wp\/v2\/product\/5592"}],"collection":[{"href":"https:\/\/unicasa.co\/fr\/wp-json\/wp\/v2\/product"}],"about":[{"href":"https:\/\/unicasa.co\/fr\/wp-json\/wp\/v2\/types\/product"}],"replies":[{"embeddable":true,"href":"https:\/\/unicasa.co\/fr\/wp-json\/wp\/v2\/comments?post=5592"}],"version-history":[{"count":3,"href":"https:\/\/unicasa.co\/fr\/wp-json\/wp\/v2\/product\/5592\/revisions"}],"predecessor-version":[{"id":5596,"href":"https:\/\/unicasa.co\/fr\/wp-json\/wp\/v2\/product\/5592\/revisions\/5596"}],"wp:featuredmedia":[{"embeddable":true,"href":"https:\/\/unicasa.co\/fr\/wp-json\/wp\/v2\/media\/5597"}],"wp:attachment":[{"href":"https:\/\/unicasa.co\/fr\/wp-json\/wp\/v2\/media?parent=5592"}],"wp:term":[{"taxonomy":"product_cat","embeddable":true,"href":"https:\/\/unicasa.co\/fr\/wp-json\/wp\/v2\/product_cat?post=5592"},{"taxonomy":"product_tag","embeddable":true,"href":"https:\/\/unicasa.co\/fr\/wp-json\/wp\/v2\/product_tag?post=5592"}],"curies":[{"name":"wp","href":"https:\/\/api.w.org\/{rel}","templated":true}]}}