{"id":5573,"date":"2023-08-25T08:44:05","date_gmt":"2023-08-25T07:44:05","guid":{"rendered":"https:\/\/unicasa.co\/?post_type=product&#038;p=5573"},"modified":"2023-09-05T10:30:48","modified_gmt":"2023-09-05T09:30:48","slug":"jabon-purificante-sivoderm-expert","status":"publish","type":"product","link":"https:\/\/unicasa.co\/fr\/product\/jabon-purificante-sivoderm-expert\/","title":{"rendered":"Jab\u00f3n purificante SIVODERM EXPERT"},"content":{"rendered":"<div class=\"text-justify mb-4\">Enriquecido con salic\u00edlico, el jab\u00f3n purificante SIVODERM EXPERT destapa los poros de impurezas y exceso de sebo que contribuyen a la aparici\u00f3n de puntos negros y espinillas.<\/div>\n<h6 class=\"titre\">Beneficios del producto<\/h6>\n<div class=\"text-justify mb-4\">Limpia, purifica y exfolia la piel.<br \/>\nDesobstruye los poros de impurezas<br \/>\nLucha contra la distribuci\u00f3n de los granos.<\/div>\n<h6 class=\"titre\">C\u00f3mo utilizar<\/h6>\n<div class=\"text-justify mb-4\">Usar ma\u00f1ana y noche.\u00a0Humedece tu piel con agua tibia y enjabona el producto en tu rostro.\u00a0Enjuague bien con agua limpia y fr\u00eda.<br \/>\nPRECAUCIONES: Mantener fuera del alcance de los ni\u00f1os.\u00a0No lo tragues.\u00a0Evite el \u00e1rea de los ojos.<\/div>","protected":false},"excerpt":{"rendered":"<p>Jab\u00f3n de 100g<\/p>","protected":false},"featured_media":5574,"comment_status":"open","ping_status":"closed","template":"","meta":{"site-sidebar-layout":"default","site-content-layout":"default","ast-site-content-layout":"default","site-content-style":"default","site-sidebar-style":"default","ast-global-header-display":"","ast-banner-title-visibility":"","ast-main-header-display":"","ast-hfb-above-header-display":"","ast-hfb-below-header-display":"","ast-hfb-mobile-header-display":"","site-post-title":"","ast-breadcrumbs-content":"","ast-featured-img":"","footer-sml-layout":"","ast-disable-related-posts":"","theme-transparent-header-meta":"default","adv-header-id-meta":"","stick-header-meta":"","header-above-stick-meta":"","header-main-stick-meta":"","header-below-stick-meta":"","astra-migrate-meta-layouts":"default","ast-page-background-enabled":"default","ast-page-background-meta":{"desktop":{"background-color":"","background-image":"","background-repeat":"repeat","background-position":"center center","background-size":"auto","background-attachment":"scroll","background-type":"","background-media":"","overlay-type":"","overlay-color":"","overlay-opacity":"","overlay-gradient":""},"tablet":{"background-color":"","background-image":"","background-repeat":"repeat","background-position":"center center","background-size":"auto","background-attachment":"scroll","background-type":"","background-media":"","overlay-type":"","overlay-color":"","overlay-opacity":"","overlay-gradient":""},"mobile":{"background-color":"","background-image":"","background-repeat":"repeat","background-position":"center center","background-size":"auto","background-attachment":"scroll","background-type":"","background-media":"","overlay-type":"","overlay-color":"","overlay-opacity":"","overlay-gradient":""}},"ast-content-background-meta":{"desktop":{"background-color":"var(--ast-global-color-5)","background-image":"","background-repeat":"repeat","background-position":"center center","background-size":"auto","background-attachment":"scroll","background-type":"","background-media":"","overlay-type":"","overlay-color":"","overlay-opacity":"","overlay-gradient":""},"tablet":{"background-color":"var(--ast-global-color-5)","background-image":"","background-repeat":"repeat","background-position":"center center","background-size":"auto","background-attachment":"scroll","background-type":"","background-media":"","overlay-type":"","overlay-color":"","overlay-opacity":"","overlay-gradient":""},"mobile":{"background-color":"var(--ast-global-color-5)","background-image":"","background-repeat":"repeat","background-position":"center center","background-size":"auto","background-attachment":"scroll","background-type":"","background-media":"","overlay-type":"","overlay-color":"","overlay-opacity":"","overlay-gradient":""}}},"product_cat":[40,58],"product_tag":[82],"class_list":{"0":"post-5573","1":"product","2":"type-product","3":"status-publish","4":"has-post-thumbnail","6":"product_cat-cosmetica","7":"product_cat-facial","8":"product_tag-sivodermexpert","9":"desktop-align-left","10":"tablet-align-left","11":"mobile-align-left","13":"first","14":"instock","15":"shipping-taxable","16":"purchasable","17":"product-type-simple"},"_links":{"self":[{"href":"https:\/\/unicasa.co\/fr\/wp-json\/wp\/v2\/product\/5573"}],"collection":[{"href":"https:\/\/unicasa.co\/fr\/wp-json\/wp\/v2\/product"}],"about":[{"href":"https:\/\/unicasa.co\/fr\/wp-json\/wp\/v2\/types\/product"}],"replies":[{"embeddable":true,"href":"https:\/\/unicasa.co\/fr\/wp-json\/wp\/v2\/comments?post=5573"}],"version-history":[{"count":2,"href":"https:\/\/unicasa.co\/fr\/wp-json\/wp\/v2\/product\/5573\/revisions"}],"predecessor-version":[{"id":5600,"href":"https:\/\/unicasa.co\/fr\/wp-json\/wp\/v2\/product\/5573\/revisions\/5600"}],"wp:featuredmedia":[{"embeddable":true,"href":"https:\/\/unicasa.co\/fr\/wp-json\/wp\/v2\/media\/5574"}],"wp:attachment":[{"href":"https:\/\/unicasa.co\/fr\/wp-json\/wp\/v2\/media?parent=5573"}],"wp:term":[{"taxonomy":"product_cat","embeddable":true,"href":"https:\/\/unicasa.co\/fr\/wp-json\/wp\/v2\/product_cat?post=5573"},{"taxonomy":"product_tag","embeddable":true,"href":"https:\/\/unicasa.co\/fr\/wp-json\/wp\/v2\/product_tag?post=5573"}],"curies":[{"name":"wp","href":"https:\/\/api.w.org\/{rel}","templated":true}]}}