{"id":5543,"date":"2023-08-23T10:45:32","date_gmt":"2023-08-23T09:45:32","guid":{"rendered":"https:\/\/unicasa.co\/?post_type=product&#038;p=5543"},"modified":"2023-09-05T11:25:23","modified_gmt":"2023-09-05T10:25:23","slug":"sivoderm-locion-antiseptica-para-pieles-normales","status":"publish","type":"product","link":"https:\/\/unicasa.co\/fr\/product\/sivoderm-locion-antiseptica-para-pieles-normales\/","title":{"rendered":"SIVODERM Loci\u00f3n antis\u00e9ptica para pieles normales"},"content":{"rendered":"<div class=\"text-justify mb-4\">Excelente antis\u00e9ptico, la loci\u00f3n SIVODERM limpia profundamente la piel y elimina todas las impurezas: espinillas, acn\u00e9, manchas.\u00a0Aplicar sobre la piel limpia y seca con un algod\u00f3n para desmaquillar.<br \/>\nSi es necesario y dependiendo de la sensibilidad de tu piel, diluye el producto una o m\u00e1s veces en agua.<\/div>\n<h6 class=\"titre\">Beneficios del producto<\/h6>\n<div class=\"text-justify mb-4\">Refresca y revitaliza la piel.<br \/>\nLimpia la piel en profundidad.<br \/>\nElimina impurezas.<br \/>\nLucha contra espinillas, acn\u00e9, manchas.<\/div>\n<h6 class=\"titre\">C\u00f3mo utilizar<\/h6>\n<div class=\"text-justify mb-4\">Diluir el producto una o dos veces en agua limpia (si es necesario y dependiendo de la sensibilidad de la piel).\u00a0Limpiar la zona a tratar con SIVODERM\u00ae Antimicrobian Care Soap y agua limpia.\u00a0Remoje un producto de algod\u00f3n y apl\u00edquelo suavemente sobre la piel dos veces al d\u00eda.<\/div>","protected":false},"excerpt":{"rendered":"<p>Botella de 220ml<\/p>","protected":false},"featured_media":5544,"comment_status":"open","ping_status":"closed","template":"","meta":{"site-sidebar-layout":"default","site-content-layout":"default","ast-site-content-layout":"default","site-content-style":"default","site-sidebar-style":"default","ast-global-header-display":"","ast-banner-title-visibility":"","ast-main-header-display":"","ast-hfb-above-header-display":"","ast-hfb-below-header-display":"","ast-hfb-mobile-header-display":"","site-post-title":"","ast-breadcrumbs-content":"","ast-featured-img":"","footer-sml-layout":"","ast-disable-related-posts":"","theme-transparent-header-meta":"default","adv-header-id-meta":"","stick-header-meta":"","header-above-stick-meta":"","header-main-stick-meta":"","header-below-stick-meta":"","astra-migrate-meta-layouts":"default","ast-page-background-enabled":"default","ast-page-background-meta":{"desktop":{"background-color":"","background-image":"","background-repeat":"repeat","background-position":"center center","background-size":"auto","background-attachment":"scroll","background-type":"","background-media":"","overlay-type":"","overlay-color":"","overlay-opacity":"","overlay-gradient":""},"tablet":{"background-color":"","background-image":"","background-repeat":"repeat","background-position":"center center","background-size":"auto","background-attachment":"scroll","background-type":"","background-media":"","overlay-type":"","overlay-color":"","overlay-opacity":"","overlay-gradient":""},"mobile":{"background-color":"","background-image":"","background-repeat":"repeat","background-position":"center center","background-size":"auto","background-attachment":"scroll","background-type":"","background-media":"","overlay-type":"","overlay-color":"","overlay-opacity":"","overlay-gradient":""}},"ast-content-background-meta":{"desktop":{"background-color":"var(--ast-global-color-5)","background-image":"","background-repeat":"repeat","background-position":"center center","background-size":"auto","background-attachment":"scroll","background-type":"","background-media":"","overlay-type":"","overlay-color":"","overlay-opacity":"","overlay-gradient":""},"tablet":{"background-color":"var(--ast-global-color-5)","background-image":"","background-repeat":"repeat","background-position":"center center","background-size":"auto","background-attachment":"scroll","background-type":"","background-media":"","overlay-type":"","overlay-color":"","overlay-opacity":"","overlay-gradient":""},"mobile":{"background-color":"var(--ast-global-color-5)","background-image":"","background-repeat":"repeat","background-position":"center center","background-size":"auto","background-attachment":"scroll","background-type":"","background-media":"","overlay-type":"","overlay-color":"","overlay-opacity":"","overlay-gradient":""}}},"product_cat":[40,58],"product_tag":[81],"class_list":{"0":"post-5543","1":"product","2":"type-product","3":"status-publish","4":"has-post-thumbnail","6":"product_cat-cosmetica","7":"product_cat-facial","8":"product_tag-sivoderm","9":"desktop-align-left","10":"tablet-align-left","11":"mobile-align-left","13":"first","14":"instock","15":"shipping-taxable","16":"purchasable","17":"product-type-simple"},"_links":{"self":[{"href":"https:\/\/unicasa.co\/fr\/wp-json\/wp\/v2\/product\/5543"}],"collection":[{"href":"https:\/\/unicasa.co\/fr\/wp-json\/wp\/v2\/product"}],"about":[{"href":"https:\/\/unicasa.co\/fr\/wp-json\/wp\/v2\/types\/product"}],"replies":[{"embeddable":true,"href":"https:\/\/unicasa.co\/fr\/wp-json\/wp\/v2\/comments?post=5543"}],"version-history":[{"count":2,"href":"https:\/\/unicasa.co\/fr\/wp-json\/wp\/v2\/product\/5543\/revisions"}],"predecessor-version":[{"id":5605,"href":"https:\/\/unicasa.co\/fr\/wp-json\/wp\/v2\/product\/5543\/revisions\/5605"}],"wp:featuredmedia":[{"embeddable":true,"href":"https:\/\/unicasa.co\/fr\/wp-json\/wp\/v2\/media\/5544"}],"wp:attachment":[{"href":"https:\/\/unicasa.co\/fr\/wp-json\/wp\/v2\/media?parent=5543"}],"wp:term":[{"taxonomy":"product_cat","embeddable":true,"href":"https:\/\/unicasa.co\/fr\/wp-json\/wp\/v2\/product_cat?post=5543"},{"taxonomy":"product_tag","embeddable":true,"href":"https:\/\/unicasa.co\/fr\/wp-json\/wp\/v2\/product_tag?post=5543"}],"curies":[{"name":"wp","href":"https:\/\/api.w.org\/{rel}","templated":true}]}}