{"id":5528,"date":"2023-08-23T09:52:17","date_gmt":"2023-08-23T08:52:17","guid":{"rendered":"https:\/\/unicasa.co\/?post_type=product&#038;p=5528"},"modified":"2024-01-25T18:44:24","modified_gmt":"2024-01-25T18:44:24","slug":"locion-desmaquillante-micelar-sivoderm","status":"publish","type":"product","link":"https:\/\/unicasa.co\/fr\/product\/locion-desmaquillante-micelar-sivoderm\/","title":{"rendered":"Loci\u00f3n desmaquillante micelar SIVODERM"},"content":{"rendered":"<div class=\"text-justify mb-4\">La loci\u00f3n desmaquillante micelar SIVODERM limpia suavemente la piel y elimina todos los restos de maquillaje.\u00a0Enriquecido con agentes purificantes e hidratantes, limpia la epidermis y reduce la secreci\u00f3n de sebo sin resecar la piel.\u00a0Tu piel est\u00e1 m\u00e1s sana y t\u00f3nica.<\/div>\n<h6 class=\"titre\">Beneficios del producto<\/h6>\n<div class=\"text-justify mb-4\">Limpia suavemente la piel.<br \/>\nLimpia la epidermis.<br \/>\nElimina todo rastro de maquillaje.<br \/>\nLimita la secreci\u00f3n de sebo.<\/div>\n<h6 class=\"titre\">C\u00f3mo utilizar<\/h6>\n<div class=\"text-justify mb-4\">Aplique la loci\u00f3n desmaquillante con un algod\u00f3n y limpie su rostro y cuello.<br \/>\nVuelva a aplicar hasta que el algod\u00f3n est\u00e9 limpio.<br \/>\nUsar ma\u00f1ana y noche.<br \/>\nEvite los ojos y la boca.<\/div>","protected":false},"excerpt":{"rendered":"<p>La loci\u00f3n desmaquillante micelar SIVODERM limpia suavemente la piel y elimina todos los restos de maquillaje.\u00a0Enriquecido con agentes purificantes e hidratantes, limpia la epidermis y reduce la secreci\u00f3n de sebo sin resecar la piel.\u00a0Tu piel est\u00e1 m\u00e1s sana y t\u00f3nica. Beneficios del producto Limpia suavemente la piel. Limpia la epidermis. Elimina todo rastro de maquillaje. [&hellip;]<\/p>","protected":false},"featured_media":5534,"comment_status":"open","ping_status":"closed","template":"","meta":{"site-sidebar-layout":"default","site-content-layout":"default","ast-site-content-layout":"default","site-content-style":"default","site-sidebar-style":"default","ast-global-header-display":"","ast-banner-title-visibility":"","ast-main-header-display":"","ast-hfb-above-header-display":"","ast-hfb-below-header-display":"","ast-hfb-mobile-header-display":"","site-post-title":"","ast-breadcrumbs-content":"","ast-featured-img":"","footer-sml-layout":"","ast-disable-related-posts":"","theme-transparent-header-meta":"default","adv-header-id-meta":"","stick-header-meta":"","header-above-stick-meta":"","header-main-stick-meta":"","header-below-stick-meta":"","astra-migrate-meta-layouts":"default","ast-page-background-enabled":"default","ast-page-background-meta":{"desktop":{"background-color":"","background-image":"","background-repeat":"repeat","background-position":"center center","background-size":"auto","background-attachment":"scroll","background-type":"","background-media":"","overlay-type":"","overlay-color":"","overlay-opacity":"","overlay-gradient":""},"tablet":{"background-color":"","background-image":"","background-repeat":"repeat","background-position":"center center","background-size":"auto","background-attachment":"scroll","background-type":"","background-media":"","overlay-type":"","overlay-color":"","overlay-opacity":"","overlay-gradient":""},"mobile":{"background-color":"","background-image":"","background-repeat":"repeat","background-position":"center center","background-size":"auto","background-attachment":"scroll","background-type":"","background-media":"","overlay-type":"","overlay-color":"","overlay-opacity":"","overlay-gradient":""}},"ast-content-background-meta":{"desktop":{"background-color":"var(--ast-global-color-5)","background-image":"","background-repeat":"repeat","background-position":"center center","background-size":"auto","background-attachment":"scroll","background-type":"","background-media":"","overlay-type":"","overlay-color":"","overlay-opacity":"","overlay-gradient":""},"tablet":{"background-color":"var(--ast-global-color-5)","background-image":"","background-repeat":"repeat","background-position":"center center","background-size":"auto","background-attachment":"scroll","background-type":"","background-media":"","overlay-type":"","overlay-color":"","overlay-opacity":"","overlay-gradient":""},"mobile":{"background-color":"var(--ast-global-color-5)","background-image":"","background-repeat":"repeat","background-position":"center center","background-size":"auto","background-attachment":"scroll","background-type":"","background-media":"","overlay-type":"","overlay-color":"","overlay-opacity":"","overlay-gradient":""}}},"product_cat":[40,58],"product_tag":[81],"class_list":{"0":"post-5528","1":"product","2":"type-product","3":"status-publish","4":"has-post-thumbnail","6":"product_cat-cosmetica","7":"product_cat-facial","8":"product_tag-sivoderm","9":"desktop-align-left","10":"tablet-align-left","11":"mobile-align-left","13":"first","14":"outofstock","15":"shipping-taxable","16":"product-type-simple"},"_links":{"self":[{"href":"https:\/\/unicasa.co\/fr\/wp-json\/wp\/v2\/product\/5528"}],"collection":[{"href":"https:\/\/unicasa.co\/fr\/wp-json\/wp\/v2\/product"}],"about":[{"href":"https:\/\/unicasa.co\/fr\/wp-json\/wp\/v2\/types\/product"}],"replies":[{"embeddable":true,"href":"https:\/\/unicasa.co\/fr\/wp-json\/wp\/v2\/comments?post=5528"}],"version-history":[{"count":3,"href":"https:\/\/unicasa.co\/fr\/wp-json\/wp\/v2\/product\/5528\/revisions"}],"predecessor-version":[{"id":5533,"href":"https:\/\/unicasa.co\/fr\/wp-json\/wp\/v2\/product\/5528\/revisions\/5533"}],"wp:featuredmedia":[{"embeddable":true,"href":"https:\/\/unicasa.co\/fr\/wp-json\/wp\/v2\/media\/5534"}],"wp:attachment":[{"href":"https:\/\/unicasa.co\/fr\/wp-json\/wp\/v2\/media?parent=5528"}],"wp:term":[{"taxonomy":"product_cat","embeddable":true,"href":"https:\/\/unicasa.co\/fr\/wp-json\/wp\/v2\/product_cat?post=5528"},{"taxonomy":"product_tag","embeddable":true,"href":"https:\/\/unicasa.co\/fr\/wp-json\/wp\/v2\/product_tag?post=5528"}],"curies":[{"name":"wp","href":"https:\/\/api.w.org\/{rel}","templated":true}]}}