{"id":5498,"date":"2023-08-12T21:53:53","date_gmt":"2023-08-12T20:53:53","guid":{"rendered":"https:\/\/unicasa.co\/?post_type=product&#038;p=5498"},"modified":"2023-09-05T11:37:24","modified_gmt":"2023-09-05T10:37:24","slug":"talco-mentolado-ideal-men","status":"publish","type":"product","link":"https:\/\/unicasa.co\/fr\/product\/talco-mentolado-ideal-men\/","title":{"rendered":"Talco mentolado IDEAL MEN"},"content":{"rendered":"<div class=\"text-justify mb-4\">El talco de menta IDEAL MEN combate la transpiraci\u00f3n y los malos olores.\u00a0Previene la irritaci\u00f3n despu\u00e9s del afeitado y calma la piel.<\/div>\n<h6 class=\"titre\">Beneficios del producto<\/h6>\n<div class=\"text-justify mb-4\">Combate la transpiraci\u00f3n y los malos olores.<br \/>\nPreviene la irritaci\u00f3n despu\u00e9s del afeitado.<br \/>\nCalma la piel.<\/div>\n<h6 class=\"titre\">Modo de empleo<\/h6>\n<div class=\"text-justify mb-4\">Despu\u00e9s del ba\u00f1o o la ducha, rociar generosamente la zona a tratar y masajear ligeramente.<\/div>","protected":false},"excerpt":{"rendered":"<p>El talco de menta IDEAL MEN combate la transpiraci\u00f3n y los malos olores.\u00a0Previene la irritaci\u00f3n despu\u00e9s del afeitado y calma la piel. Beneficios del producto Combate la transpiraci\u00f3n y los malos olores. Previene la irritaci\u00f3n despu\u00e9s del afeitado. Calma la piel. Modo de empleo Despu\u00e9s del ba\u00f1o o la ducha, rociar generosamente la zona a [&hellip;]<\/p>","protected":false},"featured_media":5499,"comment_status":"open","ping_status":"closed","template":"","meta":{"site-sidebar-layout":"default","site-content-layout":"default","ast-site-content-layout":"default","site-content-style":"default","site-sidebar-style":"default","ast-global-header-display":"","ast-banner-title-visibility":"","ast-main-header-display":"","ast-hfb-above-header-display":"","ast-hfb-below-header-display":"","ast-hfb-mobile-header-display":"","site-post-title":"","ast-breadcrumbs-content":"","ast-featured-img":"","footer-sml-layout":"","ast-disable-related-posts":"","theme-transparent-header-meta":"default","adv-header-id-meta":"","stick-header-meta":"","header-above-stick-meta":"","header-main-stick-meta":"","header-below-stick-meta":"","astra-migrate-meta-layouts":"default","ast-page-background-enabled":"default","ast-page-background-meta":{"desktop":{"background-color":"","background-image":"","background-repeat":"repeat","background-position":"center center","background-size":"auto","background-attachment":"scroll","background-type":"","background-media":"","overlay-type":"","overlay-color":"","overlay-opacity":"","overlay-gradient":""},"tablet":{"background-color":"","background-image":"","background-repeat":"repeat","background-position":"center center","background-size":"auto","background-attachment":"scroll","background-type":"","background-media":"","overlay-type":"","overlay-color":"","overlay-opacity":"","overlay-gradient":""},"mobile":{"background-color":"","background-image":"","background-repeat":"repeat","background-position":"center center","background-size":"auto","background-attachment":"scroll","background-type":"","background-media":"","overlay-type":"","overlay-color":"","overlay-opacity":"","overlay-gradient":""}},"ast-content-background-meta":{"desktop":{"background-color":"var(--ast-global-color-5)","background-image":"","background-repeat":"repeat","background-position":"center center","background-size":"auto","background-attachment":"scroll","background-type":"","background-media":"","overlay-type":"","overlay-color":"","overlay-opacity":"","overlay-gradient":""},"tablet":{"background-color":"var(--ast-global-color-5)","background-image":"","background-repeat":"repeat","background-position":"center center","background-size":"auto","background-attachment":"scroll","background-type":"","background-media":"","overlay-type":"","overlay-color":"","overlay-opacity":"","overlay-gradient":""},"mobile":{"background-color":"var(--ast-global-color-5)","background-image":"","background-repeat":"repeat","background-position":"center center","background-size":"auto","background-attachment":"scroll","background-type":"","background-media":"","overlay-type":"","overlay-color":"","overlay-opacity":"","overlay-gradient":""}}},"product_cat":[59],"product_tag":[78],"class_list":{"0":"post-5498","1":"product","2":"type-product","3":"status-publish","4":"has-post-thumbnail","6":"product_cat-personal","7":"product_tag-idealmen","8":"desktop-align-left","9":"tablet-align-left","10":"mobile-align-left","12":"first","13":"instock","14":"shipping-taxable","15":"purchasable","16":"product-type-simple"},"_links":{"self":[{"href":"https:\/\/unicasa.co\/fr\/wp-json\/wp\/v2\/product\/5498"}],"collection":[{"href":"https:\/\/unicasa.co\/fr\/wp-json\/wp\/v2\/product"}],"about":[{"href":"https:\/\/unicasa.co\/fr\/wp-json\/wp\/v2\/types\/product"}],"replies":[{"embeddable":true,"href":"https:\/\/unicasa.co\/fr\/wp-json\/wp\/v2\/comments?post=5498"}],"version-history":[{"count":2,"href":"https:\/\/unicasa.co\/fr\/wp-json\/wp\/v2\/product\/5498\/revisions"}],"predecessor-version":[{"id":5604,"href":"https:\/\/unicasa.co\/fr\/wp-json\/wp\/v2\/product\/5498\/revisions\/5604"}],"wp:featuredmedia":[{"embeddable":true,"href":"https:\/\/unicasa.co\/fr\/wp-json\/wp\/v2\/media\/5499"}],"wp:attachment":[{"href":"https:\/\/unicasa.co\/fr\/wp-json\/wp\/v2\/media?parent=5498"}],"wp:term":[{"taxonomy":"product_cat","embeddable":true,"href":"https:\/\/unicasa.co\/fr\/wp-json\/wp\/v2\/product_cat?post=5498"},{"taxonomy":"product_tag","embeddable":true,"href":"https:\/\/unicasa.co\/fr\/wp-json\/wp\/v2\/product_tag?post=5498"}],"curies":[{"name":"wp","href":"https:\/\/api.w.org\/{rel}","templated":true}]}}