{"id":5492,"date":"2023-08-12T21:42:04","date_gmt":"2023-08-12T20:42:04","guid":{"rendered":"https:\/\/unicasa.co\/?post_type=product&#038;p=5492"},"modified":"2023-09-20T09:00:22","modified_gmt":"2023-09-20T08:00:22","slug":"perfume-para-damas-face-to-face","status":"publish","type":"product","link":"https:\/\/unicasa.co\/fr\/product\/perfume-para-damas-face-to-face\/","title":{"rendered":"PERFUME PARA DAMAS FACE TO FACE"},"content":{"rendered":"<div class=\"text-justify mb-4\">Una fragancia original que juega con un acorde muy contrastante de frescura cl\u00e1sica y dulzura gourmet.<br \/>\nUn comienzo vibrante con acordes de bergamota, grosella negra y melocot\u00f3n.<br \/>\nEl coraz\u00f3n compuesto por azahar, lirio de los valles, jazm\u00edn.<br \/>\nLa base muy presente es un rico acorde de Elemi, vainilla, madera de \u00e1mbar.<\/div>\n<h6 class=\"titre\">Modo de empleo<\/h6>\n<div class=\"text-justify mb-4\">Pulveriza el perfume a unos cent\u00edmetros de tu piel, favoreciendo el cuello, la cara interna de las mu\u00f1ecas.\u00a0No roc\u00ede en la direcci\u00f3n de los ojos o las membranas mucosas.<\/div>\n<h6 class=\"titre\">Pir\u00e1mide olfativa<\/h6>\n<div class=\"text-justify mb-3\">Amaderado especiado<\/div>\n<div class=\"text-justify mb-1\">Nota de salida: bergamota, grosella negra, melocot\u00f3n<\/div>\n<div class=\"text-justify mb-1\">Nota de Coraz\u00f3n: Azahar, Lirio de los Valles, Jazm\u00edn<\/div>\n<div class=\"text-justify mb-1\">Nota base: elem\u00ed, vainilla, madera de \u00e1mbar<\/div>","protected":false},"excerpt":{"rendered":"<p>Una fragancia original que juega con un acorde muy contrastante de frescura cl\u00e1sica y dulzura gourmet. Un comienzo vibrante con acordes de bergamota, grosella negra y melocot\u00f3n. El coraz\u00f3n compuesto por azahar, lirio de los valles, jazm\u00edn. La base muy presente es un rico acorde de Elemi, vainilla, madera de \u00e1mbar. Modo de empleo Pulveriza [&hellip;]<\/p>","protected":false},"featured_media":5493,"comment_status":"open","ping_status":"closed","template":"","meta":{"site-sidebar-layout":"default","site-content-layout":"default","ast-site-content-layout":"default","site-content-style":"default","site-sidebar-style":"default","ast-global-header-display":"","ast-banner-title-visibility":"","ast-main-header-display":"","ast-hfb-above-header-display":"","ast-hfb-below-header-display":"","ast-hfb-mobile-header-display":"","site-post-title":"","ast-breadcrumbs-content":"","ast-featured-img":"","footer-sml-layout":"","ast-disable-related-posts":"","theme-transparent-header-meta":"default","adv-header-id-meta":"","stick-header-meta":"","header-above-stick-meta":"","header-main-stick-meta":"","header-below-stick-meta":"","astra-migrate-meta-layouts":"default","ast-page-background-enabled":"default","ast-page-background-meta":{"desktop":{"background-color":"","background-image":"","background-repeat":"repeat","background-position":"center center","background-size":"auto","background-attachment":"scroll","background-type":"","background-media":"","overlay-type":"","overlay-color":"","overlay-opacity":"","overlay-gradient":""},"tablet":{"background-color":"","background-image":"","background-repeat":"repeat","background-position":"center center","background-size":"auto","background-attachment":"scroll","background-type":"","background-media":"","overlay-type":"","overlay-color":"","overlay-opacity":"","overlay-gradient":""},"mobile":{"background-color":"","background-image":"","background-repeat":"repeat","background-position":"center center","background-size":"auto","background-attachment":"scroll","background-type":"","background-media":"","overlay-type":"","overlay-color":"","overlay-opacity":"","overlay-gradient":""}},"ast-content-background-meta":{"desktop":{"background-color":"var(--ast-global-color-5)","background-image":"","background-repeat":"repeat","background-position":"center center","background-size":"auto","background-attachment":"scroll","background-type":"","background-media":"","overlay-type":"","overlay-color":"","overlay-opacity":"","overlay-gradient":""},"tablet":{"background-color":"var(--ast-global-color-5)","background-image":"","background-repeat":"repeat","background-position":"center center","background-size":"auto","background-attachment":"scroll","background-type":"","background-media":"","overlay-type":"","overlay-color":"","overlay-opacity":"","overlay-gradient":""},"mobile":{"background-color":"var(--ast-global-color-5)","background-image":"","background-repeat":"repeat","background-position":"center center","background-size":"auto","background-attachment":"scroll","background-type":"","background-media":"","overlay-type":"","overlay-color":"","overlay-opacity":"","overlay-gradient":""}}},"product_cat":[61],"product_tag":[76],"class_list":{"0":"post-5492","1":"product","2":"type-product","3":"status-publish","4":"has-post-thumbnail","6":"product_cat-perfumeria","7":"product_tag-facetoface","8":"desktop-align-left","9":"tablet-align-left","10":"mobile-align-left","12":"first","13":"instock","14":"shipping-taxable","15":"purchasable","16":"product-type-simple"},"_links":{"self":[{"href":"https:\/\/unicasa.co\/fr\/wp-json\/wp\/v2\/product\/5492"}],"collection":[{"href":"https:\/\/unicasa.co\/fr\/wp-json\/wp\/v2\/product"}],"about":[{"href":"https:\/\/unicasa.co\/fr\/wp-json\/wp\/v2\/types\/product"}],"replies":[{"embeddable":true,"href":"https:\/\/unicasa.co\/fr\/wp-json\/wp\/v2\/comments?post=5492"}],"version-history":[{"count":2,"href":"https:\/\/unicasa.co\/fr\/wp-json\/wp\/v2\/product\/5492\/revisions"}],"predecessor-version":[{"id":5950,"href":"https:\/\/unicasa.co\/fr\/wp-json\/wp\/v2\/product\/5492\/revisions\/5950"}],"wp:featuredmedia":[{"embeddable":true,"href":"https:\/\/unicasa.co\/fr\/wp-json\/wp\/v2\/media\/5493"}],"wp:attachment":[{"href":"https:\/\/unicasa.co\/fr\/wp-json\/wp\/v2\/media?parent=5492"}],"wp:term":[{"taxonomy":"product_cat","embeddable":true,"href":"https:\/\/unicasa.co\/fr\/wp-json\/wp\/v2\/product_cat?post=5492"},{"taxonomy":"product_tag","embeddable":true,"href":"https:\/\/unicasa.co\/fr\/wp-json\/wp\/v2\/product_tag?post=5492"}],"curies":[{"name":"wp","href":"https:\/\/api.w.org\/{rel}","templated":true}]}}