{"id":5489,"date":"2023-08-12T21:39:22","date_gmt":"2023-08-12T20:39:22","guid":{"rendered":"https:\/\/unicasa.co\/?post_type=product&#038;p=5489"},"modified":"2023-09-05T10:46:47","modified_gmt":"2023-09-05T09:46:47","slug":"perfume-para-caballeros-face-to-face","status":"publish","type":"product","link":"https:\/\/unicasa.co\/fr\/product\/perfume-para-caballeros-face-to-face\/","title":{"rendered":"PERFUME PARA CABALLEROS FACE TO FACE"},"content":{"rendered":"<div class=\"text-justify mb-4\">Una fragancia original que juega con un acorde muy contrastante de frescura cl\u00e1sica y dulzura gourmet.<br \/>\nUn comienzo vibrante con acordes especiados y chispeantes de bergamota, lim\u00f3n, pomelo, pimienta negra, elemi, lavanda, romero.<br \/>\nEl coraz\u00f3n arom\u00e1tico compuesto por Tomillo Geranio Jazm\u00edn Balsam Fir Leather.<br \/>\nLa base muy presente es un rico acorde de madera de cedro, s\u00e1ndalo, pachul\u00ed, heno, \u00e1mbar, musgo, almizcle.<\/div>\n<h6 class=\"titre\">Modo de empleo<\/h6>\n<div class=\"text-justify mb-4\">Pulveriza el perfume a unos cent\u00edmetros de tu piel, favoreciendo el cuello, la cara interna de las mu\u00f1ecas.\u00a0No roc\u00ede en la direcci\u00f3n de los ojos o las membranas mucosas.<\/div>\n<h6 class=\"titre\">Pir\u00e1mide olfativa<\/h6>\n<div class=\"text-justify mb-3\">HELECHO AROM\u00c1TICO C\u00cdTRICO<\/div>\n<div class=\"text-justify mb-1\">Nota superior: bergamota lim\u00f3n pomelo pimienta negra elem\u00ed lavanda romero<\/div>\n<div class=\"text-justify mb-1\">Nota de coraz\u00f3n: tomillo, geranio, jazm\u00edn, b\u00e1lsamo, cuero de abeto.<\/div>\n<div class=\"text-justify mb-1\">Nota de fondo: madera de cedro, s\u00e1ndalo, pachul\u00ed, heno, \u00e1mbar, musgo, almizcle.<\/div>","protected":false},"excerpt":{"rendered":"<p>Una fragancia original que juega con un acorde muy contrastante de frescura cl\u00e1sica y dulzura gourmet. Un comienzo vibrante con acordes especiados y chispeantes de bergamota, lim\u00f3n, pomelo, pimienta negra, elemi, lavanda, romero. El coraz\u00f3n arom\u00e1tico compuesto por Tomillo Geranio Jazm\u00edn Balsam Fir Leather. La base muy presente es un rico acorde de madera de [&hellip;]<\/p>","protected":false},"featured_media":5490,"comment_status":"open","ping_status":"closed","template":"","meta":{"site-sidebar-layout":"default","site-content-layout":"default","ast-site-content-layout":"default","site-content-style":"default","site-sidebar-style":"default","ast-global-header-display":"","ast-banner-title-visibility":"","ast-main-header-display":"","ast-hfb-above-header-display":"","ast-hfb-below-header-display":"","ast-hfb-mobile-header-display":"","site-post-title":"","ast-breadcrumbs-content":"","ast-featured-img":"","footer-sml-layout":"","ast-disable-related-posts":"","theme-transparent-header-meta":"default","adv-header-id-meta":"","stick-header-meta":"","header-above-stick-meta":"","header-main-stick-meta":"","header-below-stick-meta":"","astra-migrate-meta-layouts":"default","ast-page-background-enabled":"default","ast-page-background-meta":{"desktop":{"background-color":"","background-image":"","background-repeat":"repeat","background-position":"center center","background-size":"auto","background-attachment":"scroll","background-type":"","background-media":"","overlay-type":"","overlay-color":"","overlay-opacity":"","overlay-gradient":""},"tablet":{"background-color":"","background-image":"","background-repeat":"repeat","background-position":"center center","background-size":"auto","background-attachment":"scroll","background-type":"","background-media":"","overlay-type":"","overlay-color":"","overlay-opacity":"","overlay-gradient":""},"mobile":{"background-color":"","background-image":"","background-repeat":"repeat","background-position":"center center","background-size":"auto","background-attachment":"scroll","background-type":"","background-media":"","overlay-type":"","overlay-color":"","overlay-opacity":"","overlay-gradient":""}},"ast-content-background-meta":{"desktop":{"background-color":"var(--ast-global-color-5)","background-image":"","background-repeat":"repeat","background-position":"center center","background-size":"auto","background-attachment":"scroll","background-type":"","background-media":"","overlay-type":"","overlay-color":"","overlay-opacity":"","overlay-gradient":""},"tablet":{"background-color":"var(--ast-global-color-5)","background-image":"","background-repeat":"repeat","background-position":"center center","background-size":"auto","background-attachment":"scroll","background-type":"","background-media":"","overlay-type":"","overlay-color":"","overlay-opacity":"","overlay-gradient":""},"mobile":{"background-color":"var(--ast-global-color-5)","background-image":"","background-repeat":"repeat","background-position":"center center","background-size":"auto","background-attachment":"scroll","background-type":"","background-media":"","overlay-type":"","overlay-color":"","overlay-opacity":"","overlay-gradient":""}}},"product_cat":[61],"product_tag":[76],"class_list":{"0":"post-5489","1":"product","2":"type-product","3":"status-publish","4":"has-post-thumbnail","6":"product_cat-perfumeria","7":"product_tag-facetoface","8":"desktop-align-left","9":"tablet-align-left","10":"mobile-align-left","12":"first","13":"instock","14":"shipping-taxable","15":"purchasable","16":"product-type-simple"},"_links":{"self":[{"href":"https:\/\/unicasa.co\/fr\/wp-json\/wp\/v2\/product\/5489"}],"collection":[{"href":"https:\/\/unicasa.co\/fr\/wp-json\/wp\/v2\/product"}],"about":[{"href":"https:\/\/unicasa.co\/fr\/wp-json\/wp\/v2\/types\/product"}],"replies":[{"embeddable":true,"href":"https:\/\/unicasa.co\/fr\/wp-json\/wp\/v2\/comments?post=5489"}],"version-history":[{"count":3,"href":"https:\/\/unicasa.co\/fr\/wp-json\/wp\/v2\/product\/5489\/revisions"}],"predecessor-version":[{"id":5949,"href":"https:\/\/unicasa.co\/fr\/wp-json\/wp\/v2\/product\/5489\/revisions\/5949"}],"wp:featuredmedia":[{"embeddable":true,"href":"https:\/\/unicasa.co\/fr\/wp-json\/wp\/v2\/media\/5490"}],"wp:attachment":[{"href":"https:\/\/unicasa.co\/fr\/wp-json\/wp\/v2\/media?parent=5489"}],"wp:term":[{"taxonomy":"product_cat","embeddable":true,"href":"https:\/\/unicasa.co\/fr\/wp-json\/wp\/v2\/product_cat?post=5489"},{"taxonomy":"product_tag","embeddable":true,"href":"https:\/\/unicasa.co\/fr\/wp-json\/wp\/v2\/product_tag?post=5489"}],"curies":[{"name":"wp","href":"https:\/\/api.w.org\/{rel}","templated":true}]}}