{"id":5486,"date":"2023-08-12T21:30:24","date_gmt":"2023-08-12T20:30:24","guid":{"rendered":"https:\/\/unicasa.co\/?post_type=product&#038;p=5486"},"modified":"2023-09-05T11:54:35","modified_gmt":"2023-09-05T10:54:35","slug":"perfume-para-damas-deesse-triomphe","status":"publish","type":"product","link":"https:\/\/unicasa.co\/fr\/product\/perfume-para-damas-deesse-triomphe\/","title":{"rendered":"PERFUME PARA DAMAS D\u00c9ESSE TRIOMPHE"},"content":{"rendered":"<p>D\u00c9ESSE una fragancia con una estela atemporal y un perfecto equilibrio compuesta por materias nobles. El comienzo fresco y chispeante gracias a las notas de Pomelo, Ozono, Orris-aldeh\u00eddo, Avellana.\u00a0Un coraz\u00f3n intenso de Jazm\u00edn, Azahar, Iris.<br \/>\nTodo termina con notas de pachul\u00ed, vainilla, haba tonka, pralin\u00e9, pachul\u00ed, madera de cedro, almizcle.<\/p>","protected":false},"excerpt":{"rendered":"<p>D\u00c9ESSE una fragancia con una estela atemporal y un perfecto equilibrio compuesta por materias nobles. El comienzo fresco y chispeante gracias a las notas de Pomelo, Ozono, Orris-aldeh\u00eddo, Avellana.\u00a0Un coraz\u00f3n intenso de Jazm\u00edn, Azahar, Iris. Todo termina con notas de pachul\u00ed, vainilla, haba tonka, pralin\u00e9, pachul\u00ed, madera de cedro, almizcle.<\/p>","protected":false},"featured_media":5487,"comment_status":"open","ping_status":"closed","template":"","meta":{"site-sidebar-layout":"default","site-content-layout":"default","ast-site-content-layout":"default","site-content-style":"default","site-sidebar-style":"default","ast-global-header-display":"","ast-banner-title-visibility":"","ast-main-header-display":"","ast-hfb-above-header-display":"","ast-hfb-below-header-display":"","ast-hfb-mobile-header-display":"","site-post-title":"","ast-breadcrumbs-content":"","ast-featured-img":"","footer-sml-layout":"","ast-disable-related-posts":"","theme-transparent-header-meta":"default","adv-header-id-meta":"","stick-header-meta":"","header-above-stick-meta":"","header-main-stick-meta":"","header-below-stick-meta":"","astra-migrate-meta-layouts":"default","ast-page-background-enabled":"default","ast-page-background-meta":{"desktop":{"background-color":"","background-image":"","background-repeat":"repeat","background-position":"center center","background-size":"auto","background-attachment":"scroll","background-type":"","background-media":"","overlay-type":"","overlay-color":"","overlay-opacity":"","overlay-gradient":""},"tablet":{"background-color":"","background-image":"","background-repeat":"repeat","background-position":"center center","background-size":"auto","background-attachment":"scroll","background-type":"","background-media":"","overlay-type":"","overlay-color":"","overlay-opacity":"","overlay-gradient":""},"mobile":{"background-color":"","background-image":"","background-repeat":"repeat","background-position":"center center","background-size":"auto","background-attachment":"scroll","background-type":"","background-media":"","overlay-type":"","overlay-color":"","overlay-opacity":"","overlay-gradient":""}},"ast-content-background-meta":{"desktop":{"background-color":"var(--ast-global-color-5)","background-image":"","background-repeat":"repeat","background-position":"center center","background-size":"auto","background-attachment":"scroll","background-type":"","background-media":"","overlay-type":"","overlay-color":"","overlay-opacity":"","overlay-gradient":""},"tablet":{"background-color":"var(--ast-global-color-5)","background-image":"","background-repeat":"repeat","background-position":"center center","background-size":"auto","background-attachment":"scroll","background-type":"","background-media":"","overlay-type":"","overlay-color":"","overlay-opacity":"","overlay-gradient":""},"mobile":{"background-color":"var(--ast-global-color-5)","background-image":"","background-repeat":"repeat","background-position":"center center","background-size":"auto","background-attachment":"scroll","background-type":"","background-media":"","overlay-type":"","overlay-color":"","overlay-opacity":"","overlay-gradient":""}}},"product_cat":[61],"product_tag":[75],"class_list":{"0":"post-5486","1":"product","2":"type-product","3":"status-publish","4":"has-post-thumbnail","6":"product_cat-perfumeria","7":"product_tag-deesse","8":"desktop-align-left","9":"tablet-align-left","10":"mobile-align-left","12":"first","13":"instock","14":"shipping-taxable","15":"purchasable","16":"product-type-simple"},"_links":{"self":[{"href":"https:\/\/unicasa.co\/fr\/wp-json\/wp\/v2\/product\/5486"}],"collection":[{"href":"https:\/\/unicasa.co\/fr\/wp-json\/wp\/v2\/product"}],"about":[{"href":"https:\/\/unicasa.co\/fr\/wp-json\/wp\/v2\/types\/product"}],"replies":[{"embeddable":true,"href":"https:\/\/unicasa.co\/fr\/wp-json\/wp\/v2\/comments?post=5486"}],"version-history":[{"count":2,"href":"https:\/\/unicasa.co\/fr\/wp-json\/wp\/v2\/product\/5486\/revisions"}],"predecessor-version":[{"id":5526,"href":"https:\/\/unicasa.co\/fr\/wp-json\/wp\/v2\/product\/5486\/revisions\/5526"}],"wp:featuredmedia":[{"embeddable":true,"href":"https:\/\/unicasa.co\/fr\/wp-json\/wp\/v2\/media\/5487"}],"wp:attachment":[{"href":"https:\/\/unicasa.co\/fr\/wp-json\/wp\/v2\/media?parent=5486"}],"wp:term":[{"taxonomy":"product_cat","embeddable":true,"href":"https:\/\/unicasa.co\/fr\/wp-json\/wp\/v2\/product_cat?post=5486"},{"taxonomy":"product_tag","embeddable":true,"href":"https:\/\/unicasa.co\/fr\/wp-json\/wp\/v2\/product_tag?post=5486"}],"curies":[{"name":"wp","href":"https:\/\/api.w.org\/{rel}","templated":true}]}}